{"id":32252,"date":"2019-10-16T12:28:13","date_gmt":"2019-10-16T12:28:13","guid":{"rendered":"https:\/\/www.camperstime.com\/contact"},"modified":"2020-03-10T07:19:49","modified_gmt":"2020-03-10T07:19:49","slug":"contact","status":"publish","type":"page","link":"https:\/\/www.camperstime.com\/pt-pt\/contact","title":{"rendered":"Seu contato conosco"},"content":{"rendered":"<div class=\"wpb-content-wrapper\"><p>[vc_row][vc_column][vc_custom_heading text=&#8221;Seu contato conosco&#8221; font_container=&#8221;tag:h1|font_size:32|text_align:left&#8221; google_fonts=&#8221;font_family:Fira%20Sans%3A300%2C300italic%2C400%2C400italic%2C500%2C500italic%2C700%2C700italic|font_style:700%20bold%20regular%3A700%3Anormal&#8221;][vc_empty_space][\/vc_column][\/vc_row][vc_row][vc_column width=&#8221;2\/5&#8243;][vc_column_text]<\/p>\n<h2>Detalhes de contato<\/h2>\n<p>[\/vc_column_text][vc_separator color=&#8221;custom&#8221; align=&#8221;align_left&#8221; border_width=&#8221;2&#8243; el_width=&#8221;10&#8243; accent_color=&#8221;#f4524d&#8221; css=&#8221;.vc_custom_1583824767472{margin-top: -25px !important;}&#8221;][vc_empty_space height=&#8221;26px&#8221;][vc_column_text]Use o formul\u00e1rio de contato para todas as perguntas. N\u00f3s atenderemos sua solicita\u00e7\u00e3o o mais r\u00e1pido poss\u00edvel e responderemos a voc\u00ea.[\/vc_column_text]<div class=\"uavc-list-icon uavc-list-icon-wrapper ult-adjust-bottom-margin   vc_custom_1571286522019 ultimate_icon_list  vc_custom_1571286522019 ultimate_icon_list\"><ul class=\"uavc-list\"><li><div class=\"uavc-list-content\" id=\"list-icon-wrap-7739\">\n<div class=\"uavc-list-icon  \" data-animation=\"\" data-animation-delay=\"03\" style=\"margin-right:22px;\"><div class=\"ult-just-icon-wrapper   just_icon\"><div class=\"align-icon\" style=\"text-align:center;\">\n<div class=\"aio-icon-img \" style=\"font-size:33px;display:inline-block;\" >\n\t<img decoding=\"async\" class=\"img-icon\" alt=\"null\" src=\"https:\/\/www.camperstime.com\/wp-content\/uploads\/2019\/10\/ko1.png\"\/>\n<\/div><\/div><\/div>\n<\/div><span  data-ultimate-target='#list-icon-wrap-7739 .uavc-list-desc'  data-responsive-json-new='{\"font-size\":\"desktop:14px;\",\"line-height\":\"desktop:35px;\"}'  class=\"uavc-list-desc ult-responsive\" style=\"color:#5d6475;\">+49 176 377 090 70<\/span><\/div><\/li><li><div class=\"uavc-list-content\" id=\"list-icon-wrap-6083\">\n<div class=\"uavc-list-icon  \" data-animation=\"\" data-animation-delay=\"03\" style=\"margin-right:22px;\"><div class=\"ult-just-icon-wrapper   just_icon\"><div class=\"align-icon\" style=\"text-align:center;\">\n<div class=\"aio-icon-img \" style=\"font-size:33px;display:inline-block;\" >\n\t<img decoding=\"async\" class=\"img-icon\" alt=\"null\" src=\"https:\/\/www.camperstime.com\/wp-content\/uploads\/2019\/10\/ko6.png\"\/>\n<\/div><\/div><\/div>\n<\/div><span  data-ultimate-target='#list-icon-wrap-6083 .uavc-list-desc'  data-responsive-json-new='{\"font-size\":\"desktop:14px;\",\"line-height\":\"desktop:35px;\"}'  class=\"uavc-list-desc ult-responsive\" style=\"color:#5d6475;\">info @ camperstime.com<\/span><\/div><\/li><li><div class=\"uavc-list-content\" id=\"list-icon-wrap-7580\">\n<div class=\"uavc-list-icon  \" data-animation=\"\" data-animation-delay=\"03\" style=\"margin-right:22px;\"><div class=\"ult-just-icon-wrapper   just_icon\"><div class=\"align-icon\" style=\"text-align:center;\">\n<div class=\"aio-icon-img \" style=\"font-size:33px;display:inline-block;\" >\n\t<img decoding=\"async\" class=\"img-icon\" alt=\"null\" src=\"https:\/\/www.camperstime.com\/wp-content\/uploads\/2019\/10\/ko4.png\"\/>\n<\/div><\/div><\/div>\n<\/div><span  data-ultimate-target='#list-icon-wrap-7580 .uavc-list-desc'  data-responsive-json-new='{\"font-size\":\"desktop:14px;\",\"line-height\":\"desktop:35px;\"}'  class=\"uavc-list-desc ult-responsive\" style=\"color:#5d6475;\">www.camperstime.com<\/span><\/div><\/li><li><div class=\"uavc-list-content\" id=\"list-icon-wrap-3087\">\n<div class=\"uavc-list-icon  \" data-animation=\"\" data-animation-delay=\"03\" style=\"margin-right:22px;\"><div class=\"ult-just-icon-wrapper   just_icon\"><div class=\"align-icon\" style=\"text-align:center;\">\n<div class=\"aio-icon-img \" style=\"font-size:33px;display:inline-block;\" >\n\t<img decoding=\"async\" class=\"img-icon\" alt=\"null\" src=\"https:\/\/www.camperstime.com\/wp-content\/uploads\/2019\/10\/ko13.png\"\/>\n<\/div><\/div><\/div>\n<\/div><span  data-ultimate-target='#list-icon-wrap-3087 .uavc-list-desc'  data-responsive-json-new='{\"font-size\":\"desktop:14px;\",\"line-height\":\"desktop:35px;\"}'  class=\"uavc-list-desc ult-responsive\" style=\"color:#5d6475;\">Rosa-Hoffmann-Stra\u00dfe 33 \u2022 A-5020 Salzburg<\/span><\/div><\/li><li><div class=\"uavc-list-content\" id=\"list-icon-wrap-9032\">\n<div class=\"uavc-list-icon  \" data-animation=\"\" data-animation-delay=\"03\" style=\"margin-right:22px;\"><div class=\"ult-just-icon-wrapper   just_icon\"><div class=\"align-icon\" style=\"text-align:center;\">\n<div class=\"aio-icon-img \" style=\"font-size:33px;display:inline-block;\" >\n\t<img decoding=\"async\" class=\"img-icon\" alt=\"null\" src=\"https:\/\/www.camperstime.com\/wp-content\/uploads\/2019\/10\/ko11.png\"\/>\n<\/div><\/div><\/div>\n<\/div><span  data-ultimate-target='#list-icon-wrap-9032 .uavc-list-desc'  data-responsive-json-new='{\"font-size\":\"desktop:14px;\",\"line-height\":\"desktop:35px;\"}'  class=\"uavc-list-desc ult-responsive\" style=\"color:#5d6475;\">Segunda &#8211; Sexta 9:00 &#8211; 17:00<\/span><\/div><\/li><\/ul><\/div>[\/vc_column][vc_column width=&#8221;3\/5&#8243;][vc_column_text]<\/p>\n<h2>Formul\u00e1rio de contato<\/h2>\n<p>[\/vc_column_text][vc_separator color=&#8221;custom&#8221; align=&#8221;align_left&#8221; border_width=&#8221;2&#8243; el_width=&#8221;10&#8243; accent_color=&#8221;#f4524d&#8221; css=&#8221;.vc_custom_1583824781676{margin-top: -25px !important;}&#8221;]<div class=\"wpforms-container wpforms-container-full\" id=\"wpforms-32478\"><form id=\"wpforms-form-32478\" class=\"wpforms-validate wpforms-form\" data-formid=\"32478\" method=\"post\" enctype=\"multipart\/form-data\" action=\"\/pt-pt\/wp-json\/wp\/v2\/pages\/32252\" data-token=\"650bc8e9c0aefa97055354aead638b08\" data-token-time=\"1778300383\"><noscript class=\"wpforms-error-noscript\">Please enable JavaScript in your browser to complete this form.<\/noscript><div class=\"wpforms-field-container\"><div id=\"wpforms-32478-field_0-container\" class=\"wpforms-field wpforms-field-name\" data-field-id=\"0\"><label class=\"wpforms-field-label\">Nome <span class=\"wpforms-required-label\">*<\/span><\/label><div class=\"wpforms-field-row wpforms-field-medium\"><div class=\"wpforms-field-row-block wpforms-first wpforms-one-half\"><input type=\"text\" id=\"wpforms-32478-field_0\" class=\"wpforms-field-name-first wpforms-field-required\" name=\"wpforms[fields][0][first]\" required><label for=\"wpforms-32478-field_0\" class=\"wpforms-field-sublabel after\">Primeiro nome<\/label><\/div><div class=\"wpforms-field-row-block wpforms-one-half\"><input type=\"text\" id=\"wpforms-32478-field_0-last\" class=\"wpforms-field-name-last wpforms-field-required\" name=\"wpforms[fields][0][last]\" required><label for=\"wpforms-32478-field_0-last\" class=\"wpforms-field-sublabel after\">Sobrenome<\/label><\/div><\/div><\/div><div id=\"wpforms-32478-field_1-container\" class=\"wpforms-field wpforms-field-email\" data-field-id=\"1\"><label class=\"wpforms-field-label\" for=\"wpforms-32478-field_1\">E-Mail <span class=\"wpforms-required-label\">*<\/span><\/label><input type=\"email\" id=\"wpforms-32478-field_1\" class=\"wpforms-field-medium wpforms-field-required\" name=\"wpforms[fields][1]\" spellcheck=\"false\" required><\/div><div id=\"wpforms-32478-field_2-container\" class=\"wpforms-field wpforms-field-textarea\" data-field-id=\"2\"><label class=\"wpforms-field-label\" for=\"wpforms-32478-field_2\">Coment\u00e1rio ou mensagem <span class=\"wpforms-required-label\">*<\/span><\/label><textarea id=\"wpforms-32478-field_2\" class=\"wpforms-field-medium wpforms-field-required\" name=\"wpforms[fields][2]\" required><\/textarea><\/div><div id=\"wpforms-32478-field_3-container\" class=\"wpforms-field wpforms-field-radio\" data-field-id=\"3\"><label class=\"wpforms-field-label\">Pol\u00edtica de Privacidade  <span class=\"wpforms-required-label\">*<\/span><\/label><ul id=\"wpforms-32478-field_3\" class=\"wpforms-field-required\"><li class=\"choice-1 depth-1\"><input type=\"radio\" id=\"wpforms-32478-field_3_1\" name=\"wpforms[fields][3]\" value=\"Confirmo a pol\u00edtica de privacidade\" required ><label class=\"wpforms-field-label-inline\" for=\"wpforms-32478-field_3_1\">Confirmo a pol\u00edtica de privacidade<\/label><\/li><\/ul><\/div><\/div><!-- .wpforms-field-container --><div class=\"wpforms-recaptcha-container wpforms-is-recaptcha wpforms-is-recaptcha-type-v2\" ><div class=\"g-recaptcha\" data-sitekey=\"6Lfb2r0UAAAAAFphTuBL0MQT0vGPJkVzEIOm_IVI\"><\/div><input type=\"text\" name=\"g-recaptcha-hidden\" class=\"wpforms-recaptcha-hidden\" style=\"position:absolute!important;clip:rect(0,0,0,0)!important;height:1px!important;width:1px!important;border:0!important;overflow:hidden!important;padding:0!important;margin:0!important;\" data-rule-recaptcha=\"1\"><\/div><div class=\"wpforms-submit-container\" ><input type=\"hidden\" name=\"wpforms[id]\" value=\"32478\"><input type=\"hidden\" name=\"page_title\" value=\"\"><input type=\"hidden\" name=\"page_url\" value=\"https:\/\/www.camperstime.com\/pt-pt\/wp-json\/wp\/v2\/pages\/32252\"><button type=\"submit\" name=\"wpforms[submit]\" id=\"wpforms-submit-32478\" class=\"wpforms-submit\" data-alt-text=\"Enviar ..\" data-submit-text=\"Enviar\" aria-live=\"assertive\" value=\"wpforms-submit\">Enviar<\/button><\/div><label class=\"apbct_special_field\" id=\"apbct_label_id23837\" for=\"apbct__email_id__wp_wpforms_23837\">23837<\/label><input\n            id=\"apbct__email_id__wp_wpforms_23837\"\n            class=\"apbct_special_field apbct__email_id__wp_wpforms\"\n            name=\"apbct__email_id__wp_wpforms_23837\"\n            type=\"text\" size=\"30\" maxlength=\"200\" autocomplete=\"off\"\n            value=\"23837\" apbct_event_id=\"23837\"\n            \/><input id=\"apbct_event_id_wp_wpforms_23837\"\n                class=\"apbct_special_field\" name=\"apbct_event_id\" type=\"hidden\" value=\"23837\" \/><\/form><\/div>  <!-- .wpforms-container -->[vc_empty_space height=&#8221;24px&#8221;][vc_column_text]<\/p>\n<p style=\"font-size: 12px; line-height: 14px;\">Informa\u00e7\u00f5es obrigat\u00f3rias de acordo com o Artigo 13 do GDPR No caso do primeiro contato, somos obrigados, nos termos dos artigos 12 e 13 do GDPR, a fornecer as seguintes informa\u00e7\u00f5es obrigat\u00f3rias de prote\u00e7\u00e3o de dados: Se voc\u00ea entrar em contato por e-mail, processaremos seus dados pessoais apenas na medida em que o processamento existe interesse leg\u00edtimo (Artigo 6 (1) (f) GDPR), voc\u00ea consentiu com o tratamento de dados (Artigo 6 (1) (a) GDPR), o processamento para o in\u00edcio, justificativa, conte\u00fado ou modifica\u00e7\u00e3o de uma rela\u00e7\u00e3o jur\u00eddica entre Voc\u00ea e n\u00f3s somos obrigados (Artigo 6 (1) (b) GDPR) ou qualquer outra norma legal que permita o processamento. Seus dados pessoais permanecem conosco at\u00e9 que voc\u00ea nos solicite a exclus\u00e3o, revogue seu consentimento para o armazenamento ou a finalidade do armazenamento de dados seja omitida (por exemplo, ap\u00f3s a conclus\u00e3o de sua preocupa\u00e7\u00e3o). As disposi\u00e7\u00f5es legais obrigat\u00f3rias &#8211; em particular os per\u00edodos de reten\u00e7\u00e3o fiscal e comercial &#8211; permanecem inalteradas. Voc\u00ea tem o direito de, a qualquer momento, receber informa\u00e7\u00f5es sobre a origem, o destinat\u00e1rio e a finalidade dos seus dados pessoais armazenados gratuitamente. Voc\u00ea tamb\u00e9m tem direito de oposi\u00e7\u00e3o, portabilidade de dados e direito de apelar \u00e0 autoridade reguladora apropriada. Voc\u00ea tamb\u00e9m pode solicitar a retifica\u00e7\u00e3o, exclus\u00e3o e, sob certas circunst\u00e2ncias, a restri\u00e7\u00e3o do processamento de seus dados pessoais. Consulte nossa <a href=\"https:\/\/www.camperstime.com\/pt-pt\/terms-and-conditions\"> Pol\u00edtica de Privacidade<\/a> para obter detalhes. Pode contactar o nosso respons\u00e1vel pela prote\u00e7\u00e3o de dados em datenschutz@cincomedia.eu.<\/p>\n<p>[\/vc_column_text][\/vc_column][\/vc_row]<\/p>\n<\/div>","protected":false},"excerpt":{"rendered":"<p>[vc_row][vc_column][vc_custom_heading text=&#8221;Seu contato conosco&#8221; font_container=&#8221;tag:h1|font_size:32|text_align:left&#8221; google_fonts=&#8221;font_family:Fira%20Sans%3A300%2C300italic%2C400%2C400italic%2C500%2C500italic%2C700%2C700italic|font_style:700%20bold%20regular%3A700%3Anormal&#8221;][vc_empty_space][\/vc_column][\/vc_row][vc_row][vc_column width=&#8221;2\/5&#8243;][vc_column_text] Detalhes de contato [\/vc_column_text][vc_separator color=&#8221;custom&#8221; align=&#8221;align_left&#8221; border_width=&#8221;2&#8243; el_width=&#8221;10&#8243; accent_color=&#8221;#f4524d&#8221; css=&#8221;.vc_custom_1583824767472{margin-top: -25px !important;}&#8221;][vc_empty_space height=&#8221;26px&#8221;][vc_column_text]Use o formul\u00e1rio de contato para todas as perguntas. N\u00f3s atenderemos sua solicita\u00e7\u00e3o o mais r\u00e1pido poss\u00edvel e responderemos a voc\u00ea.[\/vc_column_text][\/vc_column][vc_column width=&#8221;3\/5&#8243;][vc_column_text] Formul\u00e1rio de contato [\/vc_column_text][vc_separator color=&#8221;custom&#8221; align=&#8221;align_left&#8221; border_width=&#8221;2&#8243; el_width=&#8221;10&#8243; accent_color=&#8221;#f4524d&#8221; css=&#8221;.vc_custom_1583824781676{margin-top: -25px !important;}&#8221;][vc_empty_space height=&#8221;24px&#8221;][vc_column_text] Informa\u00e7\u00f5es &#8230;<\/p>\n","protected":false},"author":1,"featured_media":0,"parent":0,"menu_order":0,"comment_status":"closed","ping_status":"closed","template":"","meta":{"inline_featured_image":false,"footnotes":""},"class_list":["post-32252","page","type-page","status-publish","hentry"],"yoast_head":"<!-- This site is optimized with the Yoast SEO plugin v24.3 - https:\/\/yoast.com\/wordpress\/plugins\/seo\/ -->\n<title>Seu contato conosco<\/title>\n<meta name=\"description\" content=\"Bitte benutzen Sie f\u00fcr alle Anfragen das Kontaktformular!\" \/>\n<meta name=\"robots\" content=\"index, follow, max-snippet:-1, max-image-preview:large, max-video-preview:-1\" \/>\n<link rel=\"canonical\" href=\"https:\/\/www.camperstime.com\/pt-pt\/contact\" \/>\n<meta property=\"og:locale\" content=\"pt_PT\" \/>\n<meta property=\"og:type\" content=\"article\" \/>\n<meta property=\"og:title\" content=\"Seu contato conosco\" \/>\n<meta property=\"og:description\" content=\"Bitte benutzen Sie f\u00fcr alle Anfragen das Kontaktformular!\" \/>\n<meta property=\"og:url\" content=\"https:\/\/www.camperstime.com\/pt-pt\/contact\" \/>\n<meta property=\"og:site_name\" content=\"camperstime\" \/>\n<meta property=\"article:modified_time\" content=\"2020-03-10T07:19:49+00:00\" \/>\n<meta name=\"twitter:card\" content=\"summary_large_image\" \/>\n<meta name=\"twitter:label1\" content=\"Tempo estimado de leitura\" \/>\n\t<meta name=\"twitter:data1\" content=\"4 minutos\" \/>\n<script type=\"application\/ld+json\" class=\"yoast-schema-graph\">{\"@context\":\"https:\/\/schema.org\",\"@graph\":[{\"@type\":\"WebPage\",\"@id\":\"https:\/\/www.camperstime.com\/pt-pt\/contact\",\"url\":\"https:\/\/www.camperstime.com\/pt-pt\/contact\",\"name\":\"Seu contato conosco\",\"isPartOf\":{\"@id\":\"https:\/\/www.camperstime.com\/pt-pt#website\"},\"datePublished\":\"2019-10-16T12:28:13+00:00\",\"dateModified\":\"2020-03-10T07:19:49+00:00\",\"description\":\"Bitte benutzen Sie f\u00fcr alle Anfragen das Kontaktformular!\",\"breadcrumb\":{\"@id\":\"https:\/\/www.camperstime.com\/pt-pt\/contact#breadcrumb\"},\"inLanguage\":\"pt-PT\",\"potentialAction\":[{\"@type\":\"ReadAction\",\"target\":[\"https:\/\/www.camperstime.com\/pt-pt\/contact\"]}]},{\"@type\":\"BreadcrumbList\",\"@id\":\"https:\/\/www.camperstime.com\/pt-pt\/contact#breadcrumb\",\"itemListElement\":[{\"@type\":\"ListItem\",\"position\":1,\"name\":\"Startseite\",\"item\":\"https:\/\/www.camperstime.com\/pt-pt\"},{\"@type\":\"ListItem\",\"position\":2,\"name\":\"Seu contato conosco\"}]},{\"@type\":\"WebSite\",\"@id\":\"https:\/\/www.camperstime.com\/pt-pt#website\",\"url\":\"https:\/\/www.camperstime.com\/pt-pt\",\"name\":\"camperstime\",\"description\":\"Themen und Artikel rund um einen Campingurlaub\",\"potentialAction\":[{\"@type\":\"SearchAction\",\"target\":{\"@type\":\"EntryPoint\",\"urlTemplate\":\"https:\/\/www.camperstime.com\/pt-pt?s={search_term_string}\"},\"query-input\":{\"@type\":\"PropertyValueSpecification\",\"valueRequired\":true,\"valueName\":\"search_term_string\"}}],\"inLanguage\":\"pt-PT\"}]}<\/script>\n<!-- \/ Yoast SEO plugin. -->","yoast_head_json":{"title":"Seu contato conosco","description":"Bitte benutzen Sie f\u00fcr alle Anfragen das Kontaktformular!","robots":{"index":"index","follow":"follow","max-snippet":"max-snippet:-1","max-image-preview":"max-image-preview:large","max-video-preview":"max-video-preview:-1"},"canonical":"https:\/\/www.camperstime.com\/pt-pt\/contact","og_locale":"pt_PT","og_type":"article","og_title":"Seu contato conosco","og_description":"Bitte benutzen Sie f\u00fcr alle Anfragen das Kontaktformular!","og_url":"https:\/\/www.camperstime.com\/pt-pt\/contact","og_site_name":"camperstime","article_modified_time":"2020-03-10T07:19:49+00:00","twitter_card":"summary_large_image","twitter_misc":{"Tempo estimado de leitura":"4 minutos"},"schema":{"@context":"https:\/\/schema.org","@graph":[{"@type":"WebPage","@id":"https:\/\/www.camperstime.com\/pt-pt\/contact","url":"https:\/\/www.camperstime.com\/pt-pt\/contact","name":"Seu contato conosco","isPartOf":{"@id":"https:\/\/www.camperstime.com\/pt-pt#website"},"datePublished":"2019-10-16T12:28:13+00:00","dateModified":"2020-03-10T07:19:49+00:00","description":"Bitte benutzen Sie f\u00fcr alle Anfragen das Kontaktformular!","breadcrumb":{"@id":"https:\/\/www.camperstime.com\/pt-pt\/contact#breadcrumb"},"inLanguage":"pt-PT","potentialAction":[{"@type":"ReadAction","target":["https:\/\/www.camperstime.com\/pt-pt\/contact"]}]},{"@type":"BreadcrumbList","@id":"https:\/\/www.camperstime.com\/pt-pt\/contact#breadcrumb","itemListElement":[{"@type":"ListItem","position":1,"name":"Startseite","item":"https:\/\/www.camperstime.com\/pt-pt"},{"@type":"ListItem","position":2,"name":"Seu contato conosco"}]},{"@type":"WebSite","@id":"https:\/\/www.camperstime.com\/pt-pt#website","url":"https:\/\/www.camperstime.com\/pt-pt","name":"camperstime","description":"Themen und Artikel rund um einen Campingurlaub","potentialAction":[{"@type":"SearchAction","target":{"@type":"EntryPoint","urlTemplate":"https:\/\/www.camperstime.com\/pt-pt?s={search_term_string}"},"query-input":{"@type":"PropertyValueSpecification","valueRequired":true,"valueName":"search_term_string"}}],"inLanguage":"pt-PT"}]}},"_links":{"self":[{"href":"https:\/\/www.camperstime.com\/pt-pt\/wp-json\/wp\/v2\/pages\/32252","targetHints":{"allow":["GET"]}}],"collection":[{"href":"https:\/\/www.camperstime.com\/pt-pt\/wp-json\/wp\/v2\/pages"}],"about":[{"href":"https:\/\/www.camperstime.com\/pt-pt\/wp-json\/wp\/v2\/types\/page"}],"author":[{"embeddable":true,"href":"https:\/\/www.camperstime.com\/pt-pt\/wp-json\/wp\/v2\/users\/1"}],"replies":[{"embeddable":true,"href":"https:\/\/www.camperstime.com\/pt-pt\/wp-json\/wp\/v2\/comments?post=32252"}],"version-history":[{"count":0,"href":"https:\/\/www.camperstime.com\/pt-pt\/wp-json\/wp\/v2\/pages\/32252\/revisions"}],"wp:attachment":[{"href":"https:\/\/www.camperstime.com\/pt-pt\/wp-json\/wp\/v2\/media?parent=32252"}],"curies":[{"name":"wp","href":"https:\/\/api.w.org\/{rel}","templated":true}]}}