{"id":28658,"date":"2019-08-16T06:31:14","date_gmt":"2019-08-16T06:31:14","guid":{"rendered":"https:\/\/www.camperstime.com\/so-funktioniert-es"},"modified":"2020-03-02T09:44:42","modified_gmt":"2020-03-02T09:44:42","slug":"e-assim-que-funciona","status":"publish","type":"page","link":"https:\/\/www.camperstime.com\/pt-pt\/e-assim-que-funciona","title":{"rendered":"\u00c9 assim que funciona"},"content":{"rendered":"<div class=\"wpb-content-wrapper\"><p>[vc_row full_width=&#8221;stretch_row&#8221; css=&#8221;.vc_custom_1583141937806{margin-top: -64px !important;margin-bottom: 35px !important;padding-bottom: 35px !important;background-color: #f4524d !important;}&#8221;][vc_column width=&#8221;1\/2&#8243;][vc_empty_space height=&#8221;72px&#8221;][vc_column_text]<\/p>\n<h1><span style=\"color: #ffffff; font-size: 40px; margin-top: 100px; line-height: 44px;\">Encontre um acampamento rapidamente e reserve on-line<\/span><\/h1>\n<p><span style=\"color: #ffffff; font-size: 30px; margin-top: 20px; line-height: 33px;\">Quem procura um parque de campismo, um espa\u00e7o de estacionamento ou um espa\u00e7o de estacionamento para a sua caravana ou autocaravana est\u00e1 no lugar certo. <\/span><br \/>\n<!--\n\n\n<div class=\"nomob1\"><a class=\"custom_wpestate_rentals\" href=\"\/add-new-listing\/\">Campingplatz hinzuf\u00fcgen<\/a><\/div>\n\n\n--><\/p>\n<p>[\/vc_column_text][\/vc_column][vc_column width=&#8221;1\/2&#8243;][vc_single_image image=&#8221;30829&#8243; img_size=&#8221;full&#8221; alignment=&#8221;right&#8221; css=&#8221;.vc_custom_1569922332678{margin-top: 20px !important;}&#8221;][\/vc_column][\/vc_row][vc_row full_width=&#8221;stretch_row&#8221;][vc_column][vc_column_text]<\/p>\n<h2 style=\"text-align: center; font-size: 32px;\">\u00c9 assim que funciona<\/h2>\n<p>[\/vc_column_text][vc_zigzag color=&#8221;custom&#8221; el_width=&#8221;40&#8243; css=&#8221;.vc_custom_1569941567378{margin-top: -25px !important;margin-bottom: 50px !important;}&#8221; custom_color=&#8221;#c6c6c6&#8243;][\/vc_column][\/vc_row][vc_row full_width=&#8221;stretch_row&#8221; css=&#8221;.vc_custom_1569922692663{margin-top: 30px !important;}&#8221;][vc_column width=&#8221;1\/5&#8243; el_class=&#8221;nomob&#8221;][vc_single_image image=&#8221;30511&#8243; img_size=&#8221;full&#8221; alignment=&#8221;center&#8221;][vc_single_image image=&#8221;37343&#8243; img_size=&#8221;full&#8221; alignment=&#8221;right&#8221;][\/vc_column][vc_column width=&#8221;3\/5&#8243;][vc_column_text el_class=&#8221;mlef&#8221;]<\/p>\n<p style=\"text-align: left; font-size: 20px; text-transform: uppercase; font-family: 'Fira Sans', sans-serif; color: #212121;\">Selecionar local<\/p>\n<h3 style=\"text-align: left;\"><span style=\"color: #f4524d;\">Digite o seu destino desejado <\/span><\/h3>\n<p style=\"text-align: left;\">Basta digitar seu destino no formul\u00e1rio de pesquisa. Voc\u00ea pode usar os recursos avan\u00e7ados para filtrar facilmente outros crit\u00e9rios, como c\u00f3digo postal, distrito, regi\u00e3o e pesquisa por raio.<\/p>\n<p>[\/vc_column_text][\/vc_column][vc_column width=&#8221;1\/5&#8243; el_class=&#8221;nomob&#8221;][vc_empty_space height=&#8221;82px&#8221;][\/vc_column][\/vc_row][vc_row full_width=&#8221;stretch_row&#8221; el_class=&#8221;mto100&#8243;][vc_column width=&#8221;1\/6&#8243; el_class=&#8221;nomob&#8221;][\/vc_column][vc_column width=&#8221;1\/6&#8243; el_class=&#8221;nomob&#8221;][vc_single_image image=&#8221;30272&#8243; img_size=&#8221;full&#8221; alignment=&#8221;right&#8221; el_class=&#8221;nomob&#8221;][\/vc_column][vc_column width=&#8221;3\/6&#8243;][vc_column_text]<\/p>\n<p style=\"text-align: left; font-size: 20px; text-transform: uppercase; font-family: 'Fira Sans', sans-serif; color: #212121;\">Pesquisa r\u00e1pida por data<\/p>\n<h3 style=\"text-align: left;\"><span style=\"color: #f4524d;\">Encontre acampamentos vagos para a sua data de viagem<\/span><\/h3>\n<p style=\"text-align: left;\">Obtenha uma vis\u00e3o geral r\u00e1pida dos parques de campismo no seu destino. Basta digitar seu termo de pesquisa ou a categoria apropriada e seu destino.<\/p>\n<p>[\/vc_column_text][\/vc_column][vc_column width=&#8221;1\/6&#8243; el_class=&#8221;nomob&#8221;][vc_empty_space height=&#8221;82px&#8221;][vc_single_image image=&#8221;37336&#8243; img_size=&#8221;full&#8221;][\/vc_column][\/vc_row][vc_row full_width=&#8221;stretch_row&#8221; el_class=&#8221;mto50&#8243;][vc_column width=&#8221;1\/6&#8243; el_class=&#8221;nomob&#8221;][vc_single_image image=&#8221;30518&#8243; img_size=&#8221;full&#8221; alignment=&#8221;right&#8221;][\/vc_column][vc_column width=&#8221;4\/6&#8243;][vc_column_text]<\/p>\n<p style=\"text-align: left; font-size: 20px; text-transform: uppercase; font-family: 'Fira Sans', sans-serif; color: #212121;\">Reserve um acampamento diretamente on-line<\/p>\n<h3 style=\"text-align: left;\"><span style=\"color: #f4524d;\">Reservas diretamente do respectivo fornecedor<\/span><\/h3>\n<p style=\"text-align: left;\">Se voc\u00ea encontrou uma oferta adequada para si, sempre a reserve diretamente e sem desvios para o respectivo propriet\u00e1rio ou fornecedor ou fa\u00e7a uma solicita\u00e7\u00e3o de reserva para isso.<\/p>\n<p>[\/vc_column_text][vc_single_image image=&#8221;37329&#8243; img_size=&#8221;full&#8221; alignment=&#8221;center&#8221;][\/vc_column][vc_column width=&#8221;1\/6&#8243; el_class=&#8221;nomob&#8221;][vc_empty_space height=&#8221;82px&#8221;][\/vc_column][\/vc_row][vc_row full_width=&#8221;stretch_row&#8221;][vc_column][vc_column_text]<\/p>\n<h2 style=\"text-align: center; font-size: 32px;\">Seus benef\u00edcios em resumo<\/h2>\n<p>[\/vc_column_text][vc_zigzag color=&#8221;custom&#8221; el_width=&#8221;40&#8243; css=&#8221;.vc_custom_1569941550391{margin-top: -25px !important;margin-bottom: 50px !important;}&#8221; custom_color=&#8221;#c6c6c6&#8243;][\/vc_column][\/vc_row][vc_row full_width=&#8221;stretch_row&#8221;][vc_column width=&#8221;1\/12&#8243; el_class=&#8221;nomob&#8221;][vc_empty_space height=&#8221;82px&#8221;][vc_single_image image=&#8221;37322&#8243; img_size=&#8221;full&#8221;][vc_empty_space height=&#8221;82px&#8221;][vc_single_image image=&#8221;37322&#8243; img_size=&#8221;full&#8221;][vc_empty_space height=&#8221;82px&#8221;][vc_single_image image=&#8221;37322&#8243; img_size=&#8221;full&#8221;][\/vc_column][vc_column width=&#8221;2\/12&#8243; el_class=&#8221;nomob&#8221;][vc_empty_space height=&#8221;12px&#8221;][vc_single_image image=&#8221;30370&#8243; img_size=&#8221;full&#8221;][vc_empty_space height=&#8221;60px&#8221;][vc_single_image image=&#8221;30293&#8243; img_size=&#8221;full&#8221;][vc_empty_space height=&#8221;60px&#8221;][vc_single_image image=&#8221;30342&#8243; img_size=&#8221;full&#8221;][vc_empty_space height=&#8221;60px&#8221;][vc_single_image image=&#8221;30405&#8243; img_size=&#8221;full&#8221;][\/vc_column][vc_column width=&#8221;9\/12&#8243;][vc_column_text el_class=&#8221;mlef&#8221;]<\/p>\n<p style=\"text-align: left; font-size: 20px; text-transform: uppercase; font-family: 'Fira Sans', sans-serif; color: #212121;\">Provedores verificados<\/p>\n<h3 style=\"text-align: left;\"><span style=\"color: #f4524d;\">Propriet\u00e1rios certificados exclusivamente<\/span><\/h3>\n<p style=\"text-align: left;\">Nossos fornecedores s\u00e3o apenas parceiros respeit\u00e1veis \u200b\u200be verificados. Portanto, na pesquisa voc\u00ea tem uma melhor orienta\u00e7\u00e3o e garantia de qualidade. Jogue pelo seguro para ficar 100% satisfeito com o seu acampamento.<\/p>\n<p>[\/vc_column_text][vc_empty_space height=&#8221;52px&#8221;][vc_column_text el_class=&#8221;mlef&#8221;]<\/p>\n<p style=\"text-align: left; font-size: 20px; text-transform: uppercase; font-family: 'Fira Sans', sans-serif; color: #212121;\">Ideias e inspira\u00e7\u00f5es de viagem<\/p>\n<h3 style=\"text-align: left;\"><span style=\"color: #f4524d;\">Queria inspira\u00e7\u00e3o para a pr\u00f3xima viagem de acampamento?<\/span><\/h3>\n<p style=\"text-align: left;\">Aqui voc\u00ea encontrar\u00e1 id\u00e9ias de viagens exclusivas para experi\u00eancias \u00fanicas de viagem. Temos dicas e imagens inspiradoras que aumentam seu desejo de viajar mesmo antes da viagem de f\u00e9rias planejada. Descubra o t\u00edpico e o extraordin\u00e1rio para cada \u00e1rea de destino.<\/p>\n<p>[\/vc_column_text][vc_empty_space height=&#8221;52px&#8221;][vc_column_text el_class=&#8221;mlef&#8221;]<\/p>\n<p style=\"text-align: left; font-size: 20px; text-transform: uppercase; font-family: 'Fira Sans', sans-serif; color: #212121;\">Classifica\u00e7\u00f5es e classifica\u00e7\u00f5es de clientes<\/p>\n<h3 style=\"text-align: left;\"><span style=\"color: #f4524d;\">As avalia\u00e7\u00f5es dos clientes fornecem informa\u00e7\u00f5es importantes<\/span><\/h3>\n<p style=\"text-align: left;\">Revis\u00f5es positivas e aut\u00eanticas dos clientes fornecem informa\u00e7\u00f5es importantes quando se trata de incerteza ao reservar uma oferta. Aproveite o tempo de acampamento com essas an\u00e1lises feitas por outros clientes para novos clientes.<\/p>\n<p>[\/vc_column_text][vc_empty_space height=&#8221;52px&#8221;][vc_column_text el_class=&#8221;mlef&#8221;]<\/p>\n<p style=\"text-align: left; font-size: 20px; text-transform: uppercase; font-family: 'Fira Sans', sans-serif; color: #212121;\">Parques de campismo &#8211; Compare pre\u00e7os<\/p>\n<h3 style=\"text-align: left;\"><span style=\"color: #f4524d;\">Onde voc\u00ea pode ir em um acampamento de f\u00e9rias bem e barato?<\/span><\/h3>\n<p style=\"text-align: left;\">Ajudamos voc\u00ea a aproveitar ao m\u00e1ximo as f\u00e9rias de acampamento. Compare pre\u00e7os de diferentes fornecedores e propriet\u00e1rios e obtenha uma r\u00e1pida vis\u00e3o geral do que se ajusta ao seu or\u00e7amento de viagem planejado.<\/p>\n<p>[\/vc_column_text][\/vc_column][\/vc_row][vc_row full_width=&#8221;stretch_row&#8221; css=&#8221;.vc_custom_1570108218143{margin-top: 60px !important;margin-bottom: -45px !important;background-color: #f2f2f2 !important;}&#8221;][vc_column width=&#8221;2\/3&#8243;][vc_column_text]<\/p>\n<h1 style=\"text-align: left;\">FAQ &#8211; Perguntas Frequentes<\/h1>\n<p>[\/vc_column_text][vc_toggle title=&#8221;Uma reserva est\u00e1 associada a custos?&#8221; style=&#8221;round_outline&#8221;]Qualquer reserva via camperstime \u00e9 para voc\u00ea sem taxas, custos ou comiss\u00f5es de reserva.[\/vc_toggle][vc_toggle title=&#8221;Com quem eu reservo uma oferta de aluguel?&#8221; style=&#8221;round_outline&#8221;]Voc\u00ea sempre reserva diretamente e sem desvios no respectivo propriet\u00e1rio. Uma vis\u00e3o geral de todos os propriet\u00e1rios e ofertas pode ser encontrada nos respectivos diret\u00f3rios de fornecedores da sua cidade.[\/vc_toggle][vc_toggle title=&#8221;Preciso me registrar para a reserva?&#8221; style=&#8221;round_outline&#8221;]Para fazer uma reserva e complet\u00e1-la, voc\u00ea deve se registrar ou se registrar.[\/vc_toggle][vc_toggle title=&#8221;Onde posso ver minha reserva?&#8221; style=&#8221;round_outline&#8221;]Ap\u00f3s o registro, voc\u00ea tamb\u00e9m ter\u00e1 acesso ao Painel do Usu\u00e1rio. L\u00e1 voc\u00ea pode visualizar e gerenciar todas as reservas.[\/vc_toggle][vc_toggle title=&#8221;Posso entrar em contato com o propriet\u00e1rio?&#8221; style=&#8221;round_outline&#8221;]Voc\u00ea sempre pode entrar em contato com o respectivo propriet\u00e1rio para fazer perguntas ou esclarecer detalhes sobre a reserva ou o aluguel.[\/vc_toggle][vc_toggle title=&#8221;Como crio uma conta?&#8221; style=&#8221;round_outline&#8221;]Se voc\u00ea ainda n\u00e3o tem uma conta, clique em Registrar e crie uma conta.[\/vc_toggle][vc_empty_space height=&#8221;60px&#8221;][\/vc_column][vc_column width=&#8221;1\/3&#8243; css=&#8221;.vc_custom_1583142274126{margin-top: 60px !important;padding-top: 30px !important;padding-right: 15px !important;padding-bottom: 15px !important;padding-left: 15px !important;background-color: #f4524d !important;}&#8221;][vc_column_text]<\/p>\n<p><img loading=\"lazy\" decoding=\"async\" class=\"alignnone size-full wp-image-31300 aligncenter\" src=\"https:\/\/www.camperstime.com\/wp-content\/uploads\/2019\/10\/icon-telefon1.png\" alt=\"\" width=\"100\" height=\"105\" srcset=\"https:\/\/www.camperstime.com\/wp-content\/uploads\/2019\/10\/icon-telefon1.png 100w, https:\/\/www.camperstime.com\/wp-content\/uploads\/2019\/10\/icon-telefon1-20x20.png 20w\" sizes=\"auto, (max-width: 100px) 100vw, 100px\" \/><\/p>\n<h3 style=\"text-align: center;\"><span style=\"color: #ffffff;\">Voc\u00ea ainda tem perguntas?<\/span><\/h3>\n<p style=\"text-align: center;\"><span style=\"color: #ffffff;\">Entre em contato diretamente com nossa equipe de suporte!<\/span><\/p>\n<p style=\"text-align: center;\"><a class=\"custom_wpestate_rentals\" href=\"\/pt-pt\/contact\">Entre em contato com o suporte<\/a><\/p>\n<p>[\/vc_column_text][\/vc_column][\/vc_row][vc_row full_width=&#8221;stretch_row&#8221; disable_element=&#8221;yes&#8221;][vc_column width=&#8221;2\/12&#8243; el_class=&#8221;nomob&#8221;][vc_single_image image=&#8221;30370&#8243; img_size=&#8221;full&#8221;][vc_empty_space height=&#8221;82px&#8221;][vc_single_image image=&#8221;30293&#8243; img_size=&#8221;full&#8221;][vc_empty_space height=&#8221;82px&#8221;][vc_single_image image=&#8221;30342&#8243; img_size=&#8221;full&#8221;][vc_empty_space height=&#8221;82px&#8221;][vc_single_image image=&#8221;30405&#8243; img_size=&#8221;full&#8221;][\/vc_column][vc_column width=&#8221;1\/12&#8243; el_class=&#8221;nomob mlef&#8221;][vc_empty_space height=&#8221;82px&#8221;][vc_single_image image=&#8221;29449&#8243; img_size=&#8221;full&#8221;][vc_empty_space height=&#8221;82px&#8221;][vc_single_image image=&#8221;29449&#8243; img_size=&#8221;full&#8221;][vc_empty_space height=&#8221;82px&#8221;][vc_single_image image=&#8221;29449&#8243; img_size=&#8221;full&#8221;][\/vc_column][vc_column width=&#8221;9\/12&#8243;][vc_column_text]<\/p>\n<p style=\"text-align: left; font-size: 18px; text-transform: uppercase; font-family: 'Fira Sans', sans-serif;\">Gepr\u00fcfte Anbieter<\/p>\n<h3 style=\"text-align: left;\"><span style=\"color: #ba3d3e;\">I am text block. <\/span><\/h3>\n<p style=\"text-align: left;\">Click edit button to change this text. Lorem ipsum dolor sit amet, consectetur adipiscing elit. Ut elit tellus, luctus nec ullamcorper mattis, pulvinar dapibus leo.<\/p>\n<p>[\/vc_column_text][vc_empty_space height=&#8221;82px&#8221;][vc_column_text]<\/p>\n<p style=\"text-align: left; font-size: 18px; text-transform: uppercase; font-family: 'Fira Sans', sans-serif;\">Reiseideen &amp; Inspirationen<\/p>\n<h3 style=\"text-align: left;\"><span style=\"color: #ba3d3e;\">I am text block. <\/span><\/h3>\n<p style=\"text-align: left;\">Click edit button to change this text. Lorem ipsum dolor sit amet, consectetur adipiscing elit. Ut elit tellus, luctus nec ullamcorper mattis, pulvinar dapibus leo.<\/p>\n<p>[\/vc_column_text][vc_empty_space height=&#8221;82px&#8221;][vc_column_text]<\/p>\n<p style=\"text-align: left; font-size: 18px; text-transform: uppercase; font-family: 'Fira Sans', sans-serif;\">Kundenbewertungen<\/p>\n<h3 style=\"text-align: left;\"><span style=\"color: #ba3d3e;\">I am text block. <\/span><\/h3>\n<p style=\"text-align: left;\">Click edit button to change this text. Lorem ipsum dolor sit amet, consectetur adipiscing elit. Ut elit tellus, luctus nec ullamcorper mattis, pulvinar dapibus leo.<\/p>\n<p>[\/vc_column_text][vc_empty_space height=&#8221;82px&#8221;][vc_column_text]<\/p>\n<p style=\"text-align: left; font-size: 18px; text-transform: uppercase; font-family: 'Fira Sans', sans-serif;\">Preise<\/p>\n<h3 style=\"text-align: left;\"><span style=\"color: #ba3d3e;\">I am text block. <\/span><\/h3>\n<p style=\"text-align: left;\">Click edit button to change this text. Lorem ipsum dolor sit amet, consectetur adipiscing elit. Ut elit tellus, luctus nec ullamcorper mattis, pulvinar dapibus leo.<\/p>\n<p>&nbsp;<\/p>\n<p>[\/vc_column_text][\/vc_column][\/vc_row]<\/p>\n<\/div>","protected":false},"excerpt":{"rendered":"<p>[vc_row full_width=&#8221;stretch_row&#8221; css=&#8221;.vc_custom_1583141937806{margin-top: -64px !important;margin-bottom: 35px !important;padding-bottom: 35px !important;background-color: #f4524d !important;}&#8221;][vc_column width=&#8221;1\/2&#8243;][vc_empty_space height=&#8221;72px&#8221;][vc_column_text] Encontre um acampamento rapidamente e reserve on-line Quem procura um parque de campismo, um espa\u00e7o de estacionamento ou um espa\u00e7o de estacionamento para a sua caravana ou autocaravana est\u00e1 no lugar certo. [\/vc_column_text][\/vc_column][vc_column width=&#8221;1\/2&#8243;][vc_single_image image=&#8221;30829&#8243; img_size=&#8221;full&#8221; alignment=&#8221;right&#8221; css=&#8221;.vc_custom_1569922332678{margin-top: 20px !important;}&#8221;][\/vc_column][\/vc_row][vc_row full_width=&#8221;stretch_row&#8221;][vc_column][vc_column_text] \u00c9 &#8230;<\/p>\n","protected":false},"author":1,"featured_media":0,"parent":0,"menu_order":0,"comment_status":"closed","ping_status":"closed","template":"","meta":{"inline_featured_image":false,"footnotes":""},"class_list":["post-28658","page","type-page","status-publish","hentry"],"yoast_head":"<!-- This site is optimized with the Yoast SEO plugin v24.3 - https:\/\/yoast.com\/wordpress\/plugins\/seo\/ -->\n<title>Como reservar um parque de campismo em camperstime<\/title>\n<meta name=\"description\" content=\"Gostar\u00edamos de facilitar ao m\u00e1ximo a localiza\u00e7\u00e3o de um acampamento para as pr\u00f3ximas f\u00e9rias ou aluguel de curta ou longa dura\u00e7\u00e3o\" \/>\n<meta name=\"robots\" content=\"index, follow, max-snippet:-1, max-image-preview:large, max-video-preview:-1\" \/>\n<link rel=\"canonical\" href=\"https:\/\/www.camperstime.com\/pt-pt\/e-assim-que-funciona\" \/>\n<meta property=\"og:locale\" content=\"pt_PT\" \/>\n<meta property=\"og:type\" content=\"article\" \/>\n<meta property=\"og:title\" content=\"Como reservar um parque de campismo em camperstime\" \/>\n<meta property=\"og:description\" content=\"Gostar\u00edamos de facilitar ao m\u00e1ximo a localiza\u00e7\u00e3o de um acampamento para as pr\u00f3ximas f\u00e9rias ou aluguel de curta ou longa dura\u00e7\u00e3o\" \/>\n<meta property=\"og:url\" content=\"https:\/\/www.camperstime.com\/pt-pt\/e-assim-que-funciona\" \/>\n<meta property=\"og:site_name\" content=\"camperstime\" \/>\n<meta property=\"article:modified_time\" content=\"2020-03-02T09:44:42+00:00\" \/>\n<meta property=\"og:image\" content=\"https:\/\/www.camperstime.com\/wp-content\/uploads\/2019\/10\/icon-telefon1.png\" \/>\n\t<meta property=\"og:image:width\" content=\"100\" \/>\n\t<meta property=\"og:image:height\" content=\"105\" \/>\n\t<meta property=\"og:image:type\" content=\"image\/png\" \/>\n<meta name=\"twitter:card\" content=\"summary_large_image\" \/>\n<meta name=\"twitter:label1\" content=\"Tempo estimado de leitura\" \/>\n\t<meta name=\"twitter:data1\" content=\"7 minutos\" \/>\n<script type=\"application\/ld+json\" class=\"yoast-schema-graph\">{\"@context\":\"https:\/\/schema.org\",\"@graph\":[{\"@type\":\"WebPage\",\"@id\":\"https:\/\/www.camperstime.com\/pt-pt\/e-assim-que-funciona\",\"url\":\"https:\/\/www.camperstime.com\/pt-pt\/e-assim-que-funciona\",\"name\":\"Como reservar um parque de campismo em camperstime\",\"isPartOf\":{\"@id\":\"https:\/\/www.camperstime.com\/pt-pt#website\"},\"primaryImageOfPage\":{\"@id\":\"https:\/\/www.camperstime.com\/pt-pt\/e-assim-que-funciona#primaryimage\"},\"image\":{\"@id\":\"https:\/\/www.camperstime.com\/pt-pt\/e-assim-que-funciona#primaryimage\"},\"thumbnailUrl\":\"https:\/\/www.camperstime.com\/wp-content\/uploads\/2019\/10\/icon-telefon1.png\",\"datePublished\":\"2019-08-16T06:31:14+00:00\",\"dateModified\":\"2020-03-02T09:44:42+00:00\",\"description\":\"Gostar\u00edamos de facilitar ao m\u00e1ximo a localiza\u00e7\u00e3o de um acampamento para as pr\u00f3ximas f\u00e9rias ou aluguel de curta ou longa dura\u00e7\u00e3o\",\"breadcrumb\":{\"@id\":\"https:\/\/www.camperstime.com\/pt-pt\/e-assim-que-funciona#breadcrumb\"},\"inLanguage\":\"pt-PT\",\"potentialAction\":[{\"@type\":\"ReadAction\",\"target\":[\"https:\/\/www.camperstime.com\/pt-pt\/e-assim-que-funciona\"]}]},{\"@type\":\"ImageObject\",\"inLanguage\":\"pt-PT\",\"@id\":\"https:\/\/www.camperstime.com\/pt-pt\/e-assim-que-funciona#primaryimage\",\"url\":\"https:\/\/www.camperstime.com\/wp-content\/uploads\/2019\/10\/icon-telefon1.png\",\"contentUrl\":\"https:\/\/www.camperstime.com\/wp-content\/uploads\/2019\/10\/icon-telefon1.png\"},{\"@type\":\"BreadcrumbList\",\"@id\":\"https:\/\/www.camperstime.com\/pt-pt\/e-assim-que-funciona#breadcrumb\",\"itemListElement\":[{\"@type\":\"ListItem\",\"position\":1,\"name\":\"Startseite\",\"item\":\"https:\/\/www.camperstime.com\/pt-pt\"},{\"@type\":\"ListItem\",\"position\":2,\"name\":\"\u00c9 assim que funciona\"}]},{\"@type\":\"WebSite\",\"@id\":\"https:\/\/www.camperstime.com\/pt-pt#website\",\"url\":\"https:\/\/www.camperstime.com\/pt-pt\",\"name\":\"camperstime\",\"description\":\"Themen und Artikel rund um einen Campingurlaub\",\"potentialAction\":[{\"@type\":\"SearchAction\",\"target\":{\"@type\":\"EntryPoint\",\"urlTemplate\":\"https:\/\/www.camperstime.com\/pt-pt?s={search_term_string}\"},\"query-input\":{\"@type\":\"PropertyValueSpecification\",\"valueRequired\":true,\"valueName\":\"search_term_string\"}}],\"inLanguage\":\"pt-PT\"}]}<\/script>\n<!-- \/ Yoast SEO plugin. -->","yoast_head_json":{"title":"Como reservar um parque de campismo em camperstime","description":"Gostar\u00edamos de facilitar ao m\u00e1ximo a localiza\u00e7\u00e3o de um acampamento para as pr\u00f3ximas f\u00e9rias ou aluguel de curta ou longa dura\u00e7\u00e3o","robots":{"index":"index","follow":"follow","max-snippet":"max-snippet:-1","max-image-preview":"max-image-preview:large","max-video-preview":"max-video-preview:-1"},"canonical":"https:\/\/www.camperstime.com\/pt-pt\/e-assim-que-funciona","og_locale":"pt_PT","og_type":"article","og_title":"Como reservar um parque de campismo em camperstime","og_description":"Gostar\u00edamos de facilitar ao m\u00e1ximo a localiza\u00e7\u00e3o de um acampamento para as pr\u00f3ximas f\u00e9rias ou aluguel de curta ou longa dura\u00e7\u00e3o","og_url":"https:\/\/www.camperstime.com\/pt-pt\/e-assim-que-funciona","og_site_name":"camperstime","article_modified_time":"2020-03-02T09:44:42+00:00","og_image":[{"width":100,"height":105,"url":"https:\/\/www.camperstime.com\/wp-content\/uploads\/2019\/10\/icon-telefon1.png","type":"image\/png"}],"twitter_card":"summary_large_image","twitter_misc":{"Tempo estimado de leitura":"7 minutos"},"schema":{"@context":"https:\/\/schema.org","@graph":[{"@type":"WebPage","@id":"https:\/\/www.camperstime.com\/pt-pt\/e-assim-que-funciona","url":"https:\/\/www.camperstime.com\/pt-pt\/e-assim-que-funciona","name":"Como reservar um parque de campismo em camperstime","isPartOf":{"@id":"https:\/\/www.camperstime.com\/pt-pt#website"},"primaryImageOfPage":{"@id":"https:\/\/www.camperstime.com\/pt-pt\/e-assim-que-funciona#primaryimage"},"image":{"@id":"https:\/\/www.camperstime.com\/pt-pt\/e-assim-que-funciona#primaryimage"},"thumbnailUrl":"https:\/\/www.camperstime.com\/wp-content\/uploads\/2019\/10\/icon-telefon1.png","datePublished":"2019-08-16T06:31:14+00:00","dateModified":"2020-03-02T09:44:42+00:00","description":"Gostar\u00edamos de facilitar ao m\u00e1ximo a localiza\u00e7\u00e3o de um acampamento para as pr\u00f3ximas f\u00e9rias ou aluguel de curta ou longa dura\u00e7\u00e3o","breadcrumb":{"@id":"https:\/\/www.camperstime.com\/pt-pt\/e-assim-que-funciona#breadcrumb"},"inLanguage":"pt-PT","potentialAction":[{"@type":"ReadAction","target":["https:\/\/www.camperstime.com\/pt-pt\/e-assim-que-funciona"]}]},{"@type":"ImageObject","inLanguage":"pt-PT","@id":"https:\/\/www.camperstime.com\/pt-pt\/e-assim-que-funciona#primaryimage","url":"https:\/\/www.camperstime.com\/wp-content\/uploads\/2019\/10\/icon-telefon1.png","contentUrl":"https:\/\/www.camperstime.com\/wp-content\/uploads\/2019\/10\/icon-telefon1.png"},{"@type":"BreadcrumbList","@id":"https:\/\/www.camperstime.com\/pt-pt\/e-assim-que-funciona#breadcrumb","itemListElement":[{"@type":"ListItem","position":1,"name":"Startseite","item":"https:\/\/www.camperstime.com\/pt-pt"},{"@type":"ListItem","position":2,"name":"\u00c9 assim que funciona"}]},{"@type":"WebSite","@id":"https:\/\/www.camperstime.com\/pt-pt#website","url":"https:\/\/www.camperstime.com\/pt-pt","name":"camperstime","description":"Themen und Artikel rund um einen Campingurlaub","potentialAction":[{"@type":"SearchAction","target":{"@type":"EntryPoint","urlTemplate":"https:\/\/www.camperstime.com\/pt-pt?s={search_term_string}"},"query-input":{"@type":"PropertyValueSpecification","valueRequired":true,"valueName":"search_term_string"}}],"inLanguage":"pt-PT"}]}},"_links":{"self":[{"href":"https:\/\/www.camperstime.com\/pt-pt\/wp-json\/wp\/v2\/pages\/28658","targetHints":{"allow":["GET"]}}],"collection":[{"href":"https:\/\/www.camperstime.com\/pt-pt\/wp-json\/wp\/v2\/pages"}],"about":[{"href":"https:\/\/www.camperstime.com\/pt-pt\/wp-json\/wp\/v2\/types\/page"}],"author":[{"embeddable":true,"href":"https:\/\/www.camperstime.com\/pt-pt\/wp-json\/wp\/v2\/users\/1"}],"replies":[{"embeddable":true,"href":"https:\/\/www.camperstime.com\/pt-pt\/wp-json\/wp\/v2\/comments?post=28658"}],"version-history":[{"count":0,"href":"https:\/\/www.camperstime.com\/pt-pt\/wp-json\/wp\/v2\/pages\/28658\/revisions"}],"wp:attachment":[{"href":"https:\/\/www.camperstime.com\/pt-pt\/wp-json\/wp\/v2\/media?parent=28658"}],"curies":[{"name":"wp","href":"https:\/\/api.w.org\/{rel}","templated":true}]}}