{"id":28530,"date":"2019-08-15T06:43:35","date_gmt":"2019-08-15T06:43:35","guid":{"rendered":"https:\/\/www.camperstime.com\/impressum"},"modified":"2020-03-09T07:59:24","modified_gmt":"2020-03-09T07:59:24","slug":"cunho","status":"publish","type":"page","link":"https:\/\/www.camperstime.com\/pt-pt\/cunho","title":{"rendered":"Cunho"},"content":{"rendered":"<div class=\"wpb-content-wrapper\"><p>[vc_row][vc_column width=&#8221;1\/2&#8243;][vc_column_text css=&#8221;.vc_custom_1572074859471{padding-top: 15px !important;padding-right: 15px !important;padding-bottom: 15px !important;background-color: #ffffff !important;}&#8221;]<\/p>\n<h1>Cunho<\/h1>\n<p>[\/vc_column_text][vc_separator color=&#8221;custom&#8221; align=&#8221;align_left&#8221; border_width=&#8221;2&#8243; el_width=&#8221;10&#8243; accent_color=&#8221;#f4524d&#8221; css=&#8221;.vc_custom_1583740710857{margin-top: -25px !important;}&#8221;][vc_single_image image=&#8221;32365&#8243; img_size=&#8221;full&#8221;][vc_column_text css=&#8221;.vc_custom_1572075236062{margin-top: -25px !important;}&#8221;]<!--StartFragment --><\/p>\n<p>Software GmbH<br \/>\nRosa-Hoffmann-Stra\u00dfe 33<br \/>\nA-5020 Salzburg<\/p>\n<p><strong>CEO:<\/strong><br \/>\n<a href=\"https:\/\/www.camperstime.com\/wp-content\/uploads\/2019\/10\/TG-campers.png\"><img loading=\"lazy\" decoding=\"async\" class=\"alignnone size-full wp-image-32397\" src=\"https:\/\/www.camperstime.com\/wp-content\/uploads\/2019\/10\/TG-campers.png\" alt=\"\" width=\"81\" height=\"15\" \/><\/a><\/p>\n<p><strong>Registro de companhia:<\/strong><br \/>\nLandesgericht Salzburg<\/p>\n<p><strong>N\u00famero de registro corporativo:<\/strong><br \/>\nFN 36 11 49 b<\/p>\n<p><strong>N\u00fameros fiscais:<\/strong><br \/>\nUID: ATU66522355<br \/>\nSt-Nr.: 149\/0589[\/vc_column_text][\/vc_column][vc_column width=&#8221;1\/2&#8243;][vc_column_text css=&#8221;.vc_custom_1572074918686{padding-top: 15px !important;padding-right: 15px !important;padding-bottom: 15px !important;background-color: #ffffff !important;}&#8221;]<\/p>\n<h1>Cr\u00e9ditos das fotos<\/h1>\n<p>[\/vc_column_text][vc_separator color=&#8221;custom&#8221; align=&#8221;align_left&#8221; border_width=&#8221;2&#8243; el_width=&#8221;10&#8243; accent_color=&#8221;#f4524d&#8221; css=&#8221;.vc_custom_1583740732915{margin-top: -25px !important;}&#8221;][vc_column_text css=&#8221;.vc_custom_1572075366954{margin-top: -10px !important;padding-bottom: 15px !important;background-color: #ffffff !important;}&#8221;]<strong>P\u00e1gina inicial<\/strong><br \/>\n\u00a9 Dean Drobot | 123rf.com<br \/>\n\u00a9 flocu | bigstockphoto.com<\/p>\n<p><strong>\u00c9 assim que funciona<\/strong><br \/>\n\u00a9 Andrey Armyagov | bigstockphoto.com<\/p>\n<p><strong>Informa\u00e7\u00f5es para provedores<\/strong><br \/>\n\u00a9 Achi_Studio | bigstockphoto.com[\/vc_column_text][\/vc_column][\/vc_row][vc_row][vc_column][vc_empty_space height=&#8221;72px&#8221;][\/vc_column][\/vc_row][vc_row full_width=&#8221;stretch_row&#8221; css=&#8221;.vc_custom_1583740755873{margin-bottom: -45px !important;background-color: #f4524d !important;}&#8221;][vc_column][vc_column_text]<img loading=\"lazy\" decoding=\"async\" class=\"alignnone size-full wp-image-31300 aligncenter\" src=\"https:\/\/www.camperstime.com\/wp-content\/uploads\/2019\/10\/icon-telefon1.png\" alt=\"\" width=\"100\" height=\"105\" srcset=\"https:\/\/www.camperstime.com\/wp-content\/uploads\/2019\/10\/icon-telefon1.png 100w, https:\/\/www.camperstime.com\/wp-content\/uploads\/2019\/10\/icon-telefon1-20x20.png 20w\" sizes=\"auto, (max-width: 100px) 100vw, 100px\" \/><\/p>\n<h3 style=\"text-align: center;\"><span style=\"color: #ffffff;\">Voc\u00ea ainda tem perguntas?<\/span><\/h3>\n<p style=\"text-align: center;\"><span style=\"color: #ffffff;\">Entre em contato diretamente com nossa equipe de suporte!<\/span><\/p>\n<p style=\"text-align: center;\"><a class=\"custom_wpestate_rentals\" href=\"\/pt-pt\/contact\">Entre em contato com o suporte<\/a><\/p>\n<p>[\/vc_column_text][\/vc_column][\/vc_row]<\/p>\n<\/div>","protected":false},"excerpt":{"rendered":"<p>[vc_row][vc_column width=&#8221;1\/2&#8243;][vc_column_text css=&#8221;.vc_custom_1572074859471{padding-top: 15px !important;padding-right: 15px !important;padding-bottom: 15px !important;background-color: #ffffff !important;}&#8221;] Cunho [\/vc_column_text][vc_separator color=&#8221;custom&#8221; align=&#8221;align_left&#8221; border_width=&#8221;2&#8243; el_width=&#8221;10&#8243; accent_color=&#8221;#f4524d&#8221; css=&#8221;.vc_custom_1583740710857{margin-top: -25px !important;}&#8221;][vc_single_image image=&#8221;32365&#8243; img_size=&#8221;full&#8221;][vc_column_text css=&#8221;.vc_custom_1572075236062{margin-top: -25px !important;}&#8221;] Software GmbH Rosa-Hoffmann-Stra\u00dfe 33 A-5020 Salzburg CEO: Registro de companhia: Landesgericht Salzburg N\u00famero de registro corporativo: FN 36 11 49 b N\u00fameros fiscais: UID: ATU66522355 St-Nr.: 149\/0589[\/vc_column_text][\/vc_column][vc_column width=&#8221;1\/2&#8243;][vc_column_text css=&#8221;.vc_custom_1572074918686{padding-top: &#8230;<\/p>\n","protected":false},"author":1,"featured_media":0,"parent":0,"menu_order":0,"comment_status":"closed","ping_status":"closed","template":"","meta":{"inline_featured_image":false,"footnotes":""},"class_list":["post-28530","page","type-page","status-publish","hentry"],"yoast_head":"<!-- This site is optimized with the Yoast SEO plugin v24.3 - https:\/\/yoast.com\/wordpress\/plugins\/seo\/ -->\n<title>Cunho - camperstime<\/title>\n<meta name=\"robots\" content=\"index, follow, max-snippet:-1, max-image-preview:large, max-video-preview:-1\" \/>\n<link rel=\"canonical\" href=\"https:\/\/www.camperstime.com\/pt-pt\/cunho\" \/>\n<meta property=\"og:locale\" content=\"pt_PT\" \/>\n<meta property=\"og:type\" content=\"article\" \/>\n<meta property=\"og:title\" content=\"Cunho - camperstime\" \/>\n<meta property=\"og:description\" content=\"[vc_row][vc_column width=&#8221;1\/2&#8243;][vc_column_text css=&#8221;.vc_custom_1572074859471{padding-top: 15px !important;padding-right: 15px !important;padding-bottom: 15px !important;background-color: #ffffff !important;}&#8221;] Cunho [\/vc_column_text][vc_separator color=&#8221;custom&#8221; align=&#8221;align_left&#8221; border_width=&#8221;2&#8243; el_width=&#8221;10&#8243; accent_color=&#8221;#f4524d&#8221; css=&#8221;.vc_custom_1583740710857{margin-top: -25px !important;}&#8221;][vc_single_image image=&#8221;32365&#8243; img_size=&#8221;full&#8221;][vc_column_text css=&#8221;.vc_custom_1572075236062{margin-top: -25px !important;}&#8221;] Software GmbH Rosa-Hoffmann-Stra\u00dfe 33 A-5020 Salzburg CEO: Registro de companhia: Landesgericht Salzburg N\u00famero de registro corporativo: FN 36 11 49 b N\u00fameros fiscais: UID: ATU66522355 St-Nr.: 149\/0589[\/vc_column_text][\/vc_column][vc_column width=&#8221;1\/2&#8243;][vc_column_text css=&#8221;.vc_custom_1572074918686{padding-top: ...\" \/>\n<meta property=\"og:url\" content=\"https:\/\/www.camperstime.com\/pt-pt\/cunho\" \/>\n<meta property=\"og:site_name\" content=\"camperstime\" \/>\n<meta property=\"article:modified_time\" content=\"2020-03-09T07:59:24+00:00\" \/>\n<meta property=\"og:image\" content=\"https:\/\/www.camperstime.com\/wp-content\/uploads\/2019\/10\/TG-campers.png\" \/>\n\t<meta property=\"og:image:width\" content=\"81\" \/>\n\t<meta property=\"og:image:height\" content=\"15\" \/>\n\t<meta property=\"og:image:type\" content=\"image\/png\" \/>\n<meta name=\"twitter:card\" content=\"summary_large_image\" \/>\n<meta name=\"twitter:label1\" content=\"Tempo estimado de leitura\" \/>\n\t<meta name=\"twitter:data1\" content=\"1 minuto\" \/>\n<script type=\"application\/ld+json\" class=\"yoast-schema-graph\">{\"@context\":\"https:\/\/schema.org\",\"@graph\":[{\"@type\":\"WebPage\",\"@id\":\"https:\/\/www.camperstime.com\/pt-pt\/cunho\",\"url\":\"https:\/\/www.camperstime.com\/pt-pt\/cunho\",\"name\":\"Cunho - camperstime\",\"isPartOf\":{\"@id\":\"https:\/\/www.camperstime.com\/pt-pt#website\"},\"primaryImageOfPage\":{\"@id\":\"https:\/\/www.camperstime.com\/pt-pt\/cunho#primaryimage\"},\"image\":{\"@id\":\"https:\/\/www.camperstime.com\/pt-pt\/cunho#primaryimage\"},\"thumbnailUrl\":\"https:\/\/www.camperstime.com\/wp-content\/uploads\/2019\/10\/TG-campers.png\",\"datePublished\":\"2019-08-15T06:43:35+00:00\",\"dateModified\":\"2020-03-09T07:59:24+00:00\",\"breadcrumb\":{\"@id\":\"https:\/\/www.camperstime.com\/pt-pt\/cunho#breadcrumb\"},\"inLanguage\":\"pt-PT\",\"potentialAction\":[{\"@type\":\"ReadAction\",\"target\":[\"https:\/\/www.camperstime.com\/pt-pt\/cunho\"]}]},{\"@type\":\"ImageObject\",\"inLanguage\":\"pt-PT\",\"@id\":\"https:\/\/www.camperstime.com\/pt-pt\/cunho#primaryimage\",\"url\":\"https:\/\/www.camperstime.com\/wp-content\/uploads\/2019\/10\/TG-campers.png\",\"contentUrl\":\"https:\/\/www.camperstime.com\/wp-content\/uploads\/2019\/10\/TG-campers.png\"},{\"@type\":\"BreadcrumbList\",\"@id\":\"https:\/\/www.camperstime.com\/pt-pt\/cunho#breadcrumb\",\"itemListElement\":[{\"@type\":\"ListItem\",\"position\":1,\"name\":\"Startseite\",\"item\":\"https:\/\/www.camperstime.com\/pt-pt\"},{\"@type\":\"ListItem\",\"position\":2,\"name\":\"Cunho\"}]},{\"@type\":\"WebSite\",\"@id\":\"https:\/\/www.camperstime.com\/pt-pt#website\",\"url\":\"https:\/\/www.camperstime.com\/pt-pt\",\"name\":\"camperstime\",\"description\":\"Themen und Artikel rund um einen Campingurlaub\",\"potentialAction\":[{\"@type\":\"SearchAction\",\"target\":{\"@type\":\"EntryPoint\",\"urlTemplate\":\"https:\/\/www.camperstime.com\/pt-pt?s={search_term_string}\"},\"query-input\":{\"@type\":\"PropertyValueSpecification\",\"valueRequired\":true,\"valueName\":\"search_term_string\"}}],\"inLanguage\":\"pt-PT\"}]}<\/script>\n<!-- \/ Yoast SEO plugin. -->","yoast_head_json":{"title":"Cunho - camperstime","robots":{"index":"index","follow":"follow","max-snippet":"max-snippet:-1","max-image-preview":"max-image-preview:large","max-video-preview":"max-video-preview:-1"},"canonical":"https:\/\/www.camperstime.com\/pt-pt\/cunho","og_locale":"pt_PT","og_type":"article","og_title":"Cunho - camperstime","og_description":"[vc_row][vc_column width=&#8221;1\/2&#8243;][vc_column_text css=&#8221;.vc_custom_1572074859471{padding-top: 15px !important;padding-right: 15px !important;padding-bottom: 15px !important;background-color: #ffffff !important;}&#8221;] Cunho [\/vc_column_text][vc_separator color=&#8221;custom&#8221; align=&#8221;align_left&#8221; border_width=&#8221;2&#8243; el_width=&#8221;10&#8243; accent_color=&#8221;#f4524d&#8221; css=&#8221;.vc_custom_1583740710857{margin-top: -25px !important;}&#8221;][vc_single_image image=&#8221;32365&#8243; img_size=&#8221;full&#8221;][vc_column_text css=&#8221;.vc_custom_1572075236062{margin-top: -25px !important;}&#8221;] Software GmbH Rosa-Hoffmann-Stra\u00dfe 33 A-5020 Salzburg CEO: Registro de companhia: Landesgericht Salzburg N\u00famero de registro corporativo: FN 36 11 49 b N\u00fameros fiscais: UID: ATU66522355 St-Nr.: 149\/0589[\/vc_column_text][\/vc_column][vc_column width=&#8221;1\/2&#8243;][vc_column_text css=&#8221;.vc_custom_1572074918686{padding-top: ...","og_url":"https:\/\/www.camperstime.com\/pt-pt\/cunho","og_site_name":"camperstime","article_modified_time":"2020-03-09T07:59:24+00:00","og_image":[{"width":81,"height":15,"url":"https:\/\/www.camperstime.com\/wp-content\/uploads\/2019\/10\/TG-campers.png","type":"image\/png"}],"twitter_card":"summary_large_image","twitter_misc":{"Tempo estimado de leitura":"1 minuto"},"schema":{"@context":"https:\/\/schema.org","@graph":[{"@type":"WebPage","@id":"https:\/\/www.camperstime.com\/pt-pt\/cunho","url":"https:\/\/www.camperstime.com\/pt-pt\/cunho","name":"Cunho - camperstime","isPartOf":{"@id":"https:\/\/www.camperstime.com\/pt-pt#website"},"primaryImageOfPage":{"@id":"https:\/\/www.camperstime.com\/pt-pt\/cunho#primaryimage"},"image":{"@id":"https:\/\/www.camperstime.com\/pt-pt\/cunho#primaryimage"},"thumbnailUrl":"https:\/\/www.camperstime.com\/wp-content\/uploads\/2019\/10\/TG-campers.png","datePublished":"2019-08-15T06:43:35+00:00","dateModified":"2020-03-09T07:59:24+00:00","breadcrumb":{"@id":"https:\/\/www.camperstime.com\/pt-pt\/cunho#breadcrumb"},"inLanguage":"pt-PT","potentialAction":[{"@type":"ReadAction","target":["https:\/\/www.camperstime.com\/pt-pt\/cunho"]}]},{"@type":"ImageObject","inLanguage":"pt-PT","@id":"https:\/\/www.camperstime.com\/pt-pt\/cunho#primaryimage","url":"https:\/\/www.camperstime.com\/wp-content\/uploads\/2019\/10\/TG-campers.png","contentUrl":"https:\/\/www.camperstime.com\/wp-content\/uploads\/2019\/10\/TG-campers.png"},{"@type":"BreadcrumbList","@id":"https:\/\/www.camperstime.com\/pt-pt\/cunho#breadcrumb","itemListElement":[{"@type":"ListItem","position":1,"name":"Startseite","item":"https:\/\/www.camperstime.com\/pt-pt"},{"@type":"ListItem","position":2,"name":"Cunho"}]},{"@type":"WebSite","@id":"https:\/\/www.camperstime.com\/pt-pt#website","url":"https:\/\/www.camperstime.com\/pt-pt","name":"camperstime","description":"Themen und Artikel rund um einen Campingurlaub","potentialAction":[{"@type":"SearchAction","target":{"@type":"EntryPoint","urlTemplate":"https:\/\/www.camperstime.com\/pt-pt?s={search_term_string}"},"query-input":{"@type":"PropertyValueSpecification","valueRequired":true,"valueName":"search_term_string"}}],"inLanguage":"pt-PT"}]}},"_links":{"self":[{"href":"https:\/\/www.camperstime.com\/pt-pt\/wp-json\/wp\/v2\/pages\/28530","targetHints":{"allow":["GET"]}}],"collection":[{"href":"https:\/\/www.camperstime.com\/pt-pt\/wp-json\/wp\/v2\/pages"}],"about":[{"href":"https:\/\/www.camperstime.com\/pt-pt\/wp-json\/wp\/v2\/types\/page"}],"author":[{"embeddable":true,"href":"https:\/\/www.camperstime.com\/pt-pt\/wp-json\/wp\/v2\/users\/1"}],"replies":[{"embeddable":true,"href":"https:\/\/www.camperstime.com\/pt-pt\/wp-json\/wp\/v2\/comments?post=28530"}],"version-history":[{"count":0,"href":"https:\/\/www.camperstime.com\/pt-pt\/wp-json\/wp\/v2\/pages\/28530\/revisions"}],"wp:attachment":[{"href":"https:\/\/www.camperstime.com\/pt-pt\/wp-json\/wp\/v2\/media?parent=28530"}],"curies":[{"name":"wp","href":"https:\/\/api.w.org\/{rel}","templated":true}]}}