{"id":28510,"date":"2019-08-14T08:31:38","date_gmt":"2019-08-14T08:31:38","guid":{"rendered":"https:\/\/www.camperstime.com\/campingplatz-wohnmobilstellplaetze-eintragen"},"modified":"2020-03-02T10:06:13","modified_gmt":"2020-03-02T10:06:13","slug":"registro-de-campismo-e-campista","status":"publish","type":"page","link":"https:\/\/www.camperstime.com\/pt-pt\/registro-de-campismo-e-campista","title":{"rendered":"Registro de campismo e campista"},"content":{"rendered":"<div class=\"wpb-content-wrapper\"><p>[vc_row full_width=&#8221;stretch_row&#8221; css=&#8221;.vc_custom_1583142710857{margin-top: -64px !important;padding-top: 10px !important;padding-bottom: 35px !important;background-color: #f4524d !important;}&#8221;][vc_column width=&#8221;2\/3&#8243;][vc_empty_space height=&#8221;132px&#8221;][vc_column_text]<\/p>\n<h1><span style=\"color: #ffffff; font-size: 40px; line-height: 44px; margin-top: 100px;\">Registre seu acampamento diretamente<\/span><\/h1>\n<p><span style=\"color: #ffffff; font-size: 30px; line-height: 34px; margin-top: 20px;\">Quem dirige um parque de campismo, tem espa\u00e7o ou campos para caravanas ou trailers para alugar, est\u00e1 certo.<\/span><\/p>\n<div class=\"nomob1\"><a class=\"custom_wpestate_rentals\" href=\"\/pt-pt\/add-new-listing\/\">Adicionar parque de campismo<\/a><\/div>\n<p>[\/vc_column_text][\/vc_column][vc_column width=&#8221;1\/3&#8243; el_class=&#8221;regno&#8221;]\n        <div class=\"login_form shortcode-login\">\n                <div class=\"loginalert\" id=\"register_message_area_sh\" ><\/div>\n\n                <div class=\"loginrow\">\n                    <input type=\"text\" name=\"user_login_register\" id=\"user_login_register_sh\" class=\"form-control\" placeholder=\"Utilizador\" size=\"20\" \/>\n                <\/div>\n            <div class=\"loginrow\">\n                <input type=\"text\" name=\"user_email_register\" id=\"user_email_register_sh\" class=\"form-control\" placeholder=\"E-mail\" size=\"20\" \/>\n            <\/div>\n\n            <div class=\"loginrow password_holder\">\n                <input type=\"password\" name=\"user_password\" id=\"user_password_sh\" class=\"form-control\" placeholder=\"Palavra-passe\" size=\"20\" \/>\n                <i class=\" far fa-eye-slash show_hide_password\"><\/i>\n            <\/div>\n            <div class=\"loginrow password_holder\">\n                <input type=\"password\" name=\"user_password_retype\" id=\"user_password_retype_sh\" class=\"form-control\" placeholder=\"Retype Password\" size=\"20\" \/>\n                <i class=\" far fa-eye-slash show_hide_password\"><\/i>\n            <\/div>\n            <div class=\"acc_radio\">\n            <input type=\"radio\" name=\"acc_type_sh\" id=\"acctype0\" value=\"1\" checked required>\n            <div class=\"radiolabel\" for=\"acctype0\">Reserve um acampamento<\/div><br>\n            <input type=\"radio\" name=\"acc_type_sh\" id=\"acctype1\" value=\"0\" required>\n            <div class=\"radiolabel\" for=\"acctype1\">Entrar no acampamento<\/div><\/div> \n        <input type=\"checkbox\" name=\"terms\" id=\"user_terms_register_sh_sh\">\n        <label id=\"user_terms_register_sh_label\" for=\"user_terms_register_sh\">Eu aceito <a href=\"https:\/\/www.camperstime.com\/pt-pt\/terms-and-conditions\" target=\"_blank\" id=\"user_terms_register_topbar_link\">Pol\u00edtica de Privacidade<\/a> <\/label><div id=\"capthca_register_sh\" style=\"margin:10px 0px;float:left;transform:scale(1.02);-webkit-transform:scale(1.02);transform-origin:0 0;-webkit-transform-origin:0 0;\"><\/div><button\n               data-sitekey=\"6LeT3b0UAAAAAGYOBXcp_EpdlguztJziUkTzd1tS\" \n        data-callback=Wprentals_onSubmit\" \n        data-action=\"submit\"\n                 id=\"wp-submit-register_sh\"  style=\"margin-top:10px;\" class=\"wpb_button  wpb_btn-info  wpb_btn-small wpestate_vc_button  vc_button g-recaptcha\">Crie a sua conta aqui<\/button>\n        <input type=\"hidden\" id=\"security-register_sh\" name=\"security-register\" value=\"fa6a7e9599-1778299931\"><\/div>[\/vc_column][\/vc_row][vc_row full_width=&#8221;stretch_row&#8221; css=&#8221;.vc_custom_1569742951369{padding-top: 40px !important;background-color: #ffffff !important;}&#8221;][vc_column][vc_column_text]<\/p>\n<h2 style=\"text-align: center; font-size: 32px;\">\u00c9 assim t\u00e3o f\u00e1cil<\/h2>\n<p>[\/vc_column_text][vc_zigzag color=&#8221;custom&#8221; el_width=&#8221;40&#8243; css=&#8221;.vc_custom_1569941732960{margin-top: -20px !important;margin-bottom: 45px !important;}&#8221; custom_color=&#8221;#c6c6c6&#8243;][\/vc_column][\/vc_row][vc_row full_width=&#8221;stretch_row&#8221; css=&#8221;.vc_custom_1569747276886{margin-top: -30px !important;padding-bottom: 30px !important;background-color: #ffffff !important;}&#8221;][vc_column width=&#8221;1\/5&#8243;][vc_single_image image=&#8221;30307&#8243; img_size=&#8221;full&#8221; alignment=&#8221;center&#8221;][vc_column_text]<\/p>\n<h3 style=\"text-align: center;\"><span style=\"color: #f4524d;\">Inscri\u00e7\u00e3o<\/span><\/h3>\n<p style=\"text-align: center;\">Inscreva-se como acampamento ou senhorio<br \/>\ndiante. Ap\u00f3s a ativa\u00e7\u00e3o, voc\u00ea ter\u00e1 acesso direto ao seu pr\u00f3prio painel.<\/p>\n<p>[\/vc_column_text][\/vc_column][vc_column width=&#8221;1\/5&#8243; el_class=&#8221;nomob&#8221;][vc_empty_space height=&#8221;245px&#8221;][vc_single_image image=&#8221;37315&#8243; img_size=&#8221;full&#8221; alignment=&#8221;center&#8221;][\/vc_column][vc_column width=&#8221;1\/5&#8243;][vc_empty_space height=&#8221;52px&#8221;][vc_single_image image=&#8221;30384&#8243; img_size=&#8221;full&#8221; alignment=&#8221;center&#8221;][vc_column_text]<\/p>\n<h3 style=\"text-align: center;\"><span style=\"color: #f4524d;\">Inserir oferta <\/span><\/h3>\n<p style=\"text-align: center;\">No seu painel, voc\u00ea pode inserir sua oferta de aluguel ou seu acampamento diretamente na respectiva categoria. Uma entrada \u00e9 feita rapidamente e leva apenas alguns minutos.<\/p>\n<p>[\/vc_column_text][\/vc_column][vc_column width=&#8221;1\/5&#8243; el_class=&#8221;nomob&#8221;][vc_empty_space height=&#8221;205px&#8221;][vc_single_image image=&#8221;37308&#8243; img_size=&#8221;full&#8221; alignment=&#8221;center&#8221;][\/vc_column][vc_column width=&#8221;1\/5&#8243;][vc_single_image image=&#8221;30439&#8243; img_size=&#8221;full&#8221; alignment=&#8221;center&#8221;][vc_column_text]<\/p>\n<h3 style=\"text-align: center;\"><span style=\"color: #f4524d;\">Reservas de clientes<\/span><\/h3>\n<p style=\"text-align: center;\">Se suas entradas estiverem online, voc\u00ea poder\u00e1 aceitar as primeiras reservas ou reservas de novos clientes e gerar a primeira rotatividade de reservas.<\/p>\n<p>[\/vc_column_text][\/vc_column][\/vc_row][vc_row full_width=&#8221;stretch_row&#8221; css=&#8221;.vc_custom_1569764973738{background-color: #f2f2f2 !important;}&#8221;][vc_column width=&#8221;1\/3&#8243;][vc_single_image image=&#8221;31251&#8243; img_size=&#8221;full&#8221;][\/vc_column][vc_column width=&#8221;2\/3&#8243;][vc_column_text]<\/p>\n<h2><span style=\"font-size: 32px;\">Digite seu acampamento diretamente.<\/span><\/h2>\n<p>Apresente sua oferta ou servi\u00e7o em um portal de reservas profissional &#8211; Podemos criar r\u00e1pida e profissionalmente o link e a rede entre voc\u00ea e seus futuros inquilinos.<\/p>\n<hr \/>\n<h3><span style=\"color: #f4524d;\">Inscreva-se hoje para apresentar suas ofertas de aluguel aqui.<\/span><\/h3>\n<hr \/>\n<p>Propriet\u00e1rio comercial ou particular, abaixo, voc\u00ea encontrar\u00e1 todas as informa\u00e7\u00f5es importantes e dicas \u00fateis sobre como contratar em tempo de acampamento suas ofertas de aluguel.[\/vc_column_text][\/vc_column][\/vc_row][vc_row full_width=&#8221;stretch_row&#8221; css=&#8221;.vc_custom_1569939428257{margin-top: 50px !important;}&#8221;][vc_column][vc_column_text]<\/p>\n<h2 style=\"text-align: center; font-size: 32px;\">Suas vantagens<\/h2>\n<p>[\/vc_column_text][vc_zigzag color=&#8221;custom&#8221; el_width=&#8221;40&#8243; css=&#8221;.vc_custom_1569941747958{margin-top: -20px !important;margin-bottom: 45px !important;}&#8221; custom_color=&#8221;#c6c6c6&#8243;][\/vc_column][\/vc_row][vc_row full_width=&#8221;stretch_row&#8221;][vc_column width=&#8221;1\/6&#8243; el_class=&#8221;nomob&#8221;][vc_single_image image=&#8221;30391&#8243; img_size=&#8221;full&#8221;][vc_empty_space height=&#8221;92px&#8221;][vc_single_image image=&#8221;30363&#8243; img_size=&#8221;full&#8221;][vc_empty_space height=&#8221;92px&#8221;][vc_single_image image=&#8221;30328&#8243; img_size=&#8221;full&#8221;][vc_empty_space height=&#8221;92px&#8221;][vc_single_image image=&#8221;30314&#8243; img_size=&#8221;full&#8221;][\/vc_column][vc_column width=&#8221;1\/6&#8243; el_class=&#8221;nomob&#8221;][vc_empty_space height=&#8221;112px&#8221;][vc_single_image image=&#8221;37301&#8243; img_size=&#8221;full&#8221;][vc_empty_space height=&#8221;82px&#8221;][vc_single_image image=&#8221;37301&#8243; img_size=&#8221;full&#8221;][vc_empty_space height=&#8221;82px&#8221;][vc_single_image image=&#8221;37301&#8243; img_size=&#8221;full&#8221;][\/vc_column][vc_column width=&#8221;4\/6&#8243;][vc_column_text el_class=&#8221;mlef&#8221;]<\/p>\n<p style=\"text-align: left; font-size: 20px; text-transform: uppercase; font-family: 'Fira Sans', sans-serif; color: #212121;\">SISTEMA DE RESERVAS E CALEND\u00c1RIO DE RESERVAS<\/p>\n<h3 style=\"text-align: left;\"><span style=\"color: #f4524d;\">Definir disponibilidade<\/span><\/h3>\n<p style=\"text-align: left;\">O calend\u00e1rio de ocupa\u00e7\u00e3o mostra aos visitantes a disponibilidade ou ocupa\u00e7\u00e3o atual de suas ofertas e servi\u00e7os de aluguel. Tamb\u00e9m \u00e9 poss\u00edvel fazer uma reserva ou solicita\u00e7\u00e3o on-line direta atrav\u00e9s do seu pr\u00f3prio site. Seus detalhes de contato s\u00e3o vis\u00edveis em todas as variantes de registro, para que uma reserva manual, por exemplo, por telefone ou e-mail para voc\u00ea \u00e9 poss\u00edvel. Como alternativa, voc\u00ea tamb\u00e9m pode criar um link para sua pr\u00f3pria p\u00e1gina de reserva, onde aceita as reservas.<\/p>\n<p>[\/vc_column_text][vc_empty_space][vc_column_text el_class=&#8221;mlef&#8221;]<\/p>\n<p style=\"text-align: left; font-size: 20px; text-transform: uppercase; font-family: 'Fira Sans', sans-serif; color: #212121;\">Gerenciar reservas<\/p>\n<h3 style=\"text-align: left;\"><span style=\"color: #f4524d;\">Reserva online &#8211; chave &#8211; para mais vendas<\/span><\/h3>\n<p style=\"text-align: left;\">Veja todas as reservas e solicita\u00e7\u00f5es de reserva rapidamente no seu painel. Se uma reserva ou reserva tiver sido feita em sua oferta ou servi\u00e7o, voc\u00ea tamb\u00e9m ser\u00e1 notificado automaticamente por e-mail para poder responder imediatamente. Se recebermos uma solicita\u00e7\u00e3o individual, a encaminharemos ao fornecedor apropriado. Beneficie de vendas adicionais aqui.<\/p>\n<p>[\/vc_column_text][vc_empty_space][vc_column_text el_class=&#8221;mlef&#8221;]<\/p>\n<p style=\"text-align: left; font-size: 20px; text-transform: uppercase; font-family: 'Fira Sans', sans-serif; color: #212121;\">Painel do senhorio<\/p>\n<h3 style=\"text-align: left;\"><span style=\"color: #f4524d;\">Gerenciar conta<\/span><\/h3>\n<p style=\"text-align: left;\">O painel de propriet\u00e1rios organizado \u00e9 o centro de todas as atividades relacionadas \u00e0 publica\u00e7\u00e3o de suas ofertas e servi\u00e7os de aluguel. Aqui voc\u00ea pode gerenciar e alterar listagens e entradas existentes e adicionar novas entradas a qualquer momento. Voc\u00ea tamb\u00e9m pode usar o painel para se comunicar com seus clientes e ver seus coment\u00e1rios mais recentes.<\/p>\n<p>[\/vc_column_text][vc_empty_space][vc_column_text el_class=&#8221;mlef&#8221;]<\/p>\n<p style=\"text-align: left; font-size: 20px; text-transform: uppercase; font-family: 'Fira Sans', sans-serif; color: #212121;\">Pagamento direto<\/p>\n<h3 style=\"text-align: left;\"><span style=\"color: #f4524d;\">Definir op\u00e7\u00f5es de pagamento<\/span><\/h3>\n<p style=\"text-align: left;\">Ao contr\u00e1rio de muitos outros portais de reserva, um cliente sempre paga diretamente a voc\u00ea ao fazer uma reserva. Voc\u00ea receber\u00e1 seu dinheiro imediatamente sem tempo de espera e poder\u00e1 descart\u00e1-lo ap\u00f3s o recebimento do pagamento. Defina voc\u00ea mesmo as op\u00e7\u00f5es de pagamento, se um cliente deve pagar imediatamente ou mais tarde por transfer\u00eancia banc\u00e1ria. Se um inquilino paga um dep\u00f3sito, dep\u00f3sito ou uma taxa de reserva no momento da reserva, voc\u00ea tamb\u00e9m pode contratar.<\/p>\n<p>[\/vc_column_text][\/vc_column][\/vc_row][vc_row full_width=&#8221;stretch_row&#8221; css=&#8221;.vc_custom_1570023431559{margin-top: 50px !important;margin-bottom: -45px !important;background-color: #f2f2f2 !important;}&#8221;][vc_column width=&#8221;2\/3&#8243;][vc_column_text]<\/p>\n<h1 style=\"text-align: left;\">FAQ &#8211; Perguntas frequentes<\/h1>\n<p>[\/vc_column_text][vc_toggle title=&#8221;Quem pode apresentar suas ofertas aqui?&#8221; style=&#8221;round_outline&#8221;]Todos, particulares ou comerciais, que operam um acampamento, alugam campos para caravanas ou trailers, podem interromper suas ofertas de aluguel em tempo de acampamento. \u00c9 sempre gratuito criar um an\u00fancio.[\/vc_toggle][vc_toggle title=&#8221;O que acontece ap\u00f3s o meu registro?&#8221; style=&#8221;round_outline&#8221;]Ap\u00f3s o seu registro, voc\u00ea ter\u00e1 acesso imediato ao seu painel com o perfil de usu\u00e1rio ou provedor armazenado. Agora voc\u00ea pode come\u00e7ar a criar suas ofertas de aluguel.[\/vc_toggle][vc_toggle title=&#8221;Quando desbloqueamos uma entrada?&#8221; style=&#8221;round_outline&#8221;]Depois de registrar seu parque de campismo, verificamos se suas informa\u00e7\u00f5es est\u00e3o completas e complementamos ou alteramos a entrada, se necess\u00e1rio. Se todas as informa\u00e7\u00f5es necess\u00e1rias estiverem dispon\u00edveis, mudaremos a entrada para o vivo. Voc\u00ea receber\u00e1 um e-mail sobre isso.[\/vc_toggle][vc_toggle title=&#8221;\u00c9 poss\u00edvel fazer uma inscri\u00e7\u00e3o sem fazer reservas online?&#8221; style=&#8221;round_outline&#8221;]Voc\u00ea decide se deve ou n\u00e3o ativar a fun\u00e7\u00e3o &#8220;reserva online&#8221;. Se voc\u00ea deseja apenas aceitar solicita\u00e7\u00f5es de reserva para decidir posteriormente se um cliente pode reservar uma oferta de aluguel ou n\u00e3o, isso \u00e9 poss\u00edvel a qualquer momento.[\/vc_toggle][vc_toggle title=&#8221;Como sei quando foi feita uma reserva?&#8221; style=&#8221;round_outline&#8221;]Se uma reserva ou uma solicita\u00e7\u00e3o de reserva for recebida, voc\u00ea receber\u00e1 uma mensagem para o endere\u00e7o de email digitado no painel do usu\u00e1rio. Al\u00e9m disso, voc\u00ea sempre tem uma vis\u00e3o geral de todas as reservas no painel.[\/vc_toggle][vc_toggle title=&#8221;Quanto me custa anunciar minha oferta?&#8221; style=&#8221;round_outline&#8221;]Todas as listagens e entradas de operadores de parques de campismo ou locadores de ve\u00edculos para autocaravanas etc. &#8211; sejam particulares ou comerciais &#8211; s\u00e3o gratuitas e sem taxas cont\u00ednuas.<br \/>\n<!--Auf jede Buchung, die Sie direkt \u00fcber camperstime erhalten erheben wir eine Provision in H\u00f6he von 5%, die mit Ihnen vorher vereinbart wird.-->[\/vc_toggle][vc_toggle title=&#8221;Com quem posso entrar em contato se tiver alguma d\u00favida?&#8221; style=&#8221;round_outline&#8221;]Estamos felizes em ajud\u00e1-lo se voc\u00ea n\u00e3o obtiver as informa\u00e7\u00f5es necess\u00e1rias aqui. Informa\u00e7\u00f5es adicionais tamb\u00e9m est\u00e3o dispon\u00edveis diretamente mediante solicita\u00e7\u00e3o, por meio de nosso formul\u00e1rio de contato ou pelos detalhes de contato fornecidos.<br \/>\n<!--Auf jede Buchung, die Sie direkt \u00fcber camperstime erhalten erheben wir eine Provision in H\u00f6he von 5%, die mit Ihnen vorher vereinbart wird.-->[\/vc_toggle][vc_empty_space height=&#8221;52px&#8221;][\/vc_column][vc_column width=&#8221;1\/3&#8243; css=&#8221;.vc_custom_1583143064430{margin-top: 55px !important;padding-top: 40px !important;padding-right: 15px !important;padding-bottom: 15px !important;padding-left: 15px !important;background-color: #f4524d !important;}&#8221;][vc_column_text]<img loading=\"lazy\" decoding=\"async\" class=\"alignnone size-full wp-image-31300 aligncenter\" src=\"https:\/\/www.camperstime.com\/wp-content\/uploads\/2019\/10\/icon-telefon1.png\" alt=\"\" width=\"100\" height=\"105\" srcset=\"https:\/\/www.camperstime.com\/wp-content\/uploads\/2019\/10\/icon-telefon1.png 100w, https:\/\/www.camperstime.com\/wp-content\/uploads\/2019\/10\/icon-telefon1-20x20.png 20w\" sizes=\"auto, (max-width: 100px) 100vw, 100px\" \/><\/p>\n<h3 style=\"text-align: center;\"><span style=\"color: #ffffff;\">Voc\u00ea ainda tem perguntas?<\/span><\/h3>\n<p style=\"text-align: center;\"><span style=\"color: #ffffff;\">Entre em contato diretamente com nossa equipe de suporte!<\/span><\/p>\n<p style=\"text-align: center;\"><a class=\"custom_wpestate_rentals\" href=\"\/pt-pt\/contact\">Contato<\/a><\/p>\n<p>[\/vc_column_text][\/vc_column][\/vc_row]<\/p>\n<\/div>","protected":false},"excerpt":{"rendered":"<p>[vc_row full_width=&#8221;stretch_row&#8221; css=&#8221;.vc_custom_1583142710857{margin-top: -64px !important;padding-top: 10px !important;padding-bottom: 35px !important;background-color: #f4524d !important;}&#8221;][vc_column width=&#8221;2\/3&#8243;][vc_empty_space height=&#8221;132px&#8221;][vc_column_text] Registre seu acampamento diretamente Quem dirige um parque de campismo, tem espa\u00e7o ou campos para caravanas ou trailers para alugar, est\u00e1 certo. Adicionar parque de campismo [\/vc_column_text][\/vc_column][vc_column width=&#8221;1\/3&#8243; el_class=&#8221;regno&#8221;][\/vc_column][\/vc_row][vc_row full_width=&#8221;stretch_row&#8221; css=&#8221;.vc_custom_1569742951369{padding-top: 40px !important;background-color: #ffffff !important;}&#8221;][vc_column][vc_column_text] \u00c9 assim t\u00e3o f\u00e1cil [\/vc_column_text][vc_zigzag color=&#8221;custom&#8221; el_width=&#8221;40&#8243; &#8230;<\/p>\n","protected":false},"author":1,"featured_media":0,"parent":0,"menu_order":0,"comment_status":"closed","ping_status":"closed","template":"","meta":{"inline_featured_image":false,"footnotes":""},"class_list":["post-28510","page","type-page","status-publish","hentry"],"yoast_head":"<!-- This site is optimized with the Yoast SEO plugin v24.3 - https:\/\/yoast.com\/wordpress\/plugins\/seo\/ -->\n<title>Camping - Pitch Alugue um trailer ou caravana gratuitamente<\/title>\n<meta name=\"description\" content=\"Quem dirige um parque de campismo, tem espa\u00e7o ou campos para caravanas ou trailers para alugar, est\u00e1 certo.\" \/>\n<meta name=\"robots\" content=\"index, follow, max-snippet:-1, max-image-preview:large, max-video-preview:-1\" \/>\n<link rel=\"canonical\" href=\"https:\/\/www.camperstime.com\/pt-pt\/registro-de-campismo-e-campista\" \/>\n<meta property=\"og:locale\" content=\"pt_PT\" \/>\n<meta property=\"og:type\" content=\"article\" \/>\n<meta property=\"og:title\" content=\"Camping - Pitch Alugue um trailer ou caravana gratuitamente\" \/>\n<meta property=\"og:description\" content=\"Quem dirige um parque de campismo, tem espa\u00e7o ou campos para caravanas ou trailers para alugar, est\u00e1 certo.\" \/>\n<meta property=\"og:url\" content=\"https:\/\/www.camperstime.com\/pt-pt\/registro-de-campismo-e-campista\" \/>\n<meta property=\"og:site_name\" content=\"camperstime\" \/>\n<meta property=\"article:modified_time\" content=\"2020-03-02T10:06:13+00:00\" \/>\n<meta property=\"og:image\" content=\"https:\/\/www.camperstime.com\/wp-content\/uploads\/2019\/10\/icon-telefon1.png\" \/>\n\t<meta property=\"og:image:width\" content=\"100\" \/>\n\t<meta property=\"og:image:height\" content=\"105\" \/>\n\t<meta property=\"og:image:type\" content=\"image\/png\" \/>\n<meta name=\"twitter:card\" content=\"summary_large_image\" \/>\n<meta name=\"twitter:label1\" content=\"Tempo estimado de leitura\" \/>\n\t<meta name=\"twitter:data1\" content=\"7 minutos\" \/>\n<script type=\"application\/ld+json\" class=\"yoast-schema-graph\">{\"@context\":\"https:\/\/schema.org\",\"@graph\":[{\"@type\":\"WebPage\",\"@id\":\"https:\/\/www.camperstime.com\/pt-pt\/registro-de-campismo-e-campista\",\"url\":\"https:\/\/www.camperstime.com\/pt-pt\/registro-de-campismo-e-campista\",\"name\":\"Camping - Pitch Alugue um trailer ou caravana gratuitamente\",\"isPartOf\":{\"@id\":\"https:\/\/www.camperstime.com\/pt-pt#website\"},\"primaryImageOfPage\":{\"@id\":\"https:\/\/www.camperstime.com\/pt-pt\/registro-de-campismo-e-campista#primaryimage\"},\"image\":{\"@id\":\"https:\/\/www.camperstime.com\/pt-pt\/registro-de-campismo-e-campista#primaryimage\"},\"thumbnailUrl\":\"https:\/\/www.camperstime.com\/wp-content\/uploads\/2019\/10\/icon-telefon1.png\",\"datePublished\":\"2019-08-14T08:31:38+00:00\",\"dateModified\":\"2020-03-02T10:06:13+00:00\",\"description\":\"Quem dirige um parque de campismo, tem espa\u00e7o ou campos para caravanas ou trailers para alugar, est\u00e1 certo.\",\"breadcrumb\":{\"@id\":\"https:\/\/www.camperstime.com\/pt-pt\/registro-de-campismo-e-campista#breadcrumb\"},\"inLanguage\":\"pt-PT\",\"potentialAction\":[{\"@type\":\"ReadAction\",\"target\":[\"https:\/\/www.camperstime.com\/pt-pt\/registro-de-campismo-e-campista\"]}]},{\"@type\":\"ImageObject\",\"inLanguage\":\"pt-PT\",\"@id\":\"https:\/\/www.camperstime.com\/pt-pt\/registro-de-campismo-e-campista#primaryimage\",\"url\":\"https:\/\/www.camperstime.com\/wp-content\/uploads\/2019\/10\/icon-telefon1.png\",\"contentUrl\":\"https:\/\/www.camperstime.com\/wp-content\/uploads\/2019\/10\/icon-telefon1.png\"},{\"@type\":\"BreadcrumbList\",\"@id\":\"https:\/\/www.camperstime.com\/pt-pt\/registro-de-campismo-e-campista#breadcrumb\",\"itemListElement\":[{\"@type\":\"ListItem\",\"position\":1,\"name\":\"Startseite\",\"item\":\"https:\/\/www.camperstime.com\/pt-pt\"},{\"@type\":\"ListItem\",\"position\":2,\"name\":\"Registro de campismo e campista\"}]},{\"@type\":\"WebSite\",\"@id\":\"https:\/\/www.camperstime.com\/pt-pt#website\",\"url\":\"https:\/\/www.camperstime.com\/pt-pt\",\"name\":\"camperstime\",\"description\":\"Themen und Artikel rund um einen Campingurlaub\",\"potentialAction\":[{\"@type\":\"SearchAction\",\"target\":{\"@type\":\"EntryPoint\",\"urlTemplate\":\"https:\/\/www.camperstime.com\/pt-pt?s={search_term_string}\"},\"query-input\":{\"@type\":\"PropertyValueSpecification\",\"valueRequired\":true,\"valueName\":\"search_term_string\"}}],\"inLanguage\":\"pt-PT\"}]}<\/script>\n<!-- \/ Yoast SEO plugin. -->","yoast_head_json":{"title":"Camping - Pitch Alugue um trailer ou caravana gratuitamente","description":"Quem dirige um parque de campismo, tem espa\u00e7o ou campos para caravanas ou trailers para alugar, est\u00e1 certo.","robots":{"index":"index","follow":"follow","max-snippet":"max-snippet:-1","max-image-preview":"max-image-preview:large","max-video-preview":"max-video-preview:-1"},"canonical":"https:\/\/www.camperstime.com\/pt-pt\/registro-de-campismo-e-campista","og_locale":"pt_PT","og_type":"article","og_title":"Camping - Pitch Alugue um trailer ou caravana gratuitamente","og_description":"Quem dirige um parque de campismo, tem espa\u00e7o ou campos para caravanas ou trailers para alugar, est\u00e1 certo.","og_url":"https:\/\/www.camperstime.com\/pt-pt\/registro-de-campismo-e-campista","og_site_name":"camperstime","article_modified_time":"2020-03-02T10:06:13+00:00","og_image":[{"width":100,"height":105,"url":"https:\/\/www.camperstime.com\/wp-content\/uploads\/2019\/10\/icon-telefon1.png","type":"image\/png"}],"twitter_card":"summary_large_image","twitter_misc":{"Tempo estimado de leitura":"7 minutos"},"schema":{"@context":"https:\/\/schema.org","@graph":[{"@type":"WebPage","@id":"https:\/\/www.camperstime.com\/pt-pt\/registro-de-campismo-e-campista","url":"https:\/\/www.camperstime.com\/pt-pt\/registro-de-campismo-e-campista","name":"Camping - Pitch Alugue um trailer ou caravana gratuitamente","isPartOf":{"@id":"https:\/\/www.camperstime.com\/pt-pt#website"},"primaryImageOfPage":{"@id":"https:\/\/www.camperstime.com\/pt-pt\/registro-de-campismo-e-campista#primaryimage"},"image":{"@id":"https:\/\/www.camperstime.com\/pt-pt\/registro-de-campismo-e-campista#primaryimage"},"thumbnailUrl":"https:\/\/www.camperstime.com\/wp-content\/uploads\/2019\/10\/icon-telefon1.png","datePublished":"2019-08-14T08:31:38+00:00","dateModified":"2020-03-02T10:06:13+00:00","description":"Quem dirige um parque de campismo, tem espa\u00e7o ou campos para caravanas ou trailers para alugar, est\u00e1 certo.","breadcrumb":{"@id":"https:\/\/www.camperstime.com\/pt-pt\/registro-de-campismo-e-campista#breadcrumb"},"inLanguage":"pt-PT","potentialAction":[{"@type":"ReadAction","target":["https:\/\/www.camperstime.com\/pt-pt\/registro-de-campismo-e-campista"]}]},{"@type":"ImageObject","inLanguage":"pt-PT","@id":"https:\/\/www.camperstime.com\/pt-pt\/registro-de-campismo-e-campista#primaryimage","url":"https:\/\/www.camperstime.com\/wp-content\/uploads\/2019\/10\/icon-telefon1.png","contentUrl":"https:\/\/www.camperstime.com\/wp-content\/uploads\/2019\/10\/icon-telefon1.png"},{"@type":"BreadcrumbList","@id":"https:\/\/www.camperstime.com\/pt-pt\/registro-de-campismo-e-campista#breadcrumb","itemListElement":[{"@type":"ListItem","position":1,"name":"Startseite","item":"https:\/\/www.camperstime.com\/pt-pt"},{"@type":"ListItem","position":2,"name":"Registro de campismo e campista"}]},{"@type":"WebSite","@id":"https:\/\/www.camperstime.com\/pt-pt#website","url":"https:\/\/www.camperstime.com\/pt-pt","name":"camperstime","description":"Themen und Artikel rund um einen Campingurlaub","potentialAction":[{"@type":"SearchAction","target":{"@type":"EntryPoint","urlTemplate":"https:\/\/www.camperstime.com\/pt-pt?s={search_term_string}"},"query-input":{"@type":"PropertyValueSpecification","valueRequired":true,"valueName":"search_term_string"}}],"inLanguage":"pt-PT"}]}},"_links":{"self":[{"href":"https:\/\/www.camperstime.com\/pt-pt\/wp-json\/wp\/v2\/pages\/28510","targetHints":{"allow":["GET"]}}],"collection":[{"href":"https:\/\/www.camperstime.com\/pt-pt\/wp-json\/wp\/v2\/pages"}],"about":[{"href":"https:\/\/www.camperstime.com\/pt-pt\/wp-json\/wp\/v2\/types\/page"}],"author":[{"embeddable":true,"href":"https:\/\/www.camperstime.com\/pt-pt\/wp-json\/wp\/v2\/users\/1"}],"replies":[{"embeddable":true,"href":"https:\/\/www.camperstime.com\/pt-pt\/wp-json\/wp\/v2\/comments?post=28510"}],"version-history":[{"count":0,"href":"https:\/\/www.camperstime.com\/pt-pt\/wp-json\/wp\/v2\/pages\/28510\/revisions"}],"wp:attachment":[{"href":"https:\/\/www.camperstime.com\/pt-pt\/wp-json\/wp\/v2\/media?parent=28510"}],"curies":[{"name":"wp","href":"https:\/\/api.w.org\/{rel}","templated":true}]}}