{"id":28417,"date":"2019-08-07T04:17:29","date_gmt":"2019-08-07T04:17:29","guid":{"rendered":"https:\/\/www.camperstime.com\/advanced-search"},"modified":"2019-10-01T13:17:18","modified_gmt":"2019-10-01T13:17:18","slug":"advanced-search","status":"publish","type":"page","link":"https:\/\/www.camperstime.com\/pt-pt\/advanced-search","title":{"rendered":"Resultados de pesquisa"},"content":{"rendered":"","protected":false},"excerpt":{"rendered":"","protected":false},"author":1,"featured_media":0,"parent":0,"menu_order":0,"comment_status":"closed","ping_status":"closed","template":"advanced_search_results.php","meta":{"inline_featured_image":false,"footnotes":""},"class_list":["post-28417","page","type-page","status-publish","hentry"],"yoast_head":"<!-- This site is optimized with the Yoast SEO plugin v24.3 - https:\/\/yoast.com\/wordpress\/plugins\/seo\/ -->\n<title>Reservas on-line para Casas e Parque de Campismo<\/title>\n<meta name=\"description\" content=\"Reserve suas f\u00e9rias em camping barato e direto no acampamento com in\u00fameras avalia\u00e7\u00f5es de clientes de outros campistas ..\" \/>\n<meta name=\"robots\" content=\"index, follow, max-snippet:-1, max-image-preview:large, max-video-preview:-1\" \/>\n<link rel=\"canonical\" href=\"https:\/\/www.camperstime.com\/pt-pt\/advanced-search\" \/>\n<meta property=\"og:locale\" content=\"pt_PT\" \/>\n<meta property=\"og:type\" content=\"article\" \/>\n<meta property=\"og:title\" content=\"Reservas on-line para Casas e Parque de Campismo\" \/>\n<meta property=\"og:description\" content=\"Reserve suas f\u00e9rias em camping barato e direto no acampamento com in\u00fameras avalia\u00e7\u00f5es de clientes de outros campistas ..\" \/>\n<meta property=\"og:url\" content=\"https:\/\/www.camperstime.com\/pt-pt\/advanced-search\" \/>\n<meta property=\"og:site_name\" content=\"camperstime\" \/>\n<meta property=\"article:modified_time\" content=\"2019-10-01T13:17:18+00:00\" \/>\n<meta name=\"twitter:card\" content=\"summary_large_image\" \/>\n<script type=\"application\/ld+json\" class=\"yoast-schema-graph\">{\"@context\":\"https:\/\/schema.org\",\"@graph\":[{\"@type\":\"WebPage\",\"@id\":\"https:\/\/www.camperstime.com\/pt-pt\/advanced-search\",\"url\":\"https:\/\/www.camperstime.com\/pt-pt\/advanced-search\",\"name\":\"Reservas on-line para Casas e Parque de Campismo\",\"isPartOf\":{\"@id\":\"https:\/\/www.camperstime.com\/pt-pt#website\"},\"datePublished\":\"2019-08-07T04:17:29+00:00\",\"dateModified\":\"2019-10-01T13:17:18+00:00\",\"description\":\"Reserve suas f\u00e9rias em camping barato e direto no acampamento com in\u00fameras avalia\u00e7\u00f5es de clientes de outros campistas ..\",\"breadcrumb\":{\"@id\":\"https:\/\/www.camperstime.com\/pt-pt\/advanced-search#breadcrumb\"},\"inLanguage\":\"pt-PT\",\"potentialAction\":[{\"@type\":\"ReadAction\",\"target\":[\"https:\/\/www.camperstime.com\/pt-pt\/advanced-search\"]}]},{\"@type\":\"BreadcrumbList\",\"@id\":\"https:\/\/www.camperstime.com\/pt-pt\/advanced-search#breadcrumb\",\"itemListElement\":[{\"@type\":\"ListItem\",\"position\":1,\"name\":\"Startseite\",\"item\":\"https:\/\/www.camperstime.com\/pt-pt\"},{\"@type\":\"ListItem\",\"position\":2,\"name\":\"Resultados de pesquisa\"}]},{\"@type\":\"WebSite\",\"@id\":\"https:\/\/www.camperstime.com\/pt-pt#website\",\"url\":\"https:\/\/www.camperstime.com\/pt-pt\",\"name\":\"camperstime\",\"description\":\"Themen und Artikel rund um einen Campingurlaub\",\"potentialAction\":[{\"@type\":\"SearchAction\",\"target\":{\"@type\":\"EntryPoint\",\"urlTemplate\":\"https:\/\/www.camperstime.com\/pt-pt?s={search_term_string}\"},\"query-input\":{\"@type\":\"PropertyValueSpecification\",\"valueRequired\":true,\"valueName\":\"search_term_string\"}}],\"inLanguage\":\"pt-PT\"}]}<\/script>\n<!-- \/ Yoast SEO plugin. -->","yoast_head_json":{"title":"Reservas on-line para Casas e Parque de Campismo","description":"Reserve suas f\u00e9rias em camping barato e direto no acampamento com in\u00fameras avalia\u00e7\u00f5es de clientes de outros campistas ..","robots":{"index":"index","follow":"follow","max-snippet":"max-snippet:-1","max-image-preview":"max-image-preview:large","max-video-preview":"max-video-preview:-1"},"canonical":"https:\/\/www.camperstime.com\/pt-pt\/advanced-search","og_locale":"pt_PT","og_type":"article","og_title":"Reservas on-line para Casas e Parque de Campismo","og_description":"Reserve suas f\u00e9rias em camping barato e direto no acampamento com in\u00fameras avalia\u00e7\u00f5es de clientes de outros campistas ..","og_url":"https:\/\/www.camperstime.com\/pt-pt\/advanced-search","og_site_name":"camperstime","article_modified_time":"2019-10-01T13:17:18+00:00","twitter_card":"summary_large_image","schema":{"@context":"https:\/\/schema.org","@graph":[{"@type":"WebPage","@id":"https:\/\/www.camperstime.com\/pt-pt\/advanced-search","url":"https:\/\/www.camperstime.com\/pt-pt\/advanced-search","name":"Reservas on-line para Casas e Parque de Campismo","isPartOf":{"@id":"https:\/\/www.camperstime.com\/pt-pt#website"},"datePublished":"2019-08-07T04:17:29+00:00","dateModified":"2019-10-01T13:17:18+00:00","description":"Reserve suas f\u00e9rias em camping barato e direto no acampamento com in\u00fameras avalia\u00e7\u00f5es de clientes de outros campistas ..","breadcrumb":{"@id":"https:\/\/www.camperstime.com\/pt-pt\/advanced-search#breadcrumb"},"inLanguage":"pt-PT","potentialAction":[{"@type":"ReadAction","target":["https:\/\/www.camperstime.com\/pt-pt\/advanced-search"]}]},{"@type":"BreadcrumbList","@id":"https:\/\/www.camperstime.com\/pt-pt\/advanced-search#breadcrumb","itemListElement":[{"@type":"ListItem","position":1,"name":"Startseite","item":"https:\/\/www.camperstime.com\/pt-pt"},{"@type":"ListItem","position":2,"name":"Resultados de pesquisa"}]},{"@type":"WebSite","@id":"https:\/\/www.camperstime.com\/pt-pt#website","url":"https:\/\/www.camperstime.com\/pt-pt","name":"camperstime","description":"Themen und Artikel rund um einen Campingurlaub","potentialAction":[{"@type":"SearchAction","target":{"@type":"EntryPoint","urlTemplate":"https:\/\/www.camperstime.com\/pt-pt?s={search_term_string}"},"query-input":{"@type":"PropertyValueSpecification","valueRequired":true,"valueName":"search_term_string"}}],"inLanguage":"pt-PT"}]}},"_links":{"self":[{"href":"https:\/\/www.camperstime.com\/pt-pt\/wp-json\/wp\/v2\/pages\/28417","targetHints":{"allow":["GET"]}}],"collection":[{"href":"https:\/\/www.camperstime.com\/pt-pt\/wp-json\/wp\/v2\/pages"}],"about":[{"href":"https:\/\/www.camperstime.com\/pt-pt\/wp-json\/wp\/v2\/types\/page"}],"author":[{"embeddable":true,"href":"https:\/\/www.camperstime.com\/pt-pt\/wp-json\/wp\/v2\/users\/1"}],"replies":[{"embeddable":true,"href":"https:\/\/www.camperstime.com\/pt-pt\/wp-json\/wp\/v2\/comments?post=28417"}],"version-history":[{"count":0,"href":"https:\/\/www.camperstime.com\/pt-pt\/wp-json\/wp\/v2\/pages\/28417\/revisions"}],"wp:attachment":[{"href":"https:\/\/www.camperstime.com\/pt-pt\/wp-json\/wp\/v2\/media?parent=28417"}],"curies":[{"name":"wp","href":"https:\/\/api.w.org\/{rel}","templated":true}]}}