{"id":32251,"date":"2019-10-16T12:28:13","date_gmt":"2019-10-16T12:28:13","guid":{"rendered":"https:\/\/www.camperstime.com\/contact"},"modified":"2020-03-10T07:10:40","modified_gmt":"2020-03-10T07:10:40","slug":"contact","status":"publish","type":"page","link":"https:\/\/www.camperstime.com\/it\/contact","title":{"rendered":"Contatto"},"content":{"rendered":"<div class=\"wpb-content-wrapper\"><p>[vc_row][vc_column][vc_custom_heading text=&#8221;Il tuo contatto con noi&#8221; font_container=&#8221;tag:h1|font_size:32|text_align:left&#8221; google_fonts=&#8221;font_family:Fira%20Sans%3A300%2C300italic%2C400%2C400italic%2C500%2C500italic%2C700%2C700italic&#8221;][vc_empty_space][\/vc_column][\/vc_row][vc_row][vc_column width=&#8221;2\/5&#8243;][vc_column_text]<\/p>\n<h2>Dettagli di contatto<\/h2>\n<p>[\/vc_column_text][vc_separator color=&#8221;custom&#8221; align=&#8221;align_left&#8221; border_width=&#8221;2&#8243; el_width=&#8221;10&#8243; accent_color=&#8221;#f4524d&#8221; css=&#8221;.vc_custom_1583824218113{margin-top: -25px !important;}&#8221;][vc_empty_space height=&#8221;26px&#8221;][vc_column_text]Usa il modulo di contatto per tutte le domande. Ci occuperemo della tua richiesta il prima possibile e ti risponderemo.[\/vc_column_text]<div class=\"uavc-list-icon uavc-list-icon-wrapper ult-adjust-bottom-margin   vc_custom_1571286522019 ultimate_icon_list  vc_custom_1571286522019 ultimate_icon_list\"><ul class=\"uavc-list\"><li><div class=\"uavc-list-content\" id=\"list-icon-wrap-3200\">\n<div class=\"uavc-list-icon  \" data-animation=\"\" data-animation-delay=\"03\" style=\"margin-right:22px;\"><div class=\"ult-just-icon-wrapper   just_icon\"><div class=\"align-icon\" style=\"text-align:center;\">\n<div class=\"aio-icon-img \" style=\"font-size:33px;display:inline-block;\" >\n\t<img decoding=\"async\" class=\"img-icon\" alt=\"null\" src=\"https:\/\/www.camperstime.com\/wp-content\/uploads\/2019\/10\/ko1.png\"\/>\n<\/div><\/div><\/div>\n<\/div><span  data-ultimate-target='#list-icon-wrap-3200 .uavc-list-desc'  data-responsive-json-new='{\"font-size\":\"desktop:14px;\",\"line-height\":\"desktop:35px;\"}'  class=\"uavc-list-desc ult-responsive\" style=\"color:#5d6475;\">+49 176 377 090 70<\/span><\/div><\/li><li><div class=\"uavc-list-content\" id=\"list-icon-wrap-1949\">\n<div class=\"uavc-list-icon  \" data-animation=\"\" data-animation-delay=\"03\" style=\"margin-right:22px;\"><div class=\"ult-just-icon-wrapper   just_icon\"><div class=\"align-icon\" style=\"text-align:center;\">\n<div class=\"aio-icon-img \" style=\"font-size:33px;display:inline-block;\" >\n\t<img decoding=\"async\" class=\"img-icon\" alt=\"null\" src=\"https:\/\/www.camperstime.com\/wp-content\/uploads\/2019\/10\/ko6.png\"\/>\n<\/div><\/div><\/div>\n<\/div><span  data-ultimate-target='#list-icon-wrap-1949 .uavc-list-desc'  data-responsive-json-new='{\"font-size\":\"desktop:14px;\",\"line-height\":\"desktop:35px;\"}'  class=\"uavc-list-desc ult-responsive\" style=\"color:#5d6475;\">info @ camperstime.com<\/span><\/div><\/li><li><div class=\"uavc-list-content\" id=\"list-icon-wrap-4536\">\n<div class=\"uavc-list-icon  \" data-animation=\"\" data-animation-delay=\"03\" style=\"margin-right:22px;\"><div class=\"ult-just-icon-wrapper   just_icon\"><div class=\"align-icon\" style=\"text-align:center;\">\n<div class=\"aio-icon-img \" style=\"font-size:33px;display:inline-block;\" >\n\t<img decoding=\"async\" class=\"img-icon\" alt=\"null\" src=\"https:\/\/www.camperstime.com\/wp-content\/uploads\/2019\/10\/ko4.png\"\/>\n<\/div><\/div><\/div>\n<\/div><span  data-ultimate-target='#list-icon-wrap-4536 .uavc-list-desc'  data-responsive-json-new='{\"font-size\":\"desktop:14px;\",\"line-height\":\"desktop:35px;\"}'  class=\"uavc-list-desc ult-responsive\" style=\"color:#5d6475;\">www.camperstime.com<\/span><\/div><\/li><li><div class=\"uavc-list-content\" id=\"list-icon-wrap-1259\">\n<div class=\"uavc-list-icon  \" data-animation=\"\" data-animation-delay=\"03\" style=\"margin-right:22px;\"><div class=\"ult-just-icon-wrapper   just_icon\"><div class=\"align-icon\" style=\"text-align:center;\">\n<div class=\"aio-icon-img \" style=\"font-size:33px;display:inline-block;\" >\n\t<img decoding=\"async\" class=\"img-icon\" alt=\"null\" src=\"https:\/\/www.camperstime.com\/wp-content\/uploads\/2019\/10\/ko13.png\"\/>\n<\/div><\/div><\/div>\n<\/div><span  data-ultimate-target='#list-icon-wrap-1259 .uavc-list-desc'  data-responsive-json-new='{\"font-size\":\"desktop:14px;\",\"line-height\":\"desktop:35px;\"}'  class=\"uavc-list-desc ult-responsive\" style=\"color:#5d6475;\">Rosa-Hoffmann-Stra\u00dfe 33 \u2022 A-5020 Salisburgo<\/span><\/div><\/li><li><div class=\"uavc-list-content\" id=\"list-icon-wrap-9178\">\n<div class=\"uavc-list-icon  \" data-animation=\"\" data-animation-delay=\"03\" style=\"margin-right:22px;\"><div class=\"ult-just-icon-wrapper   just_icon\"><div class=\"align-icon\" style=\"text-align:center;\">\n<div class=\"aio-icon-img \" style=\"font-size:33px;display:inline-block;\" >\n\t<img decoding=\"async\" class=\"img-icon\" alt=\"null\" src=\"https:\/\/www.camperstime.com\/wp-content\/uploads\/2019\/10\/ko11.png\"\/>\n<\/div><\/div><\/div>\n<\/div><span  data-ultimate-target='#list-icon-wrap-9178 .uavc-list-desc'  data-responsive-json-new='{\"font-size\":\"desktop:14px;\",\"line-height\":\"desktop:35px;\"}'  class=\"uavc-list-desc ult-responsive\" style=\"color:#5d6475;\">Lunedi &#8211; Venerd\u00ec 9:00 &#8211; 17:00<\/span><\/div><\/li><\/ul><\/div>[\/vc_column][vc_column width=&#8221;3\/5&#8243;][vc_column_text]<\/p>\n<h2>Modulo di contatto<\/h2>\n<p>[\/vc_column_text][vc_separator color=&#8221;custom&#8221; align=&#8221;align_left&#8221; border_width=&#8221;2&#8243; el_width=&#8221;10&#8243; accent_color=&#8221;#f4524d&#8221; css=&#8221;.vc_custom_1583824232859{margin-top: -25px !important;}&#8221;]<div class=\"wpforms-container wpforms-container-full\" id=\"wpforms-32448\"><form id=\"wpforms-form-32448\" class=\"wpforms-validate wpforms-form\" data-formid=\"32448\" method=\"post\" enctype=\"multipart\/form-data\" action=\"\/it\/wp-json\/wp\/v2\/pages\/32251\" data-token=\"0b7e32b965f4899a7a93fc592d6afdfa\" data-token-time=\"1778692767\"><noscript class=\"wpforms-error-noscript\">Abilita JavaScript nel browser per completare questo modulo.<\/noscript><div class=\"wpforms-field-container\"><div id=\"wpforms-32448-field_0-container\" class=\"wpforms-field wpforms-field-name\" data-field-id=\"0\"><label class=\"wpforms-field-label\">Nome <span class=\"wpforms-required-label\">*<\/span><\/label><div class=\"wpforms-field-row wpforms-field-medium\"><div class=\"wpforms-field-row-block wpforms-first wpforms-one-half\"><input type=\"text\" id=\"wpforms-32448-field_0\" class=\"wpforms-field-name-first wpforms-field-required\" name=\"wpforms[fields][0][first]\" required><label for=\"wpforms-32448-field_0\" class=\"wpforms-field-sublabel after\">Nome<\/label><\/div><div class=\"wpforms-field-row-block wpforms-one-half\"><input type=\"text\" id=\"wpforms-32448-field_0-last\" class=\"wpforms-field-name-last wpforms-field-required\" name=\"wpforms[fields][0][last]\" required><label for=\"wpforms-32448-field_0-last\" class=\"wpforms-field-sublabel after\">Cognome<\/label><\/div><\/div><\/div><div id=\"wpforms-32448-field_1-container\" class=\"wpforms-field wpforms-field-email\" data-field-id=\"1\"><label class=\"wpforms-field-label\" for=\"wpforms-32448-field_1\">E-Mail <span class=\"wpforms-required-label\">*<\/span><\/label><input type=\"email\" id=\"wpforms-32448-field_1\" class=\"wpforms-field-medium wpforms-field-required\" name=\"wpforms[fields][1]\" spellcheck=\"false\" required><\/div><div id=\"wpforms-32448-field_2-container\" class=\"wpforms-field wpforms-field-textarea\" data-field-id=\"2\"><label class=\"wpforms-field-label\" for=\"wpforms-32448-field_2\">Commento o messaggio <span class=\"wpforms-required-label\">*<\/span><\/label><textarea id=\"wpforms-32448-field_2\" class=\"wpforms-field-medium wpforms-field-required\" name=\"wpforms[fields][2]\" required><\/textarea><\/div><div id=\"wpforms-32448-field_3-container\" class=\"wpforms-field wpforms-field-radio\" data-field-id=\"3\"><label class=\"wpforms-field-label\">Informativa sulla privacy  <span class=\"wpforms-required-label\">*<\/span><\/label><ul id=\"wpforms-32448-field_3\" class=\"wpforms-field-required\"><li class=\"choice-1 depth-1\"><input type=\"radio\" id=\"wpforms-32448-field_3_1\" name=\"wpforms[fields][3]\" value=\"Confermo l&#039;informativa sulla privacy\" required ><label class=\"wpforms-field-label-inline\" for=\"wpforms-32448-field_3_1\">Confermo l'informativa sulla privacy<\/label><\/li><\/ul><\/div><\/div><!-- .wpforms-field-container --><div class=\"wpforms-recaptcha-container wpforms-is-recaptcha wpforms-is-recaptcha-type-v2\" ><div class=\"g-recaptcha\" data-sitekey=\"6Lfb2r0UAAAAAFphTuBL0MQT0vGPJkVzEIOm_IVI\"><\/div><input type=\"text\" name=\"g-recaptcha-hidden\" class=\"wpforms-recaptcha-hidden\" style=\"position:absolute!important;clip:rect(0,0,0,0)!important;height:1px!important;width:1px!important;border:0!important;overflow:hidden!important;padding:0!important;margin:0!important;\" data-rule-recaptcha=\"1\"><\/div><div class=\"wpforms-submit-container\" ><input type=\"hidden\" name=\"wpforms[id]\" value=\"32448\"><input type=\"hidden\" name=\"page_title\" value=\"\"><input type=\"hidden\" name=\"page_url\" value=\"https:\/\/www.camperstime.com\/it\/wp-json\/wp\/v2\/pages\/32251\"><button type=\"submit\" name=\"wpforms[submit]\" id=\"wpforms-submit-32448\" class=\"wpforms-submit\" data-alt-text=\"Invia ...\" data-submit-text=\"Inviare\" aria-live=\"assertive\" value=\"wpforms-submit\">Inviare<\/button><\/div><label class=\"apbct_special_field\" id=\"apbct_label_id86267\" for=\"apbct__email_id__wp_wpforms_86267\">86267<\/label><input\n            id=\"apbct__email_id__wp_wpforms_86267\"\n            class=\"apbct_special_field apbct__email_id__wp_wpforms\"\n            name=\"apbct__email_id__wp_wpforms_86267\"\n            type=\"text\" size=\"30\" maxlength=\"200\" autocomplete=\"off\"\n            value=\"86267\" apbct_event_id=\"86267\"\n            \/><input id=\"apbct_event_id_wp_wpforms_86267\"\n                class=\"apbct_special_field\" name=\"apbct_event_id\" type=\"hidden\" value=\"86267\" \/><\/form><\/div>  <!-- .wpforms-container -->[vc_empty_space height=&#8221;24px&#8221;][vc_column_text]<\/p>\n<p style=\"font-size: 12px; line-height: 14px;\">Informazioni obbligatorie ai sensi dell&#8217;articolo 13 GDPR In caso di contatto iniziale, siamo tenuti ai sensi degli articoli 12, 13 GDPR a fornire le seguenti informazioni obbligatorie sulla protezione dei dati: Se ci contattate via e-mail, trattiamo i vostri dati personali solo nella misura in cui l&#8217;elaborazione esiste un interesse legittimo (Articolo 6 (1) (f) GDPR), hai acconsentito al trattamento dei dati (Articolo 6 (1) (a) GDPR), al trattamento per l&#8217;avvio, la giustificazione, il contenuto o la modifica di una relazione legale tra Tu e noi siamo tenuti (Articolo 6 (1) (b) GDPR) o qualsiasi altro standard legale che consenta il trattamento. I tuoi dati personali rimangono con noi fino a quando non ci chiedi di eliminare, revocare il tuo consenso all&#8217;archiviazione o omettere lo scopo per l&#8217;archiviazione dei dati (ad esempio dopo il completamento della tua preoccupazione). Le disposizioni di legge obbligatorie &#8211; in particolare i periodi di conservazione fiscale e commerciale &#8211; rimangono inalterati. Hai il diritto in qualsiasi momento di ricevere informazioni sull&#8217;origine, il destinatario e lo scopo dei tuoi dati personali memorizzati gratuitamente. Hai anche il diritto di opposizione, la portabilit\u00e0 dei dati e il diritto di presentare ricorso all&#8217;autorit\u00e0 di regolamentazione competente. \u00c8 inoltre possibile richiedere la rettifica, la cancellazione e, in determinate circostanze, la limitazione del trattamento dei dati personali. Per i dettagli, consulta la nostra <a href=\"https:\/\/www.camperstime.com\/it\/terms-and-conditions\"> Informativa sulla privacy<\/a>. Puoi contattare il nostro responsabile della protezione dei dati all&#8217;indirizzo datenschutz@cincomedia.eu.<\/p>\n<p>[\/vc_column_text][\/vc_column][\/vc_row]<\/p>\n<\/div>","protected":false},"excerpt":{"rendered":"<p>[vc_row][vc_column][vc_custom_heading text=&#8221;Il tuo contatto con noi&#8221; font_container=&#8221;tag:h1|font_size:32|text_align:left&#8221; google_fonts=&#8221;font_family:Fira%20Sans%3A300%2C300italic%2C400%2C400italic%2C500%2C500italic%2C700%2C700italic&#8221;][vc_empty_space][\/vc_column][\/vc_row][vc_row][vc_column width=&#8221;2\/5&#8243;][vc_column_text] Dettagli di contatto [\/vc_column_text][vc_separator color=&#8221;custom&#8221; align=&#8221;align_left&#8221; border_width=&#8221;2&#8243; el_width=&#8221;10&#8243; accent_color=&#8221;#f4524d&#8221; css=&#8221;.vc_custom_1583824218113{margin-top: -25px !important;}&#8221;][vc_empty_space height=&#8221;26px&#8221;][vc_column_text]Usa il modulo di contatto per tutte le domande. Ci occuperemo della tua richiesta il prima possibile e ti risponderemo.[\/vc_column_text][\/vc_column][vc_column width=&#8221;3\/5&#8243;][vc_column_text] Modulo di contatto [\/vc_column_text][vc_separator color=&#8221;custom&#8221; align=&#8221;align_left&#8221; border_width=&#8221;2&#8243; el_width=&#8221;10&#8243; accent_color=&#8221;#f4524d&#8221; css=&#8221;.vc_custom_1583824232859{margin-top: -25px !important;}&#8221;][vc_empty_space height=&#8221;24px&#8221;][vc_column_text] &#8230;<\/p>\n","protected":false},"author":1,"featured_media":0,"parent":0,"menu_order":0,"comment_status":"closed","ping_status":"closed","template":"","meta":{"inline_featured_image":false,"footnotes":""},"class_list":["post-32251","page","type-page","status-publish","hentry"],"yoast_head":"<!-- This site is optimized with the Yoast SEO plugin v24.3 - https:\/\/yoast.com\/wordpress\/plugins\/seo\/ -->\n<title>Il tuo contatto con noi<\/title>\n<meta name=\"description\" content=\"Bitte benutzen Sie f\u00fcr alle Anfragen das Kontaktformular!\" \/>\n<meta name=\"robots\" content=\"index, follow, max-snippet:-1, max-image-preview:large, max-video-preview:-1\" \/>\n<link rel=\"canonical\" href=\"https:\/\/www.camperstime.com\/it\/contact\" \/>\n<meta property=\"og:locale\" content=\"it_IT\" \/>\n<meta property=\"og:type\" content=\"article\" \/>\n<meta property=\"og:title\" content=\"Il tuo contatto con noi\" \/>\n<meta property=\"og:description\" content=\"Bitte benutzen Sie f\u00fcr alle Anfragen das Kontaktformular!\" \/>\n<meta property=\"og:url\" content=\"https:\/\/www.camperstime.com\/it\/contact\" \/>\n<meta property=\"og:site_name\" content=\"camperstime\" \/>\n<meta property=\"article:modified_time\" content=\"2020-03-10T07:10:40+00:00\" \/>\n<meta name=\"twitter:card\" content=\"summary_large_image\" \/>\n<meta name=\"twitter:label1\" content=\"Tempo di lettura stimato\" \/>\n\t<meta name=\"twitter:data1\" content=\"3 minuti\" \/>\n<script type=\"application\/ld+json\" class=\"yoast-schema-graph\">{\"@context\":\"https:\/\/schema.org\",\"@graph\":[{\"@type\":\"WebPage\",\"@id\":\"https:\/\/www.camperstime.com\/it\/contact\",\"url\":\"https:\/\/www.camperstime.com\/it\/contact\",\"name\":\"Il tuo contatto con noi\",\"isPartOf\":{\"@id\":\"https:\/\/www.camperstime.com\/it\/#website\"},\"datePublished\":\"2019-10-16T12:28:13+00:00\",\"dateModified\":\"2020-03-10T07:10:40+00:00\",\"description\":\"Bitte benutzen Sie f\u00fcr alle Anfragen das Kontaktformular!\",\"breadcrumb\":{\"@id\":\"https:\/\/www.camperstime.com\/it\/contact#breadcrumb\"},\"inLanguage\":\"it-IT\",\"potentialAction\":[{\"@type\":\"ReadAction\",\"target\":[\"https:\/\/www.camperstime.com\/it\/contact\"]}]},{\"@type\":\"BreadcrumbList\",\"@id\":\"https:\/\/www.camperstime.com\/it\/contact#breadcrumb\",\"itemListElement\":[{\"@type\":\"ListItem\",\"position\":1,\"name\":\"Startseite\",\"item\":\"https:\/\/www.camperstime.com\/it\"},{\"@type\":\"ListItem\",\"position\":2,\"name\":\"Contatto\"}]},{\"@type\":\"WebSite\",\"@id\":\"https:\/\/www.camperstime.com\/it\/#website\",\"url\":\"https:\/\/www.camperstime.com\/it\/\",\"name\":\"camperstime\",\"description\":\"Themen und Artikel rund um einen Campingurlaub\",\"potentialAction\":[{\"@type\":\"SearchAction\",\"target\":{\"@type\":\"EntryPoint\",\"urlTemplate\":\"https:\/\/www.camperstime.com\/it\/?s={search_term_string}\"},\"query-input\":{\"@type\":\"PropertyValueSpecification\",\"valueRequired\":true,\"valueName\":\"search_term_string\"}}],\"inLanguage\":\"it-IT\"}]}<\/script>\n<!-- \/ Yoast SEO plugin. -->","yoast_head_json":{"title":"Il tuo contatto con noi","description":"Bitte benutzen Sie f\u00fcr alle Anfragen das Kontaktformular!","robots":{"index":"index","follow":"follow","max-snippet":"max-snippet:-1","max-image-preview":"max-image-preview:large","max-video-preview":"max-video-preview:-1"},"canonical":"https:\/\/www.camperstime.com\/it\/contact","og_locale":"it_IT","og_type":"article","og_title":"Il tuo contatto con noi","og_description":"Bitte benutzen Sie f\u00fcr alle Anfragen das Kontaktformular!","og_url":"https:\/\/www.camperstime.com\/it\/contact","og_site_name":"camperstime","article_modified_time":"2020-03-10T07:10:40+00:00","twitter_card":"summary_large_image","twitter_misc":{"Tempo di lettura stimato":"3 minuti"},"schema":{"@context":"https:\/\/schema.org","@graph":[{"@type":"WebPage","@id":"https:\/\/www.camperstime.com\/it\/contact","url":"https:\/\/www.camperstime.com\/it\/contact","name":"Il tuo contatto con noi","isPartOf":{"@id":"https:\/\/www.camperstime.com\/it\/#website"},"datePublished":"2019-10-16T12:28:13+00:00","dateModified":"2020-03-10T07:10:40+00:00","description":"Bitte benutzen Sie f\u00fcr alle Anfragen das Kontaktformular!","breadcrumb":{"@id":"https:\/\/www.camperstime.com\/it\/contact#breadcrumb"},"inLanguage":"it-IT","potentialAction":[{"@type":"ReadAction","target":["https:\/\/www.camperstime.com\/it\/contact"]}]},{"@type":"BreadcrumbList","@id":"https:\/\/www.camperstime.com\/it\/contact#breadcrumb","itemListElement":[{"@type":"ListItem","position":1,"name":"Startseite","item":"https:\/\/www.camperstime.com\/it"},{"@type":"ListItem","position":2,"name":"Contatto"}]},{"@type":"WebSite","@id":"https:\/\/www.camperstime.com\/it\/#website","url":"https:\/\/www.camperstime.com\/it\/","name":"camperstime","description":"Themen und Artikel rund um einen Campingurlaub","potentialAction":[{"@type":"SearchAction","target":{"@type":"EntryPoint","urlTemplate":"https:\/\/www.camperstime.com\/it\/?s={search_term_string}"},"query-input":{"@type":"PropertyValueSpecification","valueRequired":true,"valueName":"search_term_string"}}],"inLanguage":"it-IT"}]}},"_links":{"self":[{"href":"https:\/\/www.camperstime.com\/it\/wp-json\/wp\/v2\/pages\/32251","targetHints":{"allow":["GET"]}}],"collection":[{"href":"https:\/\/www.camperstime.com\/it\/wp-json\/wp\/v2\/pages"}],"about":[{"href":"https:\/\/www.camperstime.com\/it\/wp-json\/wp\/v2\/types\/page"}],"author":[{"embeddable":true,"href":"https:\/\/www.camperstime.com\/it\/wp-json\/wp\/v2\/users\/1"}],"replies":[{"embeddable":true,"href":"https:\/\/www.camperstime.com\/it\/wp-json\/wp\/v2\/comments?post=32251"}],"version-history":[{"count":0,"href":"https:\/\/www.camperstime.com\/it\/wp-json\/wp\/v2\/pages\/32251\/revisions"}],"wp:attachment":[{"href":"https:\/\/www.camperstime.com\/it\/wp-json\/wp\/v2\/media?parent=32251"}],"curies":[{"name":"wp","href":"https:\/\/api.w.org\/{rel}","templated":true}]}}