{"id":32250,"date":"2019-10-16T12:28:13","date_gmt":"2019-10-16T12:28:13","guid":{"rendered":"https:\/\/www.camperstime.com\/contact"},"modified":"2020-03-10T06:57:38","modified_gmt":"2020-03-10T06:57:38","slug":"contact","status":"publish","type":"page","link":"https:\/\/www.camperstime.com\/fr\/contact","title":{"rendered":"Votre contact avec nous"},"content":{"rendered":"<div class=\"wpb-content-wrapper\"><p>[vc_row][vc_column][vc_custom_heading text=\u00a0\u00bbVotre contact avec nous\u00a0\u00bb font_container=\u00a0\u00bbtag:h1|font_size:32|text_align:left\u00a0\u00bb google_fonts=\u00a0\u00bbfont_family:Fira%20Sans%3A300%2C300italic%2C400%2C400italic%2C500%2C500italic%2C700%2C700italic|font_style:700%20bold%20regular%3A700%3Anormal\u00a0\u00bb][vc_empty_space][\/vc_column][\/vc_row][vc_row][vc_column width=\u00a0\u00bb2\/5&Prime;][vc_column_text]<\/p>\n<h2>Coordonn\u00e9es<\/h2>\n<p>[\/vc_column_text][vc_separator color=\u00a0\u00bbcustom\u00a0\u00bb align=\u00a0\u00bbalign_left\u00a0\u00bb border_width=\u00a0\u00bb2&Prime; el_width=\u00a0\u00bb10&Prime; accent_color=\u00a0\u00bb#f4524d\u00a0\u00bb css=\u00a0\u00bb.vc_custom_1583823214832{margin-top: -25px !important;}\u00a0\u00bb][vc_empty_space height=\u00a0\u00bb26px\u00a0\u00bb][vc_column_text]Utilisez le formulaire de contact pour toutes les questions. Nous prendrons en charge votre demande dans les meilleurs d\u00e9lais et vous r\u00e9pondrons.[\/vc_column_text]<div class=\"uavc-list-icon uavc-list-icon-wrapper ult-adjust-bottom-margin   vc_custom_1571286522019 ultimate_icon_list  vc_custom_1571286522019 ultimate_icon_list\"><ul class=\"uavc-list\"><li><div class=\"uavc-list-content\" id=\"list-icon-wrap-7919\">\n<div class=\"uavc-list-icon  \" data-animation=\"\" data-animation-delay=\"03\" style=\"margin-right:22px;\"><div class=\"ult-just-icon-wrapper   just_icon\"><div class=\"align-icon\" style=\"text-align:center;\">\n<div class=\"aio-icon-img \" style=\"font-size:33px;display:inline-block;\" >\n\t<img decoding=\"async\" class=\"img-icon\" alt=\"null\" src=\"https:\/\/www.camperstime.com\/wp-content\/uploads\/2019\/10\/ko1.png\"\/>\n<\/div><\/div><\/div>\n<\/div><span  data-ultimate-target='#list-icon-wrap-7919 .uavc-list-desc'  data-responsive-json-new='{\"font-size\":\"desktop:14px;\",\"line-height\":\"desktop:35px;\"}'  class=\"uavc-list-desc ult-responsive\" style=\"color:#5d6475;\">+49 176 377 090 70<\/span><\/div><\/li><li><div class=\"uavc-list-content\" id=\"list-icon-wrap-3241\">\n<div class=\"uavc-list-icon  \" data-animation=\"\" data-animation-delay=\"03\" style=\"margin-right:22px;\"><div class=\"ult-just-icon-wrapper   just_icon\"><div class=\"align-icon\" style=\"text-align:center;\">\n<div class=\"aio-icon-img \" style=\"font-size:33px;display:inline-block;\" >\n\t<img decoding=\"async\" class=\"img-icon\" alt=\"null\" src=\"https:\/\/www.camperstime.com\/wp-content\/uploads\/2019\/10\/ko6.png\"\/>\n<\/div><\/div><\/div>\n<\/div><span  data-ultimate-target='#list-icon-wrap-3241 .uavc-list-desc'  data-responsive-json-new='{\"font-size\":\"desktop:14px;\",\"line-height\":\"desktop:35px;\"}'  class=\"uavc-list-desc ult-responsive\" style=\"color:#5d6475;\">info @ camperstime.com<\/span><\/div><\/li><li><div class=\"uavc-list-content\" id=\"list-icon-wrap-6199\">\n<div class=\"uavc-list-icon  \" data-animation=\"\" data-animation-delay=\"03\" style=\"margin-right:22px;\"><div class=\"ult-just-icon-wrapper   just_icon\"><div class=\"align-icon\" style=\"text-align:center;\">\n<div class=\"aio-icon-img \" style=\"font-size:33px;display:inline-block;\" >\n\t<img decoding=\"async\" class=\"img-icon\" alt=\"null\" src=\"https:\/\/www.camperstime.com\/wp-content\/uploads\/2019\/10\/ko4.png\"\/>\n<\/div><\/div><\/div>\n<\/div><span  data-ultimate-target='#list-icon-wrap-6199 .uavc-list-desc'  data-responsive-json-new='{\"font-size\":\"desktop:14px;\",\"line-height\":\"desktop:35px;\"}'  class=\"uavc-list-desc ult-responsive\" style=\"color:#5d6475;\">www.camperstime.com<\/span><\/div><\/li><li><div class=\"uavc-list-content\" id=\"list-icon-wrap-5343\">\n<div class=\"uavc-list-icon  \" data-animation=\"\" data-animation-delay=\"03\" style=\"margin-right:22px;\"><div class=\"ult-just-icon-wrapper   just_icon\"><div class=\"align-icon\" style=\"text-align:center;\">\n<div class=\"aio-icon-img \" style=\"font-size:33px;display:inline-block;\" >\n\t<img decoding=\"async\" class=\"img-icon\" alt=\"null\" src=\"https:\/\/www.camperstime.com\/wp-content\/uploads\/2019\/10\/ko13.png\"\/>\n<\/div><\/div><\/div>\n<\/div><span  data-ultimate-target='#list-icon-wrap-5343 .uavc-list-desc'  data-responsive-json-new='{\"font-size\":\"desktop:14px;\",\"line-height\":\"desktop:35px;\"}'  class=\"uavc-list-desc ult-responsive\" style=\"color:#5d6475;\">Rosa-Hoffmann-Stra\u00dfe 33 \u2022 A-5020 Salzbourg<\/span><\/div><\/li><li><div class=\"uavc-list-content\" id=\"list-icon-wrap-3876\">\n<div class=\"uavc-list-icon  \" data-animation=\"\" data-animation-delay=\"03\" style=\"margin-right:22px;\"><div class=\"ult-just-icon-wrapper   just_icon\"><div class=\"align-icon\" style=\"text-align:center;\">\n<div class=\"aio-icon-img \" style=\"font-size:33px;display:inline-block;\" >\n\t<img decoding=\"async\" class=\"img-icon\" alt=\"null\" src=\"https:\/\/www.camperstime.com\/wp-content\/uploads\/2019\/10\/ko11.png\"\/>\n<\/div><\/div><\/div>\n<\/div><span  data-ultimate-target='#list-icon-wrap-3876 .uavc-list-desc'  data-responsive-json-new='{\"font-size\":\"desktop:14px;\",\"line-height\":\"desktop:35px;\"}'  class=\"uavc-list-desc ult-responsive\" style=\"color:#5d6475;\">Du lundi au vendredi de 9h00 \u00e0 17h00<\/span><\/div><\/li><\/ul><\/div>[\/vc_column][vc_column width=\u00a0\u00bb3\/5&Prime;][vc_column_text]<\/p>\n<h2>Formulaire de contact<\/h2>\n<p>[\/vc_column_text][vc_separator color=\u00a0\u00bbcustom\u00a0\u00bb align=\u00a0\u00bbalign_left\u00a0\u00bb border_width=\u00a0\u00bb2&Prime; el_width=\u00a0\u00bb10&Prime; accent_color=\u00a0\u00bb#f4524d\u00a0\u00bb css=\u00a0\u00bb.vc_custom_1583823226881{margin-top: -25px !important;}\u00a0\u00bb]<div class=\"wpforms-container wpforms-container-full\" id=\"wpforms-32464\"><form id=\"wpforms-form-32464\" class=\"wpforms-validate wpforms-form\" data-formid=\"32464\" method=\"post\" enctype=\"multipart\/form-data\" action=\"\/fr\/wp-json\/wp\/v2\/pages\/32250\" data-token=\"ab9be3735ace551e1be6adc211646e58\" data-token-time=\"1778067086\"><noscript class=\"wpforms-error-noscript\">Veuillez activer JavaScript dans votre navigateur pour remplir ce formulaire.<\/noscript><div class=\"wpforms-field-container\"><div id=\"wpforms-32464-field_0-container\" class=\"wpforms-field wpforms-field-name\" data-field-id=\"0\"><label class=\"wpforms-field-label\">Nom <span class=\"wpforms-required-label\">*<\/span><\/label><div class=\"wpforms-field-row wpforms-field-medium\"><div class=\"wpforms-field-row-block wpforms-first wpforms-one-half\"><input type=\"text\" id=\"wpforms-32464-field_0\" class=\"wpforms-field-name-first wpforms-field-required\" name=\"wpforms[fields][0][first]\" required><label for=\"wpforms-32464-field_0\" class=\"wpforms-field-sublabel after\">Pr\u00e9nom<\/label><\/div><div class=\"wpforms-field-row-block wpforms-one-half\"><input type=\"text\" id=\"wpforms-32464-field_0-last\" class=\"wpforms-field-name-last wpforms-field-required\" name=\"wpforms[fields][0][last]\" required><label for=\"wpforms-32464-field_0-last\" class=\"wpforms-field-sublabel after\">Nom<\/label><\/div><\/div><\/div><div id=\"wpforms-32464-field_1-container\" class=\"wpforms-field wpforms-field-email\" data-field-id=\"1\"><label class=\"wpforms-field-label\" for=\"wpforms-32464-field_1\">\u00c9mail <span class=\"wpforms-required-label\">*<\/span><\/label><input type=\"email\" id=\"wpforms-32464-field_1\" class=\"wpforms-field-medium wpforms-field-required\" name=\"wpforms[fields][1]\" spellcheck=\"false\" required><\/div><div id=\"wpforms-32464-field_2-container\" class=\"wpforms-field wpforms-field-textarea\" data-field-id=\"2\"><label class=\"wpforms-field-label\" for=\"wpforms-32464-field_2\">Commentaire ou message <span class=\"wpforms-required-label\">*<\/span><\/label><textarea id=\"wpforms-32464-field_2\" class=\"wpforms-field-medium wpforms-field-required\" name=\"wpforms[fields][2]\" required><\/textarea><\/div><div id=\"wpforms-32464-field_3-container\" class=\"wpforms-field wpforms-field-radio\" data-field-id=\"3\"><label class=\"wpforms-field-label\">Politique de confidentialit\u00e9 <span class=\"wpforms-required-label\">*<\/span><\/label><ul id=\"wpforms-32464-field_3\" class=\"wpforms-field-required\"><li class=\"choice-1 depth-1\"><input type=\"radio\" id=\"wpforms-32464-field_3_1\" name=\"wpforms[fields][3]\" value=\"Je reconnais la politique de confidentialit\u00e9\" required ><label class=\"wpforms-field-label-inline\" for=\"wpforms-32464-field_3_1\">Je reconnais la politique de confidentialit\u00e9<\/label><\/li><\/ul><\/div><\/div><!-- .wpforms-field-container --><div class=\"wpforms-recaptcha-container wpforms-is-recaptcha wpforms-is-recaptcha-type-v2\" ><div class=\"g-recaptcha\" data-sitekey=\"6Lfb2r0UAAAAAFphTuBL0MQT0vGPJkVzEIOm_IVI\"><\/div><input type=\"text\" name=\"g-recaptcha-hidden\" class=\"wpforms-recaptcha-hidden\" style=\"position:absolute!important;clip:rect(0,0,0,0)!important;height:1px!important;width:1px!important;border:0!important;overflow:hidden!important;padding:0!important;margin:0!important;\" data-rule-recaptcha=\"1\"><\/div><div class=\"wpforms-submit-container\" ><input type=\"hidden\" name=\"wpforms[id]\" value=\"32464\"><input type=\"hidden\" name=\"page_title\" value=\"\"><input type=\"hidden\" name=\"page_url\" value=\"https:\/\/www.camperstime.com\/fr\/wp-json\/wp\/v2\/pages\/32250\"><button type=\"submit\" name=\"wpforms[submit]\" id=\"wpforms-submit-32464\" class=\"wpforms-submit\" data-alt-text=\"Envoyer ...\" data-submit-text=\"Envoyer\" aria-live=\"assertive\" value=\"wpforms-submit\">Envoyer<\/button><\/div><label class=\"apbct_special_field\" id=\"apbct_label_id69811\" for=\"apbct__email_id__wp_wpforms_69811\">69811<\/label><input\n            id=\"apbct__email_id__wp_wpforms_69811\"\n            class=\"apbct_special_field apbct__email_id__wp_wpforms\"\n            name=\"apbct__email_id__wp_wpforms_69811\"\n            type=\"text\" size=\"30\" maxlength=\"200\" autocomplete=\"off\"\n            value=\"69811\" apbct_event_id=\"69811\"\n            \/><input id=\"apbct_event_id_wp_wpforms_69811\"\n                class=\"apbct_special_field\" name=\"apbct_event_id\" type=\"hidden\" value=\"69811\" \/><\/form><\/div>  <!-- .wpforms-container -->[vc_empty_space height=\u00a0\u00bb24px\u00a0\u00bb][vc_column_text]<\/p>\n<p style=\"font-size: 12px; line-height: 14px;\">Informations obligatoires conform\u00e9ment \u00e0 l&rsquo;article 13 du RPGD En cas de premier contact, nous sommes tenus, en vertu de l&rsquo;article 12, du RPGP 13, de vous fournir les informations obligatoires suivantes relatives \u00e0 la protection des donn\u00e9es: Si vous nous contactez par e-mail, nous ne traiterons vos donn\u00e9es \u00e0 caract\u00e8re personnel un int\u00e9r\u00eat l\u00e9gitime existe (article 6 (1) (f) du GDPR), vous avez consenti au traitement de donn\u00e9es (article 6 (1) a) du GDPR), au traitement pour l\u2019initiation, la justification, le contenu ou la modification d\u2019un rapport juridique entre Vous et nous sommes tenus de respecter (article 6 (1) b) du RGPD) ou tout autre crit\u00e8re juridique autorisant le traitement. Vos donn\u00e9es personnelles restent avec nous jusqu&rsquo;\u00e0 ce que vous nous demandiez de les supprimer, de r\u00e9voquer votre consentement au stockage ou que le but du stockage des donn\u00e9es soit omis (par exemple, une fois que votre probl\u00e8me a \u00e9t\u00e9 trait\u00e9). Les dispositions l\u00e9gales obligatoires &#8211; en particulier les p\u00e9riodes de r\u00e9tention fiscale et commerciale &#8211; restent inchang\u00e9es. Vous devez toujours obtenir gratuitement des informations sur l&rsquo;origine, le destinataire et le but de vos donn\u00e9es personnelles stock\u00e9es le droit. Vous disposez \u00e9galement d&rsquo;un droit d&rsquo;appel, \u00e0 la portabilit\u00e9 des donn\u00e9es et le droit de faire appel \u00e0 l&rsquo;autorit\u00e9 de surveillance comp\u00e9tente. Vous pouvez \u00e9galement demander la rectification, la suppression et, dans certaines circonstances, la limitation du traitement de vos donn\u00e9es personnelles. Veuillez consulter notre <a href=\"https:\/\/www.camperstime.com\/fr\/terms-and-conditions\"> R\u00e8gles de confidentialit\u00e9<\/a> pour plus de d\u00e9tails. Vous pouvez contacter notre responsable de la protection des donn\u00e9es \u00e0 datenschutz@cincomedia.eu.<\/p>\n<p>[\/vc_column_text][\/vc_column][\/vc_row]<\/p>\n<\/div>","protected":false},"excerpt":{"rendered":"<p>[vc_row][vc_column][vc_custom_heading text=\u00a0\u00bbVotre contact avec nous\u00a0\u00bb font_container=\u00a0\u00bbtag:h1|font_size:32|text_align:left\u00a0\u00bb google_fonts=\u00a0\u00bbfont_family:Fira%20Sans%3A300%2C300italic%2C400%2C400italic%2C500%2C500italic%2C700%2C700italic|font_style:700%20bold%20regular%3A700%3Anormal\u00a0\u00bb][vc_empty_space][\/vc_column][\/vc_row][vc_row][vc_column width=\u00a0\u00bb2\/5&Prime;][vc_column_text] Coordonn\u00e9es [\/vc_column_text][vc_separator color=\u00a0\u00bbcustom\u00a0\u00bb align=\u00a0\u00bbalign_left\u00a0\u00bb border_width=\u00a0\u00bb2&Prime; el_width=\u00a0\u00bb10&Prime; accent_color=\u00a0\u00bb#f4524d\u00a0\u00bb css=\u00a0\u00bb.vc_custom_1583823214832{margin-top: -25px !important;}\u00a0\u00bb][vc_empty_space height=\u00a0\u00bb26px\u00a0\u00bb][vc_column_text]Utilisez le formulaire de contact pour toutes les questions. Nous prendrons en charge votre demande dans les meilleurs d\u00e9lais et vous r\u00e9pondrons.[\/vc_column_text][\/vc_column][vc_column width=\u00a0\u00bb3\/5&Prime;][vc_column_text] Formulaire de contact [\/vc_column_text][vc_separator color=\u00a0\u00bbcustom\u00a0\u00bb align=\u00a0\u00bbalign_left\u00a0\u00bb border_width=\u00a0\u00bb2&Prime; el_width=\u00a0\u00bb10&Prime; accent_color=\u00a0\u00bb#f4524d\u00a0\u00bb css=\u00a0\u00bb.vc_custom_1583823226881{margin-top: -25px !important;}\u00a0\u00bb][vc_empty_space height=\u00a0\u00bb24px\u00a0\u00bb][vc_column_text] Informations &#8230;<\/p>\n","protected":false},"author":1,"featured_media":0,"parent":0,"menu_order":0,"comment_status":"closed","ping_status":"closed","template":"","meta":{"inline_featured_image":false,"footnotes":""},"class_list":["post-32250","page","type-page","status-publish","hentry"],"yoast_head":"<!-- This site is optimized with the Yoast SEO plugin v24.3 - https:\/\/yoast.com\/wordpress\/plugins\/seo\/ -->\n<title>Votre contact avec nous<\/title>\n<meta name=\"robots\" content=\"index, follow, max-snippet:-1, max-image-preview:large, max-video-preview:-1\" \/>\n<link rel=\"canonical\" href=\"https:\/\/www.camperstime.com\/fr\/contact\" \/>\n<meta property=\"og:locale\" content=\"fr_FR\" \/>\n<meta property=\"og:type\" content=\"article\" \/>\n<meta property=\"og:title\" content=\"Votre contact avec nous\" \/>\n<meta property=\"og:description\" content=\"[vc_row][vc_column][vc_custom_heading text=\u00a0\u00bbVotre contact avec nous\u00a0\u00bb font_container=\u00a0\u00bbtag:h1|font_size:32|text_align:left\u00a0\u00bb google_fonts=\u00a0\u00bbfont_family:Fira%20Sans%3A300%2C300italic%2C400%2C400italic%2C500%2C500italic%2C700%2C700italic|font_style:700%20bold%20regular%3A700%3Anormal\u00a0\u00bb][vc_empty_space][\/vc_column][\/vc_row][vc_row][vc_column width=\u00a0\u00bb2\/5&Prime;][vc_column_text] Coordonn\u00e9es [\/vc_column_text][vc_separator color=\u00a0\u00bbcustom\u00a0\u00bb align=\u00a0\u00bbalign_left\u00a0\u00bb border_width=\u00a0\u00bb2&Prime; el_width=\u00a0\u00bb10&Prime; accent_color=\u00a0\u00bb#f4524d\u00a0\u00bb css=\u00a0\u00bb.vc_custom_1583823214832{margin-top: -25px !important;}\u00a0\u00bb][vc_empty_space height=\u00a0\u00bb26px\u00a0\u00bb][vc_column_text]Utilisez le formulaire de contact pour toutes les questions. Nous prendrons en charge votre demande dans les meilleurs d\u00e9lais et vous r\u00e9pondrons.[\/vc_column_text][\/vc_column][vc_column width=\u00a0\u00bb3\/5&Prime;][vc_column_text] Formulaire de contact [\/vc_column_text][vc_separator color=\u00a0\u00bbcustom\u00a0\u00bb align=\u00a0\u00bbalign_left\u00a0\u00bb border_width=\u00a0\u00bb2&Prime; el_width=\u00a0\u00bb10&Prime; accent_color=\u00a0\u00bb#f4524d\u00a0\u00bb css=\u00a0\u00bb.vc_custom_1583823226881{margin-top: -25px !important;}\u00a0\u00bb][vc_empty_space height=\u00a0\u00bb24px\u00a0\u00bb][vc_column_text] Informations ...\" \/>\n<meta property=\"og:url\" content=\"https:\/\/www.camperstime.com\/fr\/contact\" \/>\n<meta property=\"og:site_name\" content=\"camperstime\" \/>\n<meta property=\"article:modified_time\" content=\"2020-03-10T06:57:38+00:00\" \/>\n<meta name=\"twitter:card\" content=\"summary_large_image\" \/>\n<meta name=\"twitter:label1\" content=\"Dur\u00e9e de lecture estim\u00e9e\" \/>\n\t<meta name=\"twitter:data1\" content=\"4 minutes\" \/>\n<script type=\"application\/ld+json\" class=\"yoast-schema-graph\">{\"@context\":\"https:\/\/schema.org\",\"@graph\":[{\"@type\":\"WebPage\",\"@id\":\"https:\/\/www.camperstime.com\/fr\/contact\",\"url\":\"https:\/\/www.camperstime.com\/fr\/contact\",\"name\":\"Votre contact avec nous\",\"isPartOf\":{\"@id\":\"https:\/\/www.camperstime.com\/fr#website\"},\"datePublished\":\"2019-10-16T12:28:13+00:00\",\"dateModified\":\"2020-03-10T06:57:38+00:00\",\"breadcrumb\":{\"@id\":\"https:\/\/www.camperstime.com\/fr\/contact#breadcrumb\"},\"inLanguage\":\"fr-FR\",\"potentialAction\":[{\"@type\":\"ReadAction\",\"target\":[\"https:\/\/www.camperstime.com\/fr\/contact\"]}]},{\"@type\":\"BreadcrumbList\",\"@id\":\"https:\/\/www.camperstime.com\/fr\/contact#breadcrumb\",\"itemListElement\":[{\"@type\":\"ListItem\",\"position\":1,\"name\":\"Startseite\",\"item\":\"https:\/\/www.camperstime.com\/fr\"},{\"@type\":\"ListItem\",\"position\":2,\"name\":\"Votre contact avec nous\"}]},{\"@type\":\"WebSite\",\"@id\":\"https:\/\/www.camperstime.com\/fr#website\",\"url\":\"https:\/\/www.camperstime.com\/fr\",\"name\":\"camperstime\",\"description\":\"Themen und Artikel rund um einen Campingurlaub\",\"potentialAction\":[{\"@type\":\"SearchAction\",\"target\":{\"@type\":\"EntryPoint\",\"urlTemplate\":\"https:\/\/www.camperstime.com\/fr?s={search_term_string}\"},\"query-input\":{\"@type\":\"PropertyValueSpecification\",\"valueRequired\":true,\"valueName\":\"search_term_string\"}}],\"inLanguage\":\"fr-FR\"}]}<\/script>\n<!-- \/ Yoast SEO plugin. -->","yoast_head_json":{"title":"Votre contact avec nous","robots":{"index":"index","follow":"follow","max-snippet":"max-snippet:-1","max-image-preview":"max-image-preview:large","max-video-preview":"max-video-preview:-1"},"canonical":"https:\/\/www.camperstime.com\/fr\/contact","og_locale":"fr_FR","og_type":"article","og_title":"Votre contact avec nous","og_description":"[vc_row][vc_column][vc_custom_heading text=\u00a0\u00bbVotre contact avec nous\u00a0\u00bb font_container=\u00a0\u00bbtag:h1|font_size:32|text_align:left\u00a0\u00bb google_fonts=\u00a0\u00bbfont_family:Fira%20Sans%3A300%2C300italic%2C400%2C400italic%2C500%2C500italic%2C700%2C700italic|font_style:700%20bold%20regular%3A700%3Anormal\u00a0\u00bb][vc_empty_space][\/vc_column][\/vc_row][vc_row][vc_column width=\u00a0\u00bb2\/5&Prime;][vc_column_text] Coordonn\u00e9es [\/vc_column_text][vc_separator color=\u00a0\u00bbcustom\u00a0\u00bb align=\u00a0\u00bbalign_left\u00a0\u00bb border_width=\u00a0\u00bb2&Prime; el_width=\u00a0\u00bb10&Prime; accent_color=\u00a0\u00bb#f4524d\u00a0\u00bb css=\u00a0\u00bb.vc_custom_1583823214832{margin-top: -25px !important;}\u00a0\u00bb][vc_empty_space height=\u00a0\u00bb26px\u00a0\u00bb][vc_column_text]Utilisez le formulaire de contact pour toutes les questions. Nous prendrons en charge votre demande dans les meilleurs d\u00e9lais et vous r\u00e9pondrons.[\/vc_column_text][\/vc_column][vc_column width=\u00a0\u00bb3\/5&Prime;][vc_column_text] Formulaire de contact [\/vc_column_text][vc_separator color=\u00a0\u00bbcustom\u00a0\u00bb align=\u00a0\u00bbalign_left\u00a0\u00bb border_width=\u00a0\u00bb2&Prime; el_width=\u00a0\u00bb10&Prime; accent_color=\u00a0\u00bb#f4524d\u00a0\u00bb css=\u00a0\u00bb.vc_custom_1583823226881{margin-top: -25px !important;}\u00a0\u00bb][vc_empty_space height=\u00a0\u00bb24px\u00a0\u00bb][vc_column_text] Informations ...","og_url":"https:\/\/www.camperstime.com\/fr\/contact","og_site_name":"camperstime","article_modified_time":"2020-03-10T06:57:38+00:00","twitter_card":"summary_large_image","twitter_misc":{"Dur\u00e9e de lecture estim\u00e9e":"4 minutes"},"schema":{"@context":"https:\/\/schema.org","@graph":[{"@type":"WebPage","@id":"https:\/\/www.camperstime.com\/fr\/contact","url":"https:\/\/www.camperstime.com\/fr\/contact","name":"Votre contact avec nous","isPartOf":{"@id":"https:\/\/www.camperstime.com\/fr#website"},"datePublished":"2019-10-16T12:28:13+00:00","dateModified":"2020-03-10T06:57:38+00:00","breadcrumb":{"@id":"https:\/\/www.camperstime.com\/fr\/contact#breadcrumb"},"inLanguage":"fr-FR","potentialAction":[{"@type":"ReadAction","target":["https:\/\/www.camperstime.com\/fr\/contact"]}]},{"@type":"BreadcrumbList","@id":"https:\/\/www.camperstime.com\/fr\/contact#breadcrumb","itemListElement":[{"@type":"ListItem","position":1,"name":"Startseite","item":"https:\/\/www.camperstime.com\/fr"},{"@type":"ListItem","position":2,"name":"Votre contact avec nous"}]},{"@type":"WebSite","@id":"https:\/\/www.camperstime.com\/fr#website","url":"https:\/\/www.camperstime.com\/fr","name":"camperstime","description":"Themen und Artikel rund um einen Campingurlaub","potentialAction":[{"@type":"SearchAction","target":{"@type":"EntryPoint","urlTemplate":"https:\/\/www.camperstime.com\/fr?s={search_term_string}"},"query-input":{"@type":"PropertyValueSpecification","valueRequired":true,"valueName":"search_term_string"}}],"inLanguage":"fr-FR"}]}},"_links":{"self":[{"href":"https:\/\/www.camperstime.com\/fr\/wp-json\/wp\/v2\/pages\/32250","targetHints":{"allow":["GET"]}}],"collection":[{"href":"https:\/\/www.camperstime.com\/fr\/wp-json\/wp\/v2\/pages"}],"about":[{"href":"https:\/\/www.camperstime.com\/fr\/wp-json\/wp\/v2\/types\/page"}],"author":[{"embeddable":true,"href":"https:\/\/www.camperstime.com\/fr\/wp-json\/wp\/v2\/users\/1"}],"replies":[{"embeddable":true,"href":"https:\/\/www.camperstime.com\/fr\/wp-json\/wp\/v2\/comments?post=32250"}],"version-history":[{"count":0,"href":"https:\/\/www.camperstime.com\/fr\/wp-json\/wp\/v2\/pages\/32250\/revisions"}],"wp:attachment":[{"href":"https:\/\/www.camperstime.com\/fr\/wp-json\/wp\/v2\/media?parent=32250"}],"curies":[{"name":"wp","href":"https:\/\/api.w.org\/{rel}","templated":true}]}}