{"id":28656,"date":"2019-08-16T06:31:14","date_gmt":"2019-08-16T06:31:14","guid":{"rendered":"https:\/\/www.camperstime.com\/so-funktioniert-es"},"modified":"2020-03-05T11:22:30","modified_gmt":"2020-03-05T11:22:30","slug":"ca-fonctionne-comme-ca","status":"publish","type":"page","link":"https:\/\/www.camperstime.com\/fr\/ca-fonctionne-comme-ca","title":{"rendered":"\u00c7a fonctionne comme \u00e7a"},"content":{"rendered":"<div class=\"wpb-content-wrapper\"><p>[vc_row full_width=\u00a0\u00bbstretch_row\u00a0\u00bb css=\u00a0\u00bb.vc_custom_1583407071828{margin-top: -64px !important;margin-bottom: 35px !important;padding-bottom: 35px !important;background-color: #f4524d !important;}\u00a0\u00bb][vc_column width=\u00a0\u00bb1\/2&Prime;][vc_empty_space height=\u00a0\u00bb72px\u00a0\u00bb][vc_column_text]<\/p>\n<h1><span style=\"color: #ffffff; font-size: 40px; margin-top: 100px; line-height: 44px;\">Trouvez un camping et r\u00e9servez directement<\/span><\/h1>\n<p><span style=\"color: #ffffff; font-size: 30px; margin-top: 20px; line-height: 33px;\">Tous ceux qui recherchent un camping, une place de parking ou une place de parking pour leur caravane ou leur camping-car se trouvent au bon endroit. <\/span><br \/>\n<!--\n\n\n<div class=\"nomob1\"><a class=\"custom_wpestate_rentals\" href=\"\/add-new-listing\/\">Campingplatz hinzuf\u00fcgen<\/a><\/div>\n\n\n-->[\/vc_column_text][\/vc_column][vc_column width=\u00a0\u00bb1\/2&Prime;][vc_single_image image=\u00a0\u00bb30827&Prime; img_size=\u00a0\u00bbfull\u00a0\u00bb alignment=\u00a0\u00bbright\u00a0\u00bb css=\u00a0\u00bb.vc_custom_1569922332678{margin-top: 20px !important;}\u00a0\u00bb][\/vc_column][\/vc_row][vc_row full_width=\u00a0\u00bbstretch_row\u00a0\u00bb][vc_column][vc_column_text]<\/p>\n<h2 style=\"text-align: center; font-size: 32px;\">\u00c7a fonctionne comme \u00e7a<\/h2>\n<p>[\/vc_column_text][vc_zigzag color=\u00a0\u00bbcustom\u00a0\u00bb el_width=\u00a0\u00bb40&Prime; css=\u00a0\u00bb.vc_custom_1569941567378{margin-top: -25px !important;margin-bottom: 50px !important;}\u00a0\u00bb custom_color=\u00a0\u00bb#c6c6c6&Prime;][\/vc_column][\/vc_row][vc_row full_width=\u00a0\u00bbstretch_row\u00a0\u00bb css=\u00a0\u00bb.vc_custom_1569922692663{margin-top: 30px !important;}\u00a0\u00bb][vc_column width=\u00a0\u00bb1\/5&Prime; el_class=\u00a0\u00bbnomob\u00a0\u00bb][vc_single_image image=\u00a0\u00bb30509&Prime; img_size=\u00a0\u00bbfull\u00a0\u00bb alignment=\u00a0\u00bbcenter\u00a0\u00bb][vc_single_image image=\u00a0\u00bb37341&Prime; img_size=\u00a0\u00bbfull\u00a0\u00bb alignment=\u00a0\u00bbright\u00a0\u00bb][\/vc_column][vc_column width=\u00a0\u00bb3\/5&Prime;][vc_column_text el_class=\u00a0\u00bbmlef\u00a0\u00bb]<\/p>\n<p style=\"text-align: left; font-size: 20px; text-transform: uppercase; font-family: 'Fira Sans', sans-serif; color: #212121;\">S\u00e9lectionnez un lieu<\/p>\n<h3 style=\"text-align: left;\"><span style=\"color: #f4524d;\">Entrez votre destination souhait\u00e9e<\/span><\/h3>\n<p style=\"text-align: left;\">Entrez simplement votre destination dans le formulaire de recherche. Vous pouvez ensuite utiliser des fonctionnalit\u00e9s avanc\u00e9es pour filtrer facilement d&rsquo;autres crit\u00e8res tels que le code postal, le district, la r\u00e9gion ou le rayon.<\/p>\n<p>[\/vc_column_text][\/vc_column][vc_column width=\u00a0\u00bb1\/5&Prime; el_class=\u00a0\u00bbnomob\u00a0\u00bb][vc_empty_space height=\u00a0\u00bb82px\u00a0\u00bb][\/vc_column][\/vc_row][vc_row full_width=\u00a0\u00bbstretch_row\u00a0\u00bb el_class=\u00a0\u00bbmto100&Prime;][vc_column width=\u00a0\u00bb1\/6&Prime; el_class=\u00a0\u00bbnomob\u00a0\u00bb][\/vc_column][vc_column width=\u00a0\u00bb1\/6&Prime; el_class=\u00a0\u00bbnomob\u00a0\u00bb][vc_single_image image=\u00a0\u00bb30270&Prime; img_size=\u00a0\u00bbfull\u00a0\u00bb alignment=\u00a0\u00bbright\u00a0\u00bb el_class=\u00a0\u00bbnomob\u00a0\u00bb][\/vc_column][vc_column width=\u00a0\u00bb3\/6&Prime;][vc_column_text]<\/p>\n<p style=\"text-align: left; font-size: 20px; text-transform: uppercase; font-family: 'Fira Sans', sans-serif; color: #212121;\">Camping Recherche rapide par date<\/p>\n<h3 style=\"text-align: left;\"><span style=\"color: #f4524d;\">Trouvez des campings vacants pour votre date de voyage<\/span><\/h3>\n<p style=\"text-align: left;\">Obtenez un aper\u00e7u rapide des campings \u00e0 votre destination. Entrez simplement votre terme de recherche ou la cat\u00e9gorie appropri\u00e9e et votre destination.<\/p>\n<p>[\/vc_column_text][\/vc_column][vc_column width=\u00a0\u00bb1\/6&Prime; el_class=\u00a0\u00bbnomob\u00a0\u00bb][vc_empty_space height=\u00a0\u00bb82px\u00a0\u00bb][vc_single_image image=\u00a0\u00bb37334&Prime; img_size=\u00a0\u00bbfull\u00a0\u00bb][\/vc_column][\/vc_row][vc_row full_width=\u00a0\u00bbstretch_row\u00a0\u00bb el_class=\u00a0\u00bbmto50&Prime;][vc_column width=\u00a0\u00bb1\/6&Prime; el_class=\u00a0\u00bbnomob\u00a0\u00bb][vc_single_image image=\u00a0\u00bb30516&Prime; img_size=\u00a0\u00bbfull\u00a0\u00bb alignment=\u00a0\u00bbright\u00a0\u00bb][\/vc_column][vc_column width=\u00a0\u00bb4\/6&Prime;][vc_column_text]<\/p>\n<p style=\"text-align: left; font-size: 20px; text-transform: uppercase; font-family: 'Fira Sans', sans-serif; color: #212121;\">R\u00e9servez un camping directement en ligne<\/p>\n<h3 style=\"text-align: left;\"><span style=\"color: #f4524d;\">R\u00e9servation directement aupr\u00e8s du fournisseur respectif<\/span><\/h3>\n<p style=\"text-align: left;\">Si vous avez trouv\u00e9 une offre appropri\u00e9e pour vous-m\u00eame, r\u00e9servez-la toujours directement et sans d\u00e9tour aupr\u00e8s du propri\u00e9taire ou du fournisseur concern\u00e9 ou faites une demande de r\u00e9servation.<\/p>\n<p>[\/vc_column_text][vc_single_image image=\u00a0\u00bb37327&Prime; img_size=\u00a0\u00bbfull\u00a0\u00bb alignment=\u00a0\u00bbcenter\u00a0\u00bb][\/vc_column][vc_column width=\u00a0\u00bb1\/6&Prime; el_class=\u00a0\u00bbnomob\u00a0\u00bb][vc_empty_space height=\u00a0\u00bb82px\u00a0\u00bb][\/vc_column][\/vc_row][vc_row full_width=\u00a0\u00bbstretch_row\u00a0\u00bb][vc_column][vc_column_text]<\/p>\n<h2 style=\"text-align: center; font-size: 32px;\">Vos avantages en un coup d&rsquo;\u0153il<\/h2>\n<p>[\/vc_column_text][vc_zigzag color=\u00a0\u00bbcustom\u00a0\u00bb el_width=\u00a0\u00bb40&Prime; css=\u00a0\u00bb.vc_custom_1569941550391{margin-top: -25px !important;margin-bottom: 50px !important;}\u00a0\u00bb custom_color=\u00a0\u00bb#c6c6c6&Prime;][\/vc_column][\/vc_row][vc_row full_width=\u00a0\u00bbstretch_row\u00a0\u00bb][vc_column width=\u00a0\u00bb1\/12&Prime; el_class=\u00a0\u00bbnomob\u00a0\u00bb][vc_empty_space height=\u00a0\u00bb82px\u00a0\u00bb][vc_single_image image=\u00a0\u00bb37320&Prime; img_size=\u00a0\u00bbfull\u00a0\u00bb][vc_empty_space height=\u00a0\u00bb82px\u00a0\u00bb][vc_single_image image=\u00a0\u00bb37320&Prime; img_size=\u00a0\u00bbfull\u00a0\u00bb][vc_empty_space height=\u00a0\u00bb82px\u00a0\u00bb][vc_single_image image=\u00a0\u00bb37320&Prime; img_size=\u00a0\u00bbfull\u00a0\u00bb][\/vc_column][vc_column width=\u00a0\u00bb2\/12&Prime; el_class=\u00a0\u00bbnomob\u00a0\u00bb][vc_empty_space height=\u00a0\u00bb12px\u00a0\u00bb][vc_single_image image=\u00a0\u00bb30368&Prime; img_size=\u00a0\u00bbfull\u00a0\u00bb][vc_empty_space height=\u00a0\u00bb60px\u00a0\u00bb][vc_single_image image=\u00a0\u00bb30291&Prime; img_size=\u00a0\u00bbfull\u00a0\u00bb][vc_empty_space height=\u00a0\u00bb60px\u00a0\u00bb][vc_single_image image=\u00a0\u00bb30340&Prime; img_size=\u00a0\u00bbfull\u00a0\u00bb][vc_empty_space height=\u00a0\u00bb60px\u00a0\u00bb][vc_single_image image=\u00a0\u00bb30403&Prime; img_size=\u00a0\u00bbfull\u00a0\u00bb][\/vc_column][vc_column width=\u00a0\u00bb9\/12&Prime;][vc_column_text el_class=\u00a0\u00bbmlef\u00a0\u00bb]<\/p>\n<p style=\"text-align: left; font-size: 20px; text-transform: uppercase; font-family: 'Fira Sans', sans-serif; color: #212121;\">Fournisseurs v\u00e9rifi\u00e9s<\/p>\n<h3 style=\"text-align: left;\"><span style=\"color: #f4524d;\">Propri\u00e9taires certifi\u00e9s exclusivement<\/span><\/h3>\n<p style=\"text-align: left;\">Nos fournisseurs ne sont que des partenaires r\u00e9put\u00e9s et v\u00e9rifi\u00e9s. Ainsi, dans la recherche, vous avez une meilleure orientation et une garantie de qualit\u00e9. Jouez la s\u00e9curit\u00e9 pour \u00eatre 100% satisfait de votre camping.<\/p>\n<p>[\/vc_column_text][vc_empty_space height=\u00a0\u00bb52px\u00a0\u00bb][vc_column_text el_class=\u00a0\u00bbmlef\u00a0\u00bb]<\/p>\n<p style=\"text-align: left; font-size: 20px; text-transform: uppercase; font-family: 'Fira Sans', sans-serif; color: #212121;\">Id\u00e9es de voyage et inspirations<\/p>\n<h3 style=\"text-align: left;\"><span style=\"color: #f4524d;\">Envie d&rsquo;inspiration pour le prochain voyage en camping?<\/span><\/h3>\n<p style=\"text-align: left;\">Ici vous trouverez des id\u00e9es de voyage exclusives pour des exp\u00e9riences de voyage uniques. Nous avons des conseils et des images inspirantes qui augmentent votre envie de voyager avant m\u00eame le voyage de vacances pr\u00e9vu. D\u00e9couvrez le typique et l&rsquo;extraordinaire pour chaque zone cible.<\/p>\n<p>[\/vc_column_text][vc_empty_space height=\u00a0\u00bb52px\u00a0\u00bb][vc_column_text el_class=\u00a0\u00bbmlef\u00a0\u00bb]<\/p>\n<p style=\"text-align: left; font-size: 20px; text-transform: uppercase; font-family: 'Fira Sans', sans-serif; color: #212121;\">Commentaires des internautes<\/p>\n<h3 style=\"text-align: left;\"><span style=\"color: #f4524d;\">Les avis clients vous fournissent des informations importantes<\/span><\/h3>\n<p style=\"text-align: left;\">Les avis clients positifs et authentiques fournissent des informations importantes en mati\u00e8re d\u2019incertitude lors de la r\u00e9servation d\u2019une offre. Profitez des heures de camping de ces commentaires que d&rsquo;autres clients ont cr\u00e9\u00e9s pour de nouveaux clients.<\/p>\n<p>[\/vc_column_text][vc_empty_space height=\u00a0\u00bb52px\u00a0\u00bb][vc_column_text el_class=\u00a0\u00bbmlef\u00a0\u00bb]<\/p>\n<p style=\"text-align: left; font-size: 20px; text-transform: uppercase; font-family: 'Fira Sans', sans-serif; color: #212121;\">Camping &#8211; Comparez les prix<\/p>\n<h3 style=\"text-align: left;\"><span style=\"color: #f4524d;\">O\u00f9 peut-on passer des vacances en camping bien et \u00e0 moindre co\u00fbt?<\/span><\/h3>\n<p style=\"text-align: left;\">Nous vous aidons \u00e0 tirer le meilleur parti des vacances en camping. Comparez les prix de diff\u00e9rents fournisseurs et propri\u00e9taires et obtenez un aper\u00e7u rapide de ce qui correspond \u00e0 votre budget de voyage pr\u00e9vu.<\/p>\n<p>[\/vc_column_text][\/vc_column][\/vc_row][vc_row full_width=\u00a0\u00bbstretch_row\u00a0\u00bb css=\u00a0\u00bb.vc_custom_1570108218143{margin-top: 60px !important;margin-bottom: -45px !important;background-color: #f2f2f2 !important;}\u00a0\u00bb][vc_column width=\u00a0\u00bb2\/3&Prime;][vc_column_text]<\/p>\n<h1 style=\"text-align: left;\">FAQ &#8211; Foire Aux Questions<\/h1>\n<p>[\/vc_column_text][vc_toggle title=\u00a0\u00bbUne r\u00e9servation est-elle associ\u00e9e \u00e0 des co\u00fbts?\u00a0\u00bb style=\u00a0\u00bbround_outline\u00a0\u00bb]Toute r\u00e9servation via camperstime est faite pour vous sans aucun frais de r\u00e9servation, co\u00fbts ou commissio[\/vc_toggle][vc_toggle title=\u00a0\u00bbAvec qui dois-je r\u00e9server une offre de location?\u00a0\u00bb style=\u00a0\u00bbround_outline\u00a0\u00bb]Vous r\u00e9servez toujours directement et sans d\u00e9tour chez le propri\u00e9taire respectif. Vous trouverez un aper\u00e7u de tous les propri\u00e9taires et de toutes les offres dans les annuaires de fournisseurs respectifs de votre ville.[\/vc_toggle][vc_toggle title=\u00a0\u00bbDois-je m&rsquo;inscrire pour la r\u00e9servation?\u00a0\u00bb style=\u00a0\u00bbround_outline\u00a0\u00bb]Pour faire une r\u00e9servation et la compl\u00e9ter, vous devez vous inscrire ou vous inscrire.[\/vc_toggle][vc_toggle title=\u00a0\u00bbO\u00f9 puis-je voir ma r\u00e9servation?\u00a0\u00bb style=\u00a0\u00bbround_outline\u00a0\u00bb]Apr\u00e8s vous \u00eatre inscrit, vous aurez \u00e9galement acc\u00e8s au tableau de bord de l&rsquo;utilisateur. Vous pouvez y afficher et g\u00e9rer toutes les r\u00e9servations.[\/vc_toggle][vc_toggle title=\u00a0\u00bbPuis-je contacter le propri\u00e9taire?\u00a0\u00bb style=\u00a0\u00bbround_outline\u00a0\u00bb]Vous pouvez toujours contacter le propri\u00e9taire respectif pour poser des questions ou clarifier les d\u00e9tails pour la r\u00e9servation ou la location.[\/vc_toggle][vc_toggle title=\u00a0\u00bbComment cr\u00e9er un compte?\u00a0\u00bb style=\u00a0\u00bbround_outline\u00a0\u00bb]Si vous n&rsquo;avez pas encore de compte, cliquez sur Enregistrer, puis cr\u00e9ez un compte.[\/vc_toggle][vc_empty_space height=\u00a0\u00bb60px\u00a0\u00bb][\/vc_column][vc_column width=\u00a0\u00bb1\/3&Prime; css=\u00a0\u00bb.vc_custom_1583407277080{margin-top: 60px !important;padding-top: 30px !important;padding-right: 15px !important;padding-bottom: 15px !important;padding-left: 15px !important;background-color: #f4524d !important;}\u00a0\u00bb][vc_column_text]<\/p>\n<p><img loading=\"lazy\" decoding=\"async\" class=\"alignnone size-full wp-image-31300 aligncenter\" src=\"https:\/\/www.camperstime.com\/wp-content\/uploads\/2019\/10\/icon-telefon1.png\" alt=\"\" width=\"100\" height=\"105\" srcset=\"https:\/\/www.camperstime.com\/wp-content\/uploads\/2019\/10\/icon-telefon1.png 100w, https:\/\/www.camperstime.com\/wp-content\/uploads\/2019\/10\/icon-telefon1-20x20.png 20w\" sizes=\"auto, (max-width: 100px) 100vw, 100px\" \/><\/p>\n<h3 style=\"text-align: center;\"><span style=\"color: #ffffff;\">Avez-vous encore des questions?<\/span><\/h3>\n<p style=\"text-align: center;\"><span style=\"color: #ffffff;\">S&rsquo;il vous pla\u00eet contacter notre \u00e9quipe de support directement!<\/span><\/p>\n<p style=\"text-align: center;\"><a class=\"custom_wpestate_rentals\" href=\"\/fr\/contact\">Contacter le support<\/a><\/p>\n<p>[\/vc_column_text][\/vc_column][\/vc_row][vc_row full_width=\u00a0\u00bbstretch_row\u00a0\u00bb disable_element=\u00a0\u00bbyes\u00a0\u00bb][vc_column width=\u00a0\u00bb2\/12&Prime; el_class=\u00a0\u00bbnomob\u00a0\u00bb][vc_single_image image=\u00a0\u00bb30368&Prime; img_size=\u00a0\u00bbfull\u00a0\u00bb][vc_empty_space height=\u00a0\u00bb82px\u00a0\u00bb][vc_single_image image=\u00a0\u00bb30291&Prime; img_size=\u00a0\u00bbfull\u00a0\u00bb][vc_empty_space height=\u00a0\u00bb82px\u00a0\u00bb][vc_single_image image=\u00a0\u00bb30340&Prime; img_size=\u00a0\u00bbfull\u00a0\u00bb][vc_empty_space height=\u00a0\u00bb82px\u00a0\u00bb][vc_single_image image=\u00a0\u00bb30403&Prime; img_size=\u00a0\u00bbfull\u00a0\u00bb][\/vc_column][vc_column width=\u00a0\u00bb1\/12&Prime; el_class=\u00a0\u00bbnomob mlef\u00a0\u00bb][vc_empty_space height=\u00a0\u00bb82px\u00a0\u00bb][vc_single_image image=\u00a0\u00bb29447&Prime; img_size=\u00a0\u00bbfull\u00a0\u00bb][vc_empty_space height=\u00a0\u00bb82px\u00a0\u00bb][vc_single_image image=\u00a0\u00bb29447&Prime; img_size=\u00a0\u00bbfull\u00a0\u00bb][vc_empty_space height=\u00a0\u00bb82px\u00a0\u00bb][vc_single_image image=\u00a0\u00bb29447&Prime; img_size=\u00a0\u00bbfull\u00a0\u00bb][\/vc_column][vc_column width=\u00a0\u00bb9\/12&Prime;][vc_column_text]<\/p>\n<p style=\"text-align: left; font-size: 18px; text-transform: uppercase; font-family: 'Fira Sans', sans-serif;\">Gepr\u00fcfte Anbieter<\/p>\n<h3 style=\"text-align: left;\"><span style=\"color: #ba3d3e;\">I am text block. <\/span><\/h3>\n<p style=\"text-align: left;\">Click edit button to change this text. Lorem ipsum dolor sit amet, consectetur adipiscing elit. Ut elit tellus, luctus nec ullamcorper mattis, pulvinar dapibus leo.<\/p>\n<p>[\/vc_column_text][vc_empty_space height=\u00a0\u00bb82px\u00a0\u00bb][vc_column_text]<\/p>\n<p style=\"text-align: left; font-size: 18px; text-transform: uppercase; font-family: 'Fira Sans', sans-serif;\">Reiseideen &amp; Inspirationen<\/p>\n<h3 style=\"text-align: left;\"><span style=\"color: #ba3d3e;\">I am text block. <\/span><\/h3>\n<p style=\"text-align: left;\">Click edit button to change this text. Lorem ipsum dolor sit amet, consectetur adipiscing elit. Ut elit tellus, luctus nec ullamcorper mattis, pulvinar dapibus leo.<\/p>\n<p>[\/vc_column_text][vc_empty_space height=\u00a0\u00bb82px\u00a0\u00bb][vc_column_text]<\/p>\n<p style=\"text-align: left; font-size: 18px; text-transform: uppercase; font-family: 'Fira Sans', sans-serif;\">Kundenbewertungen<\/p>\n<h3 style=\"text-align: left;\"><span style=\"color: #ba3d3e;\">I am text block. <\/span><\/h3>\n<p style=\"text-align: left;\">Click edit button to change this text. Lorem ipsum dolor sit amet, consectetur adipiscing elit. Ut elit tellus, luctus nec ullamcorper mattis, pulvinar dapibus leo.<\/p>\n<p>[\/vc_column_text][vc_empty_space height=\u00a0\u00bb82px\u00a0\u00bb][vc_column_text]<\/p>\n<p style=\"text-align: left; font-size: 18px; text-transform: uppercase; font-family: 'Fira Sans', sans-serif;\">Preise<\/p>\n<h3 style=\"text-align: left;\"><span style=\"color: #ba3d3e;\">I am text block. <\/span><\/h3>\n<p style=\"text-align: left;\">Click edit button to change this text. Lorem ipsum dolor sit amet, consectetur adipiscing elit. Ut elit tellus, luctus nec ullamcorper mattis, pulvinar dapibus leo.<\/p>\n<p>&nbsp;<\/p>\n<p>[\/vc_column_text][\/vc_column][\/vc_row]<\/p>\n<\/div>","protected":false},"excerpt":{"rendered":"<p>[vc_row full_width=\u00a0\u00bbstretch_row\u00a0\u00bb css=\u00a0\u00bb.vc_custom_1583407071828{margin-top: -64px !important;margin-bottom: 35px !important;padding-bottom: 35px !important;background-color: #f4524d !important;}\u00a0\u00bb][vc_column width=\u00a0\u00bb1\/2&Prime;][vc_empty_space height=\u00a0\u00bb72px\u00a0\u00bb][vc_column_text] Trouvez un camping et r\u00e9servez directement Tous ceux qui recherchent un camping, une place de parking ou une place de parking pour leur caravane ou leur camping-car se trouvent au bon endroit. [\/vc_column_text][\/vc_column][vc_column width=\u00a0\u00bb1\/2&Prime;][vc_single_image image=\u00a0\u00bb30827&Prime; img_size=\u00a0\u00bbfull\u00a0\u00bb alignment=\u00a0\u00bbright\u00a0\u00bb css=\u00a0\u00bb.vc_custom_1569922332678{margin-top: 20px !important;}\u00a0\u00bb][\/vc_column][\/vc_row][vc_row full_width=\u00a0\u00bbstretch_row\u00a0\u00bb][vc_column][vc_column_text] \u00c7a &#8230;<\/p>\n","protected":false},"author":1,"featured_media":0,"parent":0,"menu_order":0,"comment_status":"closed","ping_status":"closed","template":"","meta":{"inline_featured_image":false,"footnotes":""},"class_list":["post-28656","page","type-page","status-publish","hentry"],"yoast_head":"<!-- This site is optimized with the Yoast SEO plugin v24.3 - https:\/\/yoast.com\/wordpress\/plugins\/seo\/ -->\n<title>Comment r\u00e9server un camping \u00e0 camperstime<\/title>\n<meta name=\"description\" content=\"Nous souhaitons vous faciliter au maximum la recherche d\u2019un camping pour les prochaines vacances ou une location \u00e0 court ou \u00e0 long terme.\" \/>\n<meta name=\"robots\" content=\"index, follow, max-snippet:-1, max-image-preview:large, max-video-preview:-1\" \/>\n<link rel=\"canonical\" href=\"https:\/\/www.camperstime.com\/fr\/ca-fonctionne-comme-ca\" \/>\n<meta property=\"og:locale\" content=\"fr_FR\" \/>\n<meta property=\"og:type\" content=\"article\" \/>\n<meta property=\"og:title\" content=\"Comment r\u00e9server un camping \u00e0 camperstime\" \/>\n<meta property=\"og:description\" content=\"Nous souhaitons vous faciliter au maximum la recherche d\u2019un camping pour les prochaines vacances ou une location \u00e0 court ou \u00e0 long terme.\" \/>\n<meta property=\"og:url\" content=\"https:\/\/www.camperstime.com\/fr\/ca-fonctionne-comme-ca\" \/>\n<meta property=\"og:site_name\" content=\"camperstime\" \/>\n<meta property=\"article:modified_time\" content=\"2020-03-05T11:22:30+00:00\" \/>\n<meta property=\"og:image\" content=\"https:\/\/www.camperstime.com\/wp-content\/uploads\/2019\/10\/icon-telefon1.png\" \/>\n\t<meta property=\"og:image:width\" content=\"100\" \/>\n\t<meta property=\"og:image:height\" content=\"105\" \/>\n\t<meta property=\"og:image:type\" content=\"image\/png\" \/>\n<meta name=\"twitter:card\" content=\"summary_large_image\" \/>\n<meta name=\"twitter:label1\" content=\"Dur\u00e9e de lecture estim\u00e9e\" \/>\n\t<meta name=\"twitter:data1\" content=\"7 minutes\" \/>\n<script type=\"application\/ld+json\" class=\"yoast-schema-graph\">{\"@context\":\"https:\/\/schema.org\",\"@graph\":[{\"@type\":\"WebPage\",\"@id\":\"https:\/\/www.camperstime.com\/fr\/ca-fonctionne-comme-ca\",\"url\":\"https:\/\/www.camperstime.com\/fr\/ca-fonctionne-comme-ca\",\"name\":\"Comment r\u00e9server un camping \u00e0 camperstime\",\"isPartOf\":{\"@id\":\"https:\/\/www.camperstime.com\/fr#website\"},\"primaryImageOfPage\":{\"@id\":\"https:\/\/www.camperstime.com\/fr\/ca-fonctionne-comme-ca#primaryimage\"},\"image\":{\"@id\":\"https:\/\/www.camperstime.com\/fr\/ca-fonctionne-comme-ca#primaryimage\"},\"thumbnailUrl\":\"https:\/\/www.camperstime.com\/wp-content\/uploads\/2019\/10\/icon-telefon1.png\",\"datePublished\":\"2019-08-16T06:31:14+00:00\",\"dateModified\":\"2020-03-05T11:22:30+00:00\",\"description\":\"Nous souhaitons vous faciliter au maximum la recherche d\u2019un camping pour les prochaines vacances ou une location \u00e0 court ou \u00e0 long terme.\",\"breadcrumb\":{\"@id\":\"https:\/\/www.camperstime.com\/fr\/ca-fonctionne-comme-ca#breadcrumb\"},\"inLanguage\":\"fr-FR\",\"potentialAction\":[{\"@type\":\"ReadAction\",\"target\":[\"https:\/\/www.camperstime.com\/fr\/ca-fonctionne-comme-ca\"]}]},{\"@type\":\"ImageObject\",\"inLanguage\":\"fr-FR\",\"@id\":\"https:\/\/www.camperstime.com\/fr\/ca-fonctionne-comme-ca#primaryimage\",\"url\":\"https:\/\/www.camperstime.com\/wp-content\/uploads\/2019\/10\/icon-telefon1.png\",\"contentUrl\":\"https:\/\/www.camperstime.com\/wp-content\/uploads\/2019\/10\/icon-telefon1.png\"},{\"@type\":\"BreadcrumbList\",\"@id\":\"https:\/\/www.camperstime.com\/fr\/ca-fonctionne-comme-ca#breadcrumb\",\"itemListElement\":[{\"@type\":\"ListItem\",\"position\":1,\"name\":\"Startseite\",\"item\":\"https:\/\/www.camperstime.com\/fr\"},{\"@type\":\"ListItem\",\"position\":2,\"name\":\"\u00c7a fonctionne comme \u00e7a\"}]},{\"@type\":\"WebSite\",\"@id\":\"https:\/\/www.camperstime.com\/fr#website\",\"url\":\"https:\/\/www.camperstime.com\/fr\",\"name\":\"camperstime\",\"description\":\"Themen und Artikel rund um einen Campingurlaub\",\"potentialAction\":[{\"@type\":\"SearchAction\",\"target\":{\"@type\":\"EntryPoint\",\"urlTemplate\":\"https:\/\/www.camperstime.com\/fr?s={search_term_string}\"},\"query-input\":{\"@type\":\"PropertyValueSpecification\",\"valueRequired\":true,\"valueName\":\"search_term_string\"}}],\"inLanguage\":\"fr-FR\"}]}<\/script>\n<!-- \/ Yoast SEO plugin. -->","yoast_head_json":{"title":"Comment r\u00e9server un camping \u00e0 camperstime","description":"Nous souhaitons vous faciliter au maximum la recherche d\u2019un camping pour les prochaines vacances ou une location \u00e0 court ou \u00e0 long terme.","robots":{"index":"index","follow":"follow","max-snippet":"max-snippet:-1","max-image-preview":"max-image-preview:large","max-video-preview":"max-video-preview:-1"},"canonical":"https:\/\/www.camperstime.com\/fr\/ca-fonctionne-comme-ca","og_locale":"fr_FR","og_type":"article","og_title":"Comment r\u00e9server un camping \u00e0 camperstime","og_description":"Nous souhaitons vous faciliter au maximum la recherche d\u2019un camping pour les prochaines vacances ou une location \u00e0 court ou \u00e0 long terme.","og_url":"https:\/\/www.camperstime.com\/fr\/ca-fonctionne-comme-ca","og_site_name":"camperstime","article_modified_time":"2020-03-05T11:22:30+00:00","og_image":[{"width":100,"height":105,"url":"https:\/\/www.camperstime.com\/wp-content\/uploads\/2019\/10\/icon-telefon1.png","type":"image\/png"}],"twitter_card":"summary_large_image","twitter_misc":{"Dur\u00e9e de lecture estim\u00e9e":"7 minutes"},"schema":{"@context":"https:\/\/schema.org","@graph":[{"@type":"WebPage","@id":"https:\/\/www.camperstime.com\/fr\/ca-fonctionne-comme-ca","url":"https:\/\/www.camperstime.com\/fr\/ca-fonctionne-comme-ca","name":"Comment r\u00e9server un camping \u00e0 camperstime","isPartOf":{"@id":"https:\/\/www.camperstime.com\/fr#website"},"primaryImageOfPage":{"@id":"https:\/\/www.camperstime.com\/fr\/ca-fonctionne-comme-ca#primaryimage"},"image":{"@id":"https:\/\/www.camperstime.com\/fr\/ca-fonctionne-comme-ca#primaryimage"},"thumbnailUrl":"https:\/\/www.camperstime.com\/wp-content\/uploads\/2019\/10\/icon-telefon1.png","datePublished":"2019-08-16T06:31:14+00:00","dateModified":"2020-03-05T11:22:30+00:00","description":"Nous souhaitons vous faciliter au maximum la recherche d\u2019un camping pour les prochaines vacances ou une location \u00e0 court ou \u00e0 long terme.","breadcrumb":{"@id":"https:\/\/www.camperstime.com\/fr\/ca-fonctionne-comme-ca#breadcrumb"},"inLanguage":"fr-FR","potentialAction":[{"@type":"ReadAction","target":["https:\/\/www.camperstime.com\/fr\/ca-fonctionne-comme-ca"]}]},{"@type":"ImageObject","inLanguage":"fr-FR","@id":"https:\/\/www.camperstime.com\/fr\/ca-fonctionne-comme-ca#primaryimage","url":"https:\/\/www.camperstime.com\/wp-content\/uploads\/2019\/10\/icon-telefon1.png","contentUrl":"https:\/\/www.camperstime.com\/wp-content\/uploads\/2019\/10\/icon-telefon1.png"},{"@type":"BreadcrumbList","@id":"https:\/\/www.camperstime.com\/fr\/ca-fonctionne-comme-ca#breadcrumb","itemListElement":[{"@type":"ListItem","position":1,"name":"Startseite","item":"https:\/\/www.camperstime.com\/fr"},{"@type":"ListItem","position":2,"name":"\u00c7a fonctionne comme \u00e7a"}]},{"@type":"WebSite","@id":"https:\/\/www.camperstime.com\/fr#website","url":"https:\/\/www.camperstime.com\/fr","name":"camperstime","description":"Themen und Artikel rund um einen Campingurlaub","potentialAction":[{"@type":"SearchAction","target":{"@type":"EntryPoint","urlTemplate":"https:\/\/www.camperstime.com\/fr?s={search_term_string}"},"query-input":{"@type":"PropertyValueSpecification","valueRequired":true,"valueName":"search_term_string"}}],"inLanguage":"fr-FR"}]}},"_links":{"self":[{"href":"https:\/\/www.camperstime.com\/fr\/wp-json\/wp\/v2\/pages\/28656","targetHints":{"allow":["GET"]}}],"collection":[{"href":"https:\/\/www.camperstime.com\/fr\/wp-json\/wp\/v2\/pages"}],"about":[{"href":"https:\/\/www.camperstime.com\/fr\/wp-json\/wp\/v2\/types\/page"}],"author":[{"embeddable":true,"href":"https:\/\/www.camperstime.com\/fr\/wp-json\/wp\/v2\/users\/1"}],"replies":[{"embeddable":true,"href":"https:\/\/www.camperstime.com\/fr\/wp-json\/wp\/v2\/comments?post=28656"}],"version-history":[{"count":0,"href":"https:\/\/www.camperstime.com\/fr\/wp-json\/wp\/v2\/pages\/28656\/revisions"}],"wp:attachment":[{"href":"https:\/\/www.camperstime.com\/fr\/wp-json\/wp\/v2\/media?parent=28656"}],"curies":[{"name":"wp","href":"https:\/\/api.w.org\/{rel}","templated":true}]}}