{"id":28660,"date":"2019-08-16T06:31:14","date_gmt":"2019-08-16T06:31:14","guid":{"rendered":"https:\/\/www.camperstime.com\/so-funktioniert-es"},"modified":"2020-03-06T10:18:17","modified_gmt":"2020-03-06T10:18:17","slug":"como-funciona","status":"publish","type":"page","link":"https:\/\/www.camperstime.com\/es\/como-funciona","title":{"rendered":"\u00bfC\u00f3mo funciona?"},"content":{"rendered":"<div class=\"wpb-content-wrapper\"><p>[vc_row full_width=\u00bbstretch_row\u00bb css=\u00bb.vc_custom_1583489533900{margin-top: -64px !important;margin-bottom: 35px !important;padding-bottom: 35px !important;background-color: #f4524d !important;}\u00bb][vc_column width=\u00bb1\/2&#8243;][vc_empty_space height=\u00bb72px\u00bb][vc_column_text]<\/p>\n<h1><span style=\"color: #ffffff; font-size: 40px; margin-top: 100px; line-height: 44px;\">Busque el camping y encu\u00e9ntrelo r\u00e1pidamente<\/span><\/h1>\n<p><span style=\"color: #ffffff; font-size: 30px; margin-top: 20px; line-height: 33px;\">Cualquier persona que busque un camping, una plaza de aparcamiento o una plaza de aparcamiento para su caravana o autocaravana est\u00e1 en el lugar correcto. <\/span><br \/>\n<!--<\/p>\n\n\n\n\n<div class=\"nomob1\"><a class=\"custom_wpestate_rentals\" href=\"\/add-new-listing\/\">Campingplatz hinzuf\u00fcgen<\/a><\/div>\n\n\n\n\n<p>--><\/p>\n<p>[\/vc_column_text][\/vc_column][vc_column width=\u00bb1\/2&#8243;][vc_single_image image=\u00bb30831&#8243; img_size=\u00bbfull\u00bb alignment=\u00bbright\u00bb css=\u00bb.vc_custom_1569922332678{margin-top: 20px !important;}\u00bb][\/vc_column][\/vc_row][vc_row full_width=\u00bbstretch_row\u00bb][vc_column][vc_column_text]<\/p>\n<h2 style=\"text-align: center; font-size: 32px;\">As\u00ed de f\u00e1cil<\/h2>\n<p>[\/vc_column_text][vc_zigzag color=\u00bbcustom\u00bb el_width=\u00bb40&#8243; css=\u00bb.vc_custom_1569941567378{margin-top: -25px !important;margin-bottom: 50px !important;}\u00bb custom_color=\u00bb#c6c6c6&#8243;][\/vc_column][\/vc_row][vc_row full_width=\u00bbstretch_row\u00bb css=\u00bb.vc_custom_1569922692663{margin-top: 30px !important;}\u00bb][vc_column width=\u00bb1\/5&#8243; el_class=\u00bbnomob\u00bb][vc_single_image image=\u00bb30513&#8243; img_size=\u00bbfull\u00bb alignment=\u00bbcenter\u00bb][vc_single_image image=\u00bb37345&#8243; img_size=\u00bbfull\u00bb alignment=\u00bbright\u00bb][\/vc_column][vc_column width=\u00bb3\/5&#8243;][vc_column_text el_class=\u00bbmlef\u00bb]<\/p>\n<p style=\"text-align: left; font-size: 20px; text-transform: uppercase; font-family: 'Fira Sans', sans-serif; color: #212121;\">Seleccione ubicaci\u00f3n<\/p>\n<h3 style=\"text-align: left;\"><span style=\"color: #f4524d;\">Ingrese su destino deseado <\/span><\/h3>\n<p style=\"text-align: left;\">Simplemente ingrese su destino en el formulario de b\u00fasqueda. A continuaci\u00f3n, puede usar funciones avanzadas para filtrar f\u00e1cilmente otros criterios como c\u00f3digo postal, distrito, regi\u00f3n, b\u00fasqueda de radio.<\/p>\n<p>[\/vc_column_text][\/vc_column][vc_column width=\u00bb1\/5&#8243; el_class=\u00bbnomob\u00bb][vc_empty_space height=\u00bb82px\u00bb][\/vc_column][\/vc_row][vc_row full_width=\u00bbstretch_row\u00bb el_class=\u00bbmto100&#8243;][vc_column width=\u00bb1\/6&#8243; el_class=\u00bbnomob\u00bb][\/vc_column][vc_column width=\u00bb1\/6&#8243; el_class=\u00bbnomob\u00bb][vc_single_image image=\u00bb30274&#8243; img_size=\u00bbfull\u00bb alignment=\u00bbright\u00bb el_class=\u00bbnomob\u00bb][\/vc_column][vc_column width=\u00bb3\/6&#8243;][vc_column_text]<\/p>\n<p style=\"text-align: left; font-size: 20px; text-transform: uppercase; font-family: 'Fira Sans', sans-serif; color: #212121;\">Camping B\u00fasqueda r\u00e1pida por fecha<\/p>\n<h3 style=\"text-align: left;\"><span style=\"color: #f4524d;\">Encuentre campings vacantes para su fecha de viaje<\/span><\/h3>\n<p style=\"text-align: left;\">Obtenga una visi\u00f3n general r\u00e1pida de los campings en su destino. Simplemente ingrese su t\u00e9rmino de b\u00fasqueda o la categor\u00eda apropiada y su destino.<\/p>\n<p>[\/vc_column_text][\/vc_column][vc_column width=\u00bb1\/6&#8243; el_class=\u00bbnomob\u00bb][vc_empty_space height=\u00bb82px\u00bb][vc_single_image image=\u00bb37338&#8243; img_size=\u00bbfull\u00bb][\/vc_column][\/vc_row][vc_row full_width=\u00bbstretch_row\u00bb el_class=\u00bbmto50&#8243;][vc_column width=\u00bb1\/6&#8243; el_class=\u00bbnomob\u00bb][vc_single_image image=\u00bb30520&#8243; img_size=\u00bbfull\u00bb alignment=\u00bbright\u00bb][\/vc_column][vc_column width=\u00bb4\/6&#8243;][vc_column_text]<\/p>\n<p style=\"text-align: left; font-size: 20px; text-transform: uppercase; font-family: 'Fira Sans', sans-serif; color: #212121;\">Reserve un camping directamente en l\u00ednea<\/p>\n<h3 style=\"text-align: left;\"><span style=\"color: #f4524d;\">Reserva directamente del proveedor respectivo<\/span><\/h3>\n<p style=\"text-align: left;\">Si ha encontrado una oferta adecuada para usted, siempre res\u00e9rvela directamente y sin desv\u00edos al propietario o proveedor respectivo o haga una solicitud de reserva al respecto.<\/p>\n<p>[\/vc_column_text][vc_single_image image=\u00bb37331&#8243; img_size=\u00bbfull\u00bb alignment=\u00bbcenter\u00bb][\/vc_column][vc_column width=\u00bb1\/6&#8243; el_class=\u00bbnomob\u00bb][vc_empty_space height=\u00bb82px\u00bb][\/vc_column][\/vc_row][vc_row full_width=\u00bbstretch_row\u00bb][vc_column][vc_column_text]<\/p>\n<h2 style=\"text-align: center; font-size: 32px;\">Sus beneficios<\/h2>\n<p>[\/vc_column_text][vc_zigzag color=\u00bbcustom\u00bb el_width=\u00bb40&#8243; css=\u00bb.vc_custom_1569941550391{margin-top: -25px !important;margin-bottom: 50px !important;}\u00bb custom_color=\u00bb#c6c6c6&#8243;][\/vc_column][\/vc_row][vc_row full_width=\u00bbstretch_row\u00bb][vc_column width=\u00bb1\/12&#8243; el_class=\u00bbnomob\u00bb][vc_empty_space height=\u00bb82px\u00bb][vc_single_image image=\u00bb37324&#8243; img_size=\u00bbfull\u00bb][vc_empty_space height=\u00bb82px\u00bb][vc_single_image image=\u00bb37324&#8243; img_size=\u00bbfull\u00bb][vc_empty_space height=\u00bb82px\u00bb][vc_single_image image=\u00bb37324&#8243; img_size=\u00bbfull\u00bb][\/vc_column][vc_column width=\u00bb2\/12&#8243; el_class=\u00bbnomob\u00bb][vc_empty_space height=\u00bb12px\u00bb][vc_single_image image=\u00bb30372&#8243; img_size=\u00bbfull\u00bb][vc_empty_space height=\u00bb60px\u00bb][vc_single_image image=\u00bb30295&#8243; img_size=\u00bbfull\u00bb][vc_empty_space height=\u00bb60px\u00bb][vc_single_image image=\u00bb30344&#8243; img_size=\u00bbfull\u00bb][vc_empty_space height=\u00bb60px\u00bb][vc_single_image image=\u00bb30407&#8243; img_size=\u00bbfull\u00bb][\/vc_column][vc_column width=\u00bb9\/12&#8243;][vc_column_text el_class=\u00bbmlef\u00bb]<\/p>\n<p style=\"text-align: left; font-size: 20px; text-transform: uppercase; font-family: 'Fira Sans', sans-serif; color: #212121;\">Proveedores verificados<\/p>\n<h3 style=\"text-align: left;\"><span style=\"color: #f4524d;\">Propietarios exclusivamente certificados<\/span><\/h3>\n<p style=\"text-align: left;\">Nuestros proveedores son solo socios acreditados y verificados. Entonces en la b\u00fasqueda tienes una mejor orientaci\u00f3n y garant\u00eda de calidad. Sea seguro para estar 100% satisfecho con su campamento.<\/p>\n<p>[\/vc_column_text][vc_empty_space height=\u00bb52px\u00bb][vc_column_text el_class=\u00bbmlef\u00bb]<\/p>\n<p style=\"text-align: left; font-size: 20px; text-transform: uppercase; font-family: 'Fira Sans', sans-serif; color: #212121;\">Ideas de viaje e inspiraciones<\/p>\n<h3 style=\"text-align: left;\"><span style=\"color: #f4524d;\">\u00bfBuscas inspiraci\u00f3n para el pr\u00f3ximo viaje de campamento?<\/span><\/h3>\n<p style=\"text-align: left;\">Aqu\u00ed encontrar\u00e1 ideas de viaje exclusivas para experiencias de viaje \u00fanicas. Tenemos consejos e im\u00e1genes inspiradoras que aumentan su deseo de viajar incluso antes del viaje de vacaciones planificado. Descubra lo t\u00edpico y lo extraordinario para cada \u00e1rea objetivo.<\/p>\n<p>[\/vc_column_text][vc_empty_space height=\u00bb52px\u00bb][vc_column_text el_class=\u00bbmlef\u00bb]<\/p>\n<p style=\"text-align: left; font-size: 20px; text-transform: uppercase; font-family: 'Fira Sans', sans-serif; color: #212121;\">Calificaciones de clientes<\/p>\n<h3 style=\"text-align: left;\"><span style=\"color: #f4524d;\">Las opiniones de los clientes le brindan informaci\u00f3n importante <\/span><\/h3>\n<p style=\"text-align: left;\">Las rese\u00f1as positivas y aut\u00e9nticas de los clientes brindan informaci\u00f3n importante cuando se trata de incertidumbre al reservar una oferta. Benef\u00edciese en tiempo de acampada de estas revisiones que otros clientes han hecho para nuevos clientes.<\/p>\n<p>[\/vc_column_text][vc_empty_space height=\u00bb52px\u00bb][vc_column_text el_class=\u00bbmlef\u00bb]<\/p>\n<p style=\"text-align: left; font-size: 20px; text-transform: uppercase; font-family: 'Fira Sans', sans-serif; color: #212121;\">Campings &#8211; Compara precios<\/p>\n<h3 style=\"text-align: left;\"><span style=\"color: #f4524d;\">\u00bfD\u00f3nde puedes ir de vacaciones de camping bien y de forma econ\u00f3mica?<\/span><\/h3>\n<p style=\"text-align: left;\">Te ayudamos a aprovechar al m\u00e1ximo las vacaciones en camping. Compare precios de diferentes proveedores y propietarios y obtenga una visi\u00f3n general r\u00e1pida de lo que se ajusta a su presupuesto de viaje planificado.<\/p>\n<p>[\/vc_column_text][\/vc_column][\/vc_row][vc_row full_width=\u00bbstretch_row\u00bb css=\u00bb.vc_custom_1570108218143{margin-top: 60px !important;margin-bottom: -45px !important;background-color: #f2f2f2 !important;}\u00bb][vc_column width=\u00bb2\/3&#8243;][vc_column_text]<\/p>\n<h1 style=\"text-align: left;\">FAQ &#8211; Preguntas frecuentes<\/h1>\n<p>[\/vc_column_text][vc_toggle title=\u00bb\u00bfUna reserva est\u00e1 asociada con los costos?\u00bb style=\u00bbround_outline\u00bb]Cualquier reserva durante el campamento es para usted sin tarifas de reserva, costos o comisiones.[\/vc_toggle][vc_toggle title=\u00bb\u00bfCon qui\u00e9n reservo una oferta de alquiler?\u00bb style=\u00bbround_outline\u00bb]Siempre reserva directamente y sin desv\u00edos en el propietario respectivo. Puede encontrar una descripci\u00f3n general de todos los propietarios y ofertas en los respectivos directorios de proveedores de su ciudad.[\/vc_toggle][vc_toggle title=\u00bb\u00bfTengo que registrarme para la reserva?\u00bb style=\u00bbround_outline\u00bb]Para hacer una reserva y completarla, debe registrarse o registrarse.[\/vc_toggle][vc_toggle title=\u00bb\u00bfD\u00f3nde puedo ver mi reserva?\u00bb style=\u00bbround_outline\u00bb]Despu\u00e9s de registrarse, tambi\u00e9n obtendr\u00e1 acceso al Panel de usuario. All\u00ed puede ver y administrar todas las reservas.[\/vc_toggle][vc_toggle title=\u00bb\u00bfPuedo contactar al arrendador?\u00bb style=\u00bbround_outline\u00bb]Siempre puede comunicarse con el propietario respectivo para hacer preguntas o aclarar detalles para la reserva o el alquiler.[\/vc_toggle][vc_toggle title=\u00bb\u00bfC\u00f3mo creo una cuenta?\u00bb style=\u00bbround_outline\u00bb]Si a\u00fan no tiene una cuenta, haga clic en Registrarse y luego cree una cuenta.[\/vc_toggle][vc_empty_space height=\u00bb60px\u00bb][\/vc_column][vc_column width=\u00bb1\/3&#8243; css=\u00bb.vc_custom_1583489667421{margin-top: 60px !important;padding-top: 30px !important;padding-right: 15px !important;padding-bottom: 15px !important;padding-left: 15px !important;background-color: #f4524d !important;}\u00bb][vc_column_text]<img loading=\"lazy\" decoding=\"async\" class=\"alignnone size-full wp-image-31300 aligncenter\" src=\"https:\/\/www.camperstime.com\/wp-content\/uploads\/2019\/10\/icon-telefon1.png\" alt=\"\" width=\"100\" height=\"105\" srcset=\"https:\/\/www.camperstime.com\/wp-content\/uploads\/2019\/10\/icon-telefon1.png 100w, https:\/\/www.camperstime.com\/wp-content\/uploads\/2019\/10\/icon-telefon1-20x20.png 20w\" sizes=\"auto, (max-width: 100px) 100vw, 100px\" \/><\/p>\n<h3 style=\"text-align: center;\"><span style=\"color: #ffffff;\">\u00bfTodav\u00eda tienes preguntas?<\/span><\/h3>\n<p style=\"text-align: center;\"><span style=\"color: #ffffff;\">Dirigirse directamente a nuestra atenci\u00f3n al cliente.<\/span><\/p>\n<p style=\"text-align: center;\"><a class=\"custom_wpestate_rentals\" href=\"\/es\/contact\">Contactar directamente<\/a><\/p>\n<p>[\/vc_column_text][\/vc_column][\/vc_row][vc_row full_width=\u00bbstretch_row\u00bb disable_element=\u00bbyes\u00bb][vc_column width=\u00bb2\/12&#8243; el_class=\u00bbnomob\u00bb][vc_single_image image=\u00bb30372&#8243; img_size=\u00bbfull\u00bb][vc_empty_space height=\u00bb82px\u00bb][vc_single_image image=\u00bb30295&#8243; img_size=\u00bbfull\u00bb][vc_empty_space height=\u00bb82px\u00bb][vc_single_image image=\u00bb30344&#8243; img_size=\u00bbfull\u00bb][vc_empty_space height=\u00bb82px\u00bb][vc_single_image image=\u00bb30407&#8243; img_size=\u00bbfull\u00bb][\/vc_column][vc_column width=\u00bb1\/12&#8243; el_class=\u00bbnomob mlef\u00bb][vc_empty_space height=\u00bb82px\u00bb][vc_single_image image=\u00bb29451&#8243; img_size=\u00bbfull\u00bb][vc_empty_space height=\u00bb82px\u00bb][vc_single_image image=\u00bb29451&#8243; img_size=\u00bbfull\u00bb][vc_empty_space height=\u00bb82px\u00bb][vc_single_image image=\u00bb29451&#8243; img_size=\u00bbfull\u00bb][\/vc_column][vc_column width=\u00bb9\/12&#8243;][vc_column_text]<\/p>\n<p style=\"text-align: left; font-size: 18px; text-transform: uppercase; font-family: 'Fira Sans', sans-serif;\">Gepr\u00fcfte Anbieter<\/p>\n<h3 style=\"text-align: left;\"><span style=\"color: #ba3d3e;\">I am text block. <\/span><\/h3>\n<p style=\"text-align: left;\">Click edit button to change this text. Lorem ipsum dolor sit amet, consectetur adipiscing elit. Ut elit tellus, luctus nec ullamcorper mattis, pulvinar dapibus leo.<\/p>\n<p>[\/vc_column_text][vc_empty_space height=\u00bb82px\u00bb][vc_column_text]<\/p>\n<p style=\"text-align: left; font-size: 18px; text-transform: uppercase; font-family: 'Fira Sans', sans-serif;\">Reiseideen &amp; Inspirationen<\/p>\n<h3 style=\"text-align: left;\"><span style=\"color: #ba3d3e;\">I am text block. <\/span><\/h3>\n<p style=\"text-align: left;\">Click edit button to change this text. Lorem ipsum dolor sit amet, consectetur adipiscing elit. Ut elit tellus, luctus nec ullamcorper mattis, pulvinar dapibus leo.<\/p>\n<p>[\/vc_column_text][vc_empty_space height=\u00bb82px\u00bb][vc_column_text]<\/p>\n<p style=\"text-align: left; font-size: 18px; text-transform: uppercase; font-family: 'Fira Sans', sans-serif;\">Kundenbewertungen<\/p>\n<h3 style=\"text-align: left;\"><span style=\"color: #ba3d3e;\">I am text block. <\/span><\/h3>\n<p style=\"text-align: left;\">Click edit button to change this text. Lorem ipsum dolor sit amet, consectetur adipiscing elit. Ut elit tellus, luctus nec ullamcorper mattis, pulvinar dapibus leo.<\/p>\n<p>[\/vc_column_text][vc_empty_space height=\u00bb82px\u00bb][vc_column_text]<\/p>\n<p style=\"text-align: left; font-size: 18px; text-transform: uppercase; font-family: 'Fira Sans', sans-serif;\">Preise<\/p>\n<h3 style=\"text-align: left;\"><span style=\"color: #ba3d3e;\">I am text block. <\/span><\/h3>\n<p style=\"text-align: left;\">Click edit button to change this text. Lorem ipsum dolor sit amet, consectetur adipiscing elit. Ut elit tellus, luctus nec ullamcorper mattis, pulvinar dapibus leo.<\/p>\n<p>&nbsp;<\/p>\n<p>[\/vc_column_text][\/vc_column][\/vc_row]<\/p>\n<\/div>","protected":false},"excerpt":{"rendered":"<p>[vc_row full_width=\u00bbstretch_row\u00bb css=\u00bb.vc_custom_1583489533900{margin-top: -64px !important;margin-bottom: 35px !important;padding-bottom: 35px !important;background-color: #f4524d !important;}\u00bb][vc_column width=\u00bb1\/2&#8243;][vc_empty_space height=\u00bb72px\u00bb][vc_column_text] Busque el camping y encu\u00e9ntrelo r\u00e1pidamente Cualquier persona que busque un camping, una plaza de aparcamiento o una plaza de aparcamiento para su caravana o autocaravana est\u00e1 en el lugar correcto. [\/vc_column_text][\/vc_column][vc_column width=\u00bb1\/2&#8243;][vc_single_image image=\u00bb30831&#8243; img_size=\u00bbfull\u00bb alignment=\u00bbright\u00bb css=\u00bb.vc_custom_1569922332678{margin-top: 20px !important;}\u00bb][\/vc_column][\/vc_row][vc_row full_width=\u00bbstretch_row\u00bb][vc_column][vc_column_text] As\u00ed de &#8230;<\/p>\n","protected":false},"author":1,"featured_media":0,"parent":0,"menu_order":0,"comment_status":"closed","ping_status":"closed","template":"","meta":{"inline_featured_image":false,"footnotes":""},"class_list":["post-28660","page","type-page","status-publish","hentry"],"yoast_head":"<!-- This site is optimized with the Yoast SEO plugin v24.3 - https:\/\/yoast.com\/wordpress\/plugins\/seo\/ -->\n<title>C\u00f3mo buscar y reservar un camping en camperstime<\/title>\n<meta name=\"description\" content=\"Nos gustar\u00eda facilitarle la b\u00fasqueda de un camping para las pr\u00f3ximas vacaciones, o alquiler a corto o largo plazo.\" \/>\n<meta name=\"robots\" content=\"index, follow, max-snippet:-1, max-image-preview:large, max-video-preview:-1\" \/>\n<link rel=\"canonical\" href=\"https:\/\/www.camperstime.com\/es\/como-funciona\" \/>\n<meta property=\"og:locale\" content=\"es_ES\" \/>\n<meta property=\"og:type\" content=\"article\" \/>\n<meta property=\"og:title\" content=\"C\u00f3mo buscar y reservar un camping en camperstime\" \/>\n<meta property=\"og:description\" content=\"Nos gustar\u00eda facilitarle la b\u00fasqueda de un camping para las pr\u00f3ximas vacaciones, o alquiler a corto o largo plazo.\" \/>\n<meta property=\"og:url\" content=\"https:\/\/www.camperstime.com\/es\/como-funciona\" \/>\n<meta property=\"og:site_name\" content=\"camperstime\" \/>\n<meta property=\"article:modified_time\" content=\"2020-03-06T10:18:17+00:00\" \/>\n<meta property=\"og:image\" content=\"https:\/\/www.camperstime.com\/wp-content\/uploads\/2019\/10\/icon-telefon1.png\" \/>\n\t<meta property=\"og:image:width\" content=\"100\" \/>\n\t<meta property=\"og:image:height\" content=\"105\" \/>\n\t<meta property=\"og:image:type\" content=\"image\/png\" \/>\n<meta name=\"twitter:card\" content=\"summary_large_image\" \/>\n<meta name=\"twitter:label1\" content=\"Tiempo de lectura\" \/>\n\t<meta name=\"twitter:data1\" content=\"7 minutos\" \/>\n<script type=\"application\/ld+json\" class=\"yoast-schema-graph\">{\"@context\":\"https:\/\/schema.org\",\"@graph\":[{\"@type\":\"WebPage\",\"@id\":\"https:\/\/www.camperstime.com\/es\/como-funciona\",\"url\":\"https:\/\/www.camperstime.com\/es\/como-funciona\",\"name\":\"C\u00f3mo buscar y reservar un camping en camperstime\",\"isPartOf\":{\"@id\":\"https:\/\/www.camperstime.com\/es#website\"},\"primaryImageOfPage\":{\"@id\":\"https:\/\/www.camperstime.com\/es\/como-funciona#primaryimage\"},\"image\":{\"@id\":\"https:\/\/www.camperstime.com\/es\/como-funciona#primaryimage\"},\"thumbnailUrl\":\"https:\/\/www.camperstime.com\/wp-content\/uploads\/2019\/10\/icon-telefon1.png\",\"datePublished\":\"2019-08-16T06:31:14+00:00\",\"dateModified\":\"2020-03-06T10:18:17+00:00\",\"description\":\"Nos gustar\u00eda facilitarle la b\u00fasqueda de un camping para las pr\u00f3ximas vacaciones, o alquiler a corto o largo plazo.\",\"breadcrumb\":{\"@id\":\"https:\/\/www.camperstime.com\/es\/como-funciona#breadcrumb\"},\"inLanguage\":\"es\",\"potentialAction\":[{\"@type\":\"ReadAction\",\"target\":[\"https:\/\/www.camperstime.com\/es\/como-funciona\"]}]},{\"@type\":\"ImageObject\",\"inLanguage\":\"es\",\"@id\":\"https:\/\/www.camperstime.com\/es\/como-funciona#primaryimage\",\"url\":\"https:\/\/www.camperstime.com\/wp-content\/uploads\/2019\/10\/icon-telefon1.png\",\"contentUrl\":\"https:\/\/www.camperstime.com\/wp-content\/uploads\/2019\/10\/icon-telefon1.png\"},{\"@type\":\"BreadcrumbList\",\"@id\":\"https:\/\/www.camperstime.com\/es\/como-funciona#breadcrumb\",\"itemListElement\":[{\"@type\":\"ListItem\",\"position\":1,\"name\":\"Startseite\",\"item\":\"https:\/\/www.camperstime.com\/es\"},{\"@type\":\"ListItem\",\"position\":2,\"name\":\"\u00bfC\u00f3mo funciona?\"}]},{\"@type\":\"WebSite\",\"@id\":\"https:\/\/www.camperstime.com\/es#website\",\"url\":\"https:\/\/www.camperstime.com\/es\",\"name\":\"camperstime\",\"description\":\"Themen und Artikel rund um einen Campingurlaub\",\"potentialAction\":[{\"@type\":\"SearchAction\",\"target\":{\"@type\":\"EntryPoint\",\"urlTemplate\":\"https:\/\/www.camperstime.com\/es?s={search_term_string}\"},\"query-input\":{\"@type\":\"PropertyValueSpecification\",\"valueRequired\":true,\"valueName\":\"search_term_string\"}}],\"inLanguage\":\"es\"}]}<\/script>\n<!-- \/ Yoast SEO plugin. -->","yoast_head_json":{"title":"C\u00f3mo buscar y reservar un camping en camperstime","description":"Nos gustar\u00eda facilitarle la b\u00fasqueda de un camping para las pr\u00f3ximas vacaciones, o alquiler a corto o largo plazo.","robots":{"index":"index","follow":"follow","max-snippet":"max-snippet:-1","max-image-preview":"max-image-preview:large","max-video-preview":"max-video-preview:-1"},"canonical":"https:\/\/www.camperstime.com\/es\/como-funciona","og_locale":"es_ES","og_type":"article","og_title":"C\u00f3mo buscar y reservar un camping en camperstime","og_description":"Nos gustar\u00eda facilitarle la b\u00fasqueda de un camping para las pr\u00f3ximas vacaciones, o alquiler a corto o largo plazo.","og_url":"https:\/\/www.camperstime.com\/es\/como-funciona","og_site_name":"camperstime","article_modified_time":"2020-03-06T10:18:17+00:00","og_image":[{"width":100,"height":105,"url":"https:\/\/www.camperstime.com\/wp-content\/uploads\/2019\/10\/icon-telefon1.png","type":"image\/png"}],"twitter_card":"summary_large_image","twitter_misc":{"Tiempo de lectura":"7 minutos"},"schema":{"@context":"https:\/\/schema.org","@graph":[{"@type":"WebPage","@id":"https:\/\/www.camperstime.com\/es\/como-funciona","url":"https:\/\/www.camperstime.com\/es\/como-funciona","name":"C\u00f3mo buscar y reservar un camping en camperstime","isPartOf":{"@id":"https:\/\/www.camperstime.com\/es#website"},"primaryImageOfPage":{"@id":"https:\/\/www.camperstime.com\/es\/como-funciona#primaryimage"},"image":{"@id":"https:\/\/www.camperstime.com\/es\/como-funciona#primaryimage"},"thumbnailUrl":"https:\/\/www.camperstime.com\/wp-content\/uploads\/2019\/10\/icon-telefon1.png","datePublished":"2019-08-16T06:31:14+00:00","dateModified":"2020-03-06T10:18:17+00:00","description":"Nos gustar\u00eda facilitarle la b\u00fasqueda de un camping para las pr\u00f3ximas vacaciones, o alquiler a corto o largo plazo.","breadcrumb":{"@id":"https:\/\/www.camperstime.com\/es\/como-funciona#breadcrumb"},"inLanguage":"es","potentialAction":[{"@type":"ReadAction","target":["https:\/\/www.camperstime.com\/es\/como-funciona"]}]},{"@type":"ImageObject","inLanguage":"es","@id":"https:\/\/www.camperstime.com\/es\/como-funciona#primaryimage","url":"https:\/\/www.camperstime.com\/wp-content\/uploads\/2019\/10\/icon-telefon1.png","contentUrl":"https:\/\/www.camperstime.com\/wp-content\/uploads\/2019\/10\/icon-telefon1.png"},{"@type":"BreadcrumbList","@id":"https:\/\/www.camperstime.com\/es\/como-funciona#breadcrumb","itemListElement":[{"@type":"ListItem","position":1,"name":"Startseite","item":"https:\/\/www.camperstime.com\/es"},{"@type":"ListItem","position":2,"name":"\u00bfC\u00f3mo funciona?"}]},{"@type":"WebSite","@id":"https:\/\/www.camperstime.com\/es#website","url":"https:\/\/www.camperstime.com\/es","name":"camperstime","description":"Themen und Artikel rund um einen Campingurlaub","potentialAction":[{"@type":"SearchAction","target":{"@type":"EntryPoint","urlTemplate":"https:\/\/www.camperstime.com\/es?s={search_term_string}"},"query-input":{"@type":"PropertyValueSpecification","valueRequired":true,"valueName":"search_term_string"}}],"inLanguage":"es"}]}},"_links":{"self":[{"href":"https:\/\/www.camperstime.com\/es\/wp-json\/wp\/v2\/pages\/28660","targetHints":{"allow":["GET"]}}],"collection":[{"href":"https:\/\/www.camperstime.com\/es\/wp-json\/wp\/v2\/pages"}],"about":[{"href":"https:\/\/www.camperstime.com\/es\/wp-json\/wp\/v2\/types\/page"}],"author":[{"embeddable":true,"href":"https:\/\/www.camperstime.com\/es\/wp-json\/wp\/v2\/users\/1"}],"replies":[{"embeddable":true,"href":"https:\/\/www.camperstime.com\/es\/wp-json\/wp\/v2\/comments?post=28660"}],"version-history":[{"count":0,"href":"https:\/\/www.camperstime.com\/es\/wp-json\/wp\/v2\/pages\/28660\/revisions"}],"wp:attachment":[{"href":"https:\/\/www.camperstime.com\/es\/wp-json\/wp\/v2\/media?parent=28660"}],"curies":[{"name":"wp","href":"https:\/\/api.w.org\/{rel}","templated":true}]}}