{"id":28534,"date":"2019-08-15T06:43:35","date_gmt":"2019-08-15T06:43:35","guid":{"rendered":"https:\/\/www.camperstime.com\/impressum"},"modified":"2020-03-09T08:24:25","modified_gmt":"2020-03-09T08:24:25","slug":"aviso-legal","status":"publish","type":"page","link":"https:\/\/www.camperstime.com\/es\/aviso-legal","title":{"rendered":"Aviso legal"},"content":{"rendered":"<div class=\"wpb-content-wrapper\"><p>[vc_row][vc_column width=\u00bb1\/2&#8243;][vc_column_text css=\u00bb.vc_custom_1571814483407{padding-top: 15px !important;padding-right: 15px !important;padding-bottom: 15px !important;background-color: #ffffff !important;}\u00bb]<\/p>\n<h1>Aviso legal<\/h1>\n<p>[\/vc_column_text][vc_separator color=\u00bbcustom\u00bb align=\u00bbalign_left\u00bb border_width=\u00bb2&#8243; el_width=\u00bb10&#8243; accent_color=\u00bb#f4524d\u00bb css=\u00bb.vc_custom_1583741949666{margin-top: -25px !important;}\u00bb][vc_single_image image=\u00bb32367&#8243; img_size=\u00bbfull\u00bb][vc_column_text css=\u00bb.vc_custom_1571814962465{margin-top: -25px !important;}\u00bb]Software GmbH<br \/>\nRosa-Hoffmann-Stra\u00dfe 33<br \/>\nA-5020 Salzburgo<\/p>\n<p><strong>Director Gerente:<\/strong><br \/>\n<img loading=\"lazy\" decoding=\"async\" class=\"alignnone size-full wp-image-3720\" src=\"https:\/\/www.camperstime.com\/wp-content\/uploads\/2019\/10\/TG-campers.png\" alt=\"\" width=\"84\" height=\"16\" \/><\/p>\n<p><strong>Registro Mercantil:<\/strong><br \/>\nLandesgericht Salzburg<\/p>\n<p><strong>N\u00famero de registro comercial:<\/strong><br \/>\nFN 36 11 49 b<\/p>\n<p><strong>N\u00fameros de identificaci\u00f3n fiscal:<\/strong><br \/>\nUID: ATU66522355<br \/>\nSt. No: 149\/0589[\/vc_column_text][\/vc_column][vc_column width=\u00bb1\/2&#8243;][vc_column_text css=\u00bb.vc_custom_1571814591401{padding-top: 15px !important;padding-right: 15px !important;padding-bottom: 15px !important;background-color: #ffffff !important;}\u00bb]<\/p>\n<h1>Cr\u00e9ditos de las fotograf\u00edas<\/h1>\n<p>[\/vc_column_text][vc_separator color=\u00bbcustom\u00bb align=\u00bbalign_left\u00bb border_width=\u00bb2&#8243; el_width=\u00bb10&#8243; accent_color=\u00bb#f4524d\u00bb css=\u00bb.vc_custom_1583741971972{margin-top: -25px !important;}\u00bb][vc_column_text css=\u00bb.vc_custom_1571815094049{margin-top: -10px !important;padding-bottom: 15px !important;background-color: #ffffff !important;}\u00bb]<strong>P\u00e1gina de inicio<\/strong><br \/>\n\u00a9 Dean Drobot | 123rf.com<br \/>\n\u00a9 flocu | bigstockphoto.com<\/p>\n<p><strong>Asi es como funciona<\/strong><br \/>\n\u00a9 Andrey Armyagov | bigstockphoto.com<\/p>\n<p><strong>Informaci\u00f3n para proveedores<\/strong><br \/>\n\u00a9 Achi_Studio | bigstockphoto.com[\/vc_column_text][vc_column_text css=\u00bb.vc_custom_1571814881336{padding-top: 15px !important;padding-right: 15px !important;padding-bottom: 15px !important;background-color: #ffffff !important;}\u00bb]<\/p>\n<h1>Notas legales<\/h1>\n<p>[\/vc_column_text][vc_separator color=\u00bbcustom\u00bb align=\u00bbalign_left\u00bb border_width=\u00bb2&#8243; el_width=\u00bb10&#8243; accent_color=\u00bb#f4524d\u00bb css=\u00bb.vc_custom_1583742255767{margin-top: -25px !important;}\u00bb][vc_column_text]En este espacio, el USUARIO, podr\u00e1 encontrar toda la informaci\u00f3n relativa a los t\u00e9rminos y condiciones legales que definen las relaciones entre los usuarios y nosotros como responsables de esta web. Como usuario, es importante que conozcas estos t\u00e9rminos antes de continuar tu navegaci\u00f3n. Cincomedia GmbH. Como responsable de esta web, asume el compromiso de procesar la informaci\u00f3n de nuestros usuarios y clientes con plenas garant\u00edas y cumplir con los requisitos nacionales y europeos que regulan la recopilaci\u00f3n y uso de los datos personales de nuestros usuarios. Esta web, por tanto, cumple rigurosamente con el RGPD (REGLAMENTO (UE) 2016\/679 de protecci\u00f3n de datos) y la LSSI-CE la Ley 34\/2002, de 11 de julio, de servicios de la sociedad de la informaci\u00f3n y de comercio electr\u00f3nico.[\/vc_column_text][\/vc_column][\/vc_row][vc_row][vc_column][vc_empty_space height=\u00bb72px\u00bb][\/vc_column][\/vc_row][vc_row full_width=\u00bbstretch_row\u00bb css=\u00bb.vc_custom_1583741990360{margin-bottom: -45px !important;background-color: #f4524d !important;}\u00bb][vc_column][vc_column_text]<img loading=\"lazy\" decoding=\"async\" class=\"alignnone size-full wp-image-31300 aligncenter\" src=\"https:\/\/www.camperstime.com\/wp-content\/uploads\/2019\/10\/icon-telefon1.png\" alt=\"\" width=\"100\" height=\"105\" srcset=\"https:\/\/www.camperstime.com\/wp-content\/uploads\/2019\/10\/icon-telefon1.png 100w, https:\/\/www.camperstime.com\/wp-content\/uploads\/2019\/10\/icon-telefon1-20x20.png 20w\" sizes=\"auto, (max-width: 100px) 100vw, 100px\" \/><\/p>\n<h3 style=\"text-align: center;\"><span style=\"color: #ffffff;\">\u00bfTodav\u00eda tienes preguntas?<\/span><\/h3>\n<p style=\"text-align: center;\"><span style=\"color: #ffffff;\">Por favor, p\u00f3ngase en contacto con nuestro equipo de soporte directamente!<\/span><\/p>\n<p style=\"text-align: center;\"><a class=\"custom_wpestate_rentals\" href=\"\/es\/contact\">Contactar con soporte<\/a><\/p>\n<p>[\/vc_column_text][\/vc_column][\/vc_row]<\/p>\n<\/div>","protected":false},"excerpt":{"rendered":"<p>[vc_row][vc_column width=\u00bb1\/2&#8243;][vc_column_text css=\u00bb.vc_custom_1571814483407{padding-top: 15px !important;padding-right: 15px !important;padding-bottom: 15px !important;background-color: #ffffff !important;}\u00bb] Aviso legal [\/vc_column_text][vc_separator color=\u00bbcustom\u00bb align=\u00bbalign_left\u00bb border_width=\u00bb2&#8243; el_width=\u00bb10&#8243; accent_color=\u00bb#f4524d\u00bb css=\u00bb.vc_custom_1583741949666{margin-top: -25px !important;}\u00bb][vc_single_image image=\u00bb32367&#8243; img_size=\u00bbfull\u00bb][vc_column_text css=\u00bb.vc_custom_1571814962465{margin-top: -25px !important;}\u00bb]Software GmbH Rosa-Hoffmann-Stra\u00dfe 33 A-5020 Salzburgo Director Gerente: Registro Mercantil: Landesgericht Salzburg N\u00famero de registro comercial: FN 36 11 49 b N\u00fameros de identificaci\u00f3n fiscal: UID: ATU66522355 St. No: &#8230;<\/p>\n","protected":false},"author":1,"featured_media":0,"parent":0,"menu_order":0,"comment_status":"closed","ping_status":"closed","template":"","meta":{"inline_featured_image":false,"footnotes":""},"class_list":["post-28534","page","type-page","status-publish","hentry"],"yoast_head":"<!-- This site is optimized with the Yoast SEO plugin v24.3 - https:\/\/yoast.com\/wordpress\/plugins\/seo\/ -->\n<title>Aviso legal - camperstime<\/title>\n<meta name=\"robots\" content=\"index, follow, max-snippet:-1, max-image-preview:large, max-video-preview:-1\" \/>\n<link rel=\"canonical\" href=\"https:\/\/www.camperstime.com\/es\/aviso-legal\" \/>\n<meta property=\"og:locale\" content=\"es_ES\" \/>\n<meta property=\"og:type\" content=\"article\" \/>\n<meta property=\"og:title\" content=\"Aviso legal - camperstime\" \/>\n<meta property=\"og:description\" content=\"[vc_row][vc_column width=\u00bb1\/2&#8243;][vc_column_text css=\u00bb.vc_custom_1571814483407{padding-top: 15px !important;padding-right: 15px !important;padding-bottom: 15px !important;background-color: #ffffff !important;}\u00bb] Aviso legal [\/vc_column_text][vc_separator color=\u00bbcustom\u00bb align=\u00bbalign_left\u00bb border_width=\u00bb2&#8243; el_width=\u00bb10&#8243; accent_color=\u00bb#f4524d\u00bb css=\u00bb.vc_custom_1583741949666{margin-top: -25px !important;}\u00bb][vc_single_image image=\u00bb32367&#8243; img_size=\u00bbfull\u00bb][vc_column_text css=\u00bb.vc_custom_1571814962465{margin-top: -25px !important;}\u00bb]Software GmbH Rosa-Hoffmann-Stra\u00dfe 33 A-5020 Salzburgo Director Gerente: Registro Mercantil: Landesgericht Salzburg N\u00famero de registro comercial: FN 36 11 49 b N\u00fameros de identificaci\u00f3n fiscal: UID: ATU66522355 St. No: ...\" \/>\n<meta property=\"og:url\" content=\"https:\/\/www.camperstime.com\/es\/aviso-legal\" \/>\n<meta property=\"og:site_name\" content=\"camperstime\" \/>\n<meta property=\"article:modified_time\" content=\"2020-03-09T08:24:25+00:00\" \/>\n<meta name=\"twitter:card\" content=\"summary_large_image\" \/>\n<meta name=\"twitter:label1\" content=\"Tiempo de lectura\" \/>\n\t<meta name=\"twitter:data1\" content=\"2 minutos\" \/>\n<script type=\"application\/ld+json\" class=\"yoast-schema-graph\">{\"@context\":\"https:\/\/schema.org\",\"@graph\":[{\"@type\":\"WebPage\",\"@id\":\"https:\/\/www.camperstime.com\/es\/aviso-legal\",\"url\":\"https:\/\/www.camperstime.com\/es\/aviso-legal\",\"name\":\"Aviso legal - camperstime\",\"isPartOf\":{\"@id\":\"https:\/\/www.camperstime.com\/es#website\"},\"primaryImageOfPage\":{\"@id\":\"https:\/\/www.camperstime.com\/es\/aviso-legal#primaryimage\"},\"image\":{\"@id\":\"https:\/\/www.camperstime.com\/es\/aviso-legal#primaryimage\"},\"thumbnailUrl\":\"https:\/\/www.camperstime.com\/wp-content\/uploads\/2019\/10\/TG-campers.png\",\"datePublished\":\"2019-08-15T06:43:35+00:00\",\"dateModified\":\"2020-03-09T08:24:25+00:00\",\"breadcrumb\":{\"@id\":\"https:\/\/www.camperstime.com\/es\/aviso-legal#breadcrumb\"},\"inLanguage\":\"es\",\"potentialAction\":[{\"@type\":\"ReadAction\",\"target\":[\"https:\/\/www.camperstime.com\/es\/aviso-legal\"]}]},{\"@type\":\"ImageObject\",\"inLanguage\":\"es\",\"@id\":\"https:\/\/www.camperstime.com\/es\/aviso-legal#primaryimage\",\"url\":\"https:\/\/www.camperstime.com\/wp-content\/uploads\/2019\/10\/TG-campers.png\",\"contentUrl\":\"https:\/\/www.camperstime.com\/wp-content\/uploads\/2019\/10\/TG-campers.png\"},{\"@type\":\"BreadcrumbList\",\"@id\":\"https:\/\/www.camperstime.com\/es\/aviso-legal#breadcrumb\",\"itemListElement\":[{\"@type\":\"ListItem\",\"position\":1,\"name\":\"Startseite\",\"item\":\"https:\/\/www.camperstime.com\/es\"},{\"@type\":\"ListItem\",\"position\":2,\"name\":\"Aviso legal\"}]},{\"@type\":\"WebSite\",\"@id\":\"https:\/\/www.camperstime.com\/es#website\",\"url\":\"https:\/\/www.camperstime.com\/es\",\"name\":\"camperstime\",\"description\":\"Themen und Artikel rund um einen Campingurlaub\",\"potentialAction\":[{\"@type\":\"SearchAction\",\"target\":{\"@type\":\"EntryPoint\",\"urlTemplate\":\"https:\/\/www.camperstime.com\/es?s={search_term_string}\"},\"query-input\":{\"@type\":\"PropertyValueSpecification\",\"valueRequired\":true,\"valueName\":\"search_term_string\"}}],\"inLanguage\":\"es\"}]}<\/script>\n<!-- \/ Yoast SEO plugin. -->","yoast_head_json":{"title":"Aviso legal - camperstime","robots":{"index":"index","follow":"follow","max-snippet":"max-snippet:-1","max-image-preview":"max-image-preview:large","max-video-preview":"max-video-preview:-1"},"canonical":"https:\/\/www.camperstime.com\/es\/aviso-legal","og_locale":"es_ES","og_type":"article","og_title":"Aviso legal - camperstime","og_description":"[vc_row][vc_column width=\u00bb1\/2&#8243;][vc_column_text css=\u00bb.vc_custom_1571814483407{padding-top: 15px !important;padding-right: 15px !important;padding-bottom: 15px !important;background-color: #ffffff !important;}\u00bb] Aviso legal [\/vc_column_text][vc_separator color=\u00bbcustom\u00bb align=\u00bbalign_left\u00bb border_width=\u00bb2&#8243; el_width=\u00bb10&#8243; accent_color=\u00bb#f4524d\u00bb css=\u00bb.vc_custom_1583741949666{margin-top: -25px !important;}\u00bb][vc_single_image image=\u00bb32367&#8243; img_size=\u00bbfull\u00bb][vc_column_text css=\u00bb.vc_custom_1571814962465{margin-top: -25px !important;}\u00bb]Software GmbH Rosa-Hoffmann-Stra\u00dfe 33 A-5020 Salzburgo Director Gerente: Registro Mercantil: Landesgericht Salzburg N\u00famero de registro comercial: FN 36 11 49 b N\u00fameros de identificaci\u00f3n fiscal: UID: ATU66522355 St. No: ...","og_url":"https:\/\/www.camperstime.com\/es\/aviso-legal","og_site_name":"camperstime","article_modified_time":"2020-03-09T08:24:25+00:00","twitter_card":"summary_large_image","twitter_misc":{"Tiempo de lectura":"2 minutos"},"schema":{"@context":"https:\/\/schema.org","@graph":[{"@type":"WebPage","@id":"https:\/\/www.camperstime.com\/es\/aviso-legal","url":"https:\/\/www.camperstime.com\/es\/aviso-legal","name":"Aviso legal - camperstime","isPartOf":{"@id":"https:\/\/www.camperstime.com\/es#website"},"primaryImageOfPage":{"@id":"https:\/\/www.camperstime.com\/es\/aviso-legal#primaryimage"},"image":{"@id":"https:\/\/www.camperstime.com\/es\/aviso-legal#primaryimage"},"thumbnailUrl":"https:\/\/www.camperstime.com\/wp-content\/uploads\/2019\/10\/TG-campers.png","datePublished":"2019-08-15T06:43:35+00:00","dateModified":"2020-03-09T08:24:25+00:00","breadcrumb":{"@id":"https:\/\/www.camperstime.com\/es\/aviso-legal#breadcrumb"},"inLanguage":"es","potentialAction":[{"@type":"ReadAction","target":["https:\/\/www.camperstime.com\/es\/aviso-legal"]}]},{"@type":"ImageObject","inLanguage":"es","@id":"https:\/\/www.camperstime.com\/es\/aviso-legal#primaryimage","url":"https:\/\/www.camperstime.com\/wp-content\/uploads\/2019\/10\/TG-campers.png","contentUrl":"https:\/\/www.camperstime.com\/wp-content\/uploads\/2019\/10\/TG-campers.png"},{"@type":"BreadcrumbList","@id":"https:\/\/www.camperstime.com\/es\/aviso-legal#breadcrumb","itemListElement":[{"@type":"ListItem","position":1,"name":"Startseite","item":"https:\/\/www.camperstime.com\/es"},{"@type":"ListItem","position":2,"name":"Aviso legal"}]},{"@type":"WebSite","@id":"https:\/\/www.camperstime.com\/es#website","url":"https:\/\/www.camperstime.com\/es","name":"camperstime","description":"Themen und Artikel rund um einen Campingurlaub","potentialAction":[{"@type":"SearchAction","target":{"@type":"EntryPoint","urlTemplate":"https:\/\/www.camperstime.com\/es?s={search_term_string}"},"query-input":{"@type":"PropertyValueSpecification","valueRequired":true,"valueName":"search_term_string"}}],"inLanguage":"es"}]}},"_links":{"self":[{"href":"https:\/\/www.camperstime.com\/es\/wp-json\/wp\/v2\/pages\/28534","targetHints":{"allow":["GET"]}}],"collection":[{"href":"https:\/\/www.camperstime.com\/es\/wp-json\/wp\/v2\/pages"}],"about":[{"href":"https:\/\/www.camperstime.com\/es\/wp-json\/wp\/v2\/types\/page"}],"author":[{"embeddable":true,"href":"https:\/\/www.camperstime.com\/es\/wp-json\/wp\/v2\/users\/1"}],"replies":[{"embeddable":true,"href":"https:\/\/www.camperstime.com\/es\/wp-json\/wp\/v2\/comments?post=28534"}],"version-history":[{"count":0,"href":"https:\/\/www.camperstime.com\/es\/wp-json\/wp\/v2\/pages\/28534\/revisions"}],"wp:attachment":[{"href":"https:\/\/www.camperstime.com\/es\/wp-json\/wp\/v2\/media?parent=28534"}],"curies":[{"name":"wp","href":"https:\/\/api.w.org\/{rel}","templated":true}]}}