{"id":28512,"date":"2019-08-14T08:31:38","date_gmt":"2019-08-14T08:31:38","guid":{"rendered":"https:\/\/www.camperstime.com\/campingplatz-wohnmobilstellplaetze-eintragen"},"modified":"2020-03-03T12:27:35","modified_gmt":"2020-03-03T12:27:35","slug":"ingrese-a-sitios-de-camping-y-casas-rodantes","status":"publish","type":"page","link":"https:\/\/www.camperstime.com\/es\/ingrese-a-sitios-de-camping-y-casas-rodantes","title":{"rendered":"Ingrese a sitios de camping y casas rodantes"},"content":{"rendered":"<div class=\"wpb-content-wrapper\"><p>[vc_row full_width=\u00bbstretch_row\u00bb css=\u00bb.vc_custom_1583238148238{margin-top: -64px !important;padding-top: 10px !important;padding-bottom: 35px !important;background-color: #f4524d !important;}\u00bb][vc_column width=\u00bb2\/3&#8243;][vc_empty_space height=\u00bb132px\u00bb][vc_column_text]<\/p>\n<h1><span style=\"color: #ffffff; font-size: 40px; line-height: 44px; margin-top: 100px;\">Registre su campamento directamente<\/span><\/h1>\n<p><span style=\"color: #ffffff; font-size: 30px; line-height: 34px; margin-top: 20px;\">Cualquiera que dirija un campamento, tenga espacio o parcelas para caravanas o veh\u00edculos recreativos en alquiler, es justo lo que necesita.<\/span><\/p>\n<div class=\"nomob1\"><a class=\"custom_wpestate_rentals\" href=\"\/es\/add-new-listing\/\">Publicar camping<\/a><\/div>\n<p>[\/vc_column_text][\/vc_column][vc_column width=\u00bb1\/3&#8243; el_class=\u00bbregno\u00bb]\n        <div class=\"login_form shortcode-login\">\n                <div class=\"loginalert\" id=\"register_message_area_sh\" ><\/div>\n\n                <div class=\"loginrow\">\n                    <input type=\"text\" name=\"user_login_register\" id=\"user_login_register_sh\" class=\"form-control\" placeholder=\"Usuario\" size=\"20\" \/>\n                <\/div>\n            <div class=\"loginrow\">\n                <input type=\"text\" name=\"user_email_register\" id=\"user_email_register_sh\" class=\"form-control\" placeholder=\"Correo electr\u00f3nico\" size=\"20\" \/>\n            <\/div>\n\n            <div class=\"loginrow password_holder\">\n                <input type=\"password\" name=\"user_password\" id=\"user_password_sh\" class=\"form-control\" placeholder=\"Contrase\u00f1a\" size=\"20\" \/>\n                <i class=\" far fa-eye-slash show_hide_password\"><\/i>\n            <\/div>\n            <div class=\"loginrow password_holder\">\n                <input type=\"password\" name=\"user_password_retype\" id=\"user_password_retype_sh\" class=\"form-control\" placeholder=\"Vuelva a escribir la contrase\u00f1a\" size=\"20\" \/>\n                <i class=\" far fa-eye-slash show_hide_password\"><\/i>\n            <\/div>\n            <div class=\"acc_radio\">\n            <input type=\"radio\" name=\"acc_type_sh\" id=\"acctype0\" value=\"1\" checked required>\n            <div class=\"radiolabel\" for=\"acctype0\">Reserve un camping<\/div><br>\n            <input type=\"radio\" name=\"acc_type_sh\" id=\"acctype1\" value=\"0\" required>\n            <div class=\"radiolabel\" for=\"acctype1\">Espacio de alquiler<\/div><\/div> \n        <input type=\"checkbox\" name=\"terms\" id=\"user_terms_register_sh_sh\">\n        <label id=\"user_terms_register_sh_label\" for=\"user_terms_register_sh\">Estoy de acuerdo con la <a href=\"https:\/\/www.camperstime.com\/es\/terms-and-conditions\" target=\"_blank\" id=\"user_terms_register_topbar_link\">Pol\u00edtica de privacidad<\/a> <\/label><div id=\"capthca_register_sh\" style=\"margin:10px 0px;float:left;transform:scale(1.02);-webkit-transform:scale(1.02);transform-origin:0 0;-webkit-transform-origin:0 0;\"><\/div><button\n               data-sitekey=\"6LeT3b0UAAAAAGYOBXcp_EpdlguztJziUkTzd1tS\" \n        data-callback=Wprentals_onSubmit\" \n        data-action=\"submit\"\n                 id=\"wp-submit-register_sh\"  style=\"margin-top:10px;\" class=\"wpb_button  wpb_btn-info  wpb_btn-small wpestate_vc_button  vc_button g-recaptcha\">Crea una cuenta<\/button>\n        <input type=\"hidden\" id=\"security-register_sh\" name=\"security-register\" value=\"e22fe5a08a-1778697200\"><\/div>[\/vc_column][\/vc_row][vc_row full_width=\u00bbstretch_row\u00bb css=\u00bb.vc_custom_1569742951369{padding-top: 40px !important;background-color: #ffffff !important;}\u00bb][vc_column][vc_column_text]<\/p>\n<h2 style=\"text-align: center; font-size: 32px;\">As\u00ed de f\u00e1cil<\/h2>\n<p>[\/vc_column_text][vc_zigzag color=\u00bbcustom\u00bb el_width=\u00bb40&#8243; css=\u00bb.vc_custom_1569941732960{margin-top: -20px !important;margin-bottom: 45px !important;}\u00bb custom_color=\u00bb#c6c6c6&#8243;][\/vc_column][\/vc_row][vc_row full_width=\u00bbstretch_row\u00bb css=\u00bb.vc_custom_1569747276886{margin-top: -30px !important;padding-bottom: 30px !important;background-color: #ffffff !important;}\u00bb][vc_column width=\u00bb1\/5&#8243;][vc_single_image image=\u00bb30309&#8243; img_size=\u00bbfull\u00bb alignment=\u00bbcenter\u00bb][vc_column_text]<\/p>\n<h3 style=\"text-align: center;\"><span style=\"color: #f4524d;\">Registro <\/span><\/h3>\n<p style=\"text-align: center;\">Reg\u00edstrese como camping o arrendador<br \/>\nsucesivamente. Despu\u00e9s de la activaci\u00f3n, obtendr\u00e1 acceso directo a su propio tablero.<\/p>\n<p>[\/vc_column_text][\/vc_column][vc_column width=\u00bb1\/5&#8243; el_class=\u00bbnomob\u00bb][vc_empty_space height=\u00bb245px\u00bb][vc_single_image image=\u00bb37317&#8243; img_size=\u00bbfull\u00bb alignment=\u00bbcenter\u00bb][\/vc_column][vc_column width=\u00bb1\/5&#8243;][vc_empty_space height=\u00bb52px\u00bb][vc_single_image image=\u00bb30386&#8243; img_size=\u00bbfull\u00bb alignment=\u00bbcenter\u00bb][vc_column_text]<\/p>\n<h3 style=\"text-align: center;\"><span style=\"color: #f4524d;\">Ingrese ofertas<\/span><\/h3>\n<p style=\"text-align: center;\">En su tablero puede ingresar su oferta de alquiler o su campamento directamente en la categor\u00eda respectiva. Una entrada se realiza r\u00e1pidamente y solo toma unos minutos.<\/p>\n<p>[\/vc_column_text][\/vc_column][vc_column width=\u00bb1\/5&#8243; el_class=\u00bbnomob\u00bb][vc_empty_space height=\u00bb205px\u00bb][vc_single_image image=\u00bb37310&#8243; img_size=\u00bbfull\u00bb alignment=\u00bbcenter\u00bb][\/vc_column][vc_column width=\u00bb1\/5&#8243; css=\u00bb.vc_custom_1571040512393{margin-top: -22px !important;}\u00bb][vc_single_image image=\u00bb30441&#8243; img_size=\u00bbfull\u00bb alignment=\u00bbcenter\u00bb][vc_column_text]<\/p>\n<h3 style=\"text-align: center;\"><span style=\"color: #f4524d;\">Reservas<\/span><\/h3>\n<p style=\"text-align: center;\">Si sus entradas est\u00e1n en l\u00ednea, puede aceptar las primeras reservas o reservas de nuevos clientes y generar el primer volumen de facturaci\u00f3n.<\/p>\n<p>[\/vc_column_text][\/vc_column][\/vc_row][vc_row full_width=\u00bbstretch_row\u00bb css=\u00bb.vc_custom_1569764973738{background-color: #f2f2f2 !important;}\u00bb][vc_column width=\u00bb1\/3&#8243;][vc_single_image image=\u00bb31253&#8243; img_size=\u00bbfull\u00bb][\/vc_column][vc_column width=\u00bb2\/3&#8243;][vc_column_text]<\/p>\n<h2><span style=\"font-size: 32px;\">Ingrese a su campamento directamente.<\/span><\/h2>\n<p>Presente su oferta o servicio en un portal de reservas profesional: podemos construir r\u00e1pida y profesionalmente el enlace y la red entre usted y sus futuros inquilinos.<\/p>\n<hr \/>\n<h3><span style=\"color: #f4524d;\">Reg\u00edstrese hoy para presentar sus ofertas de alquiler aqu\u00ed.<\/span><\/h3>\n<hr \/>\n<p>Ya sea un propietario privado o comercial, a continuaci\u00f3n encontrar\u00e1 toda la informaci\u00f3n importante y consejos \u00fatiles sobre c\u00f3mo puede contratar en autocaravanas sus ofertas de alquiler.[\/vc_column_text][\/vc_column][\/vc_row][vc_row full_width=\u00bbstretch_row\u00bb css=\u00bb.vc_custom_1569939428257{margin-top: 50px !important;}\u00bb][vc_column][vc_column_text]<\/p>\n<h2 style=\"text-align: center; font-size: 32px;\">Sus ventajas<\/h2>\n<p>[\/vc_column_text][vc_zigzag color=\u00bbcustom\u00bb el_width=\u00bb40&#8243; css=\u00bb.vc_custom_1569941747958{margin-top: -20px !important;margin-bottom: 45px !important;}\u00bb custom_color=\u00bb#c6c6c6&#8243;][\/vc_column][\/vc_row][vc_row full_width=\u00bbstretch_row\u00bb][vc_column width=\u00bb1\/6&#8243; el_class=\u00bbnomob\u00bb][vc_single_image image=\u00bb30393&#8243; img_size=\u00bbfull\u00bb][vc_empty_space height=\u00bb92px\u00bb][vc_single_image image=\u00bb30365&#8243; img_size=\u00bbfull\u00bb][vc_empty_space height=\u00bb92px\u00bb][vc_single_image image=\u00bb30330&#8243; img_size=\u00bbfull\u00bb][vc_empty_space height=\u00bb92px\u00bb][vc_single_image image=\u00bb30316&#8243; img_size=\u00bbfull\u00bb][\/vc_column][vc_column width=\u00bb1\/6&#8243; el_class=\u00bbnomob\u00bb][vc_empty_space height=\u00bb112px\u00bb][vc_single_image image=\u00bb37303&#8243; img_size=\u00bbfull\u00bb][vc_empty_space height=\u00bb82px\u00bb][vc_single_image image=\u00bb37303&#8243; img_size=\u00bbfull\u00bb][vc_empty_space height=\u00bb82px\u00bb][vc_single_image image=\u00bb37303&#8243; img_size=\u00bbfull\u00bb][\/vc_column][vc_column width=\u00bb4\/6&#8243;][vc_column_text el_class=\u00bbmlef\u00bb]<\/p>\n<p style=\"text-align: left; font-size: 20px; text-transform: uppercase; font-family: 'Fira Sans', sans-serif; color: #212121;\">SISTEMA DE RESERVA Y CALENDARIO DE RESERVA<\/p>\n<h3 style=\"text-align: left;\"><span style=\"color: #f4524d;\">Establecer disponibilidad<\/span><\/h3>\n<p style=\"text-align: left;\">El calendario de ocupaci\u00f3n muestra a los visitantes la disponibilidad actual u ocupaci\u00f3n de sus ofertas y servicios de alquiler. Tambi\u00e9n es posible una reserva en l\u00ednea directa o solicitud a trav\u00e9s de su propio sitio web. Sus datos de contacto son visibles en todas las variantes de registro, de modo que una reserva manual, p. por tel\u00e9fono o por correo electr\u00f3nico es posible. Alternativamente, tambi\u00e9n puede vincular a su propia p\u00e1gina de reserva, donde luego acepta las reservas.<\/p>\n<p>[\/vc_column_text][vc_empty_space][vc_column_text el_class=\u00bbmlef\u00bb]<\/p>\n<p style=\"text-align: left; font-size: 20px; text-transform: uppercase; font-family: 'Fira Sans', sans-serif; color: #212121;\">Gestionar reservas<\/p>\n<h3 style=\"text-align: left;\"><span style=\"color: #f4524d;\">Reserva en l\u00ednea &#8211; clave &#8211; para m\u00e1s ventas<\/span><\/h3>\n<p style=\"text-align: left;\">Ver todas las reservas y solicitudes de reserva de un vistazo en su panel de control. Si se ha realizado una reserva o reserva en su oferta o servicio, tambi\u00e9n se le notificar\u00e1 autom\u00e1ticamente por correo electr\u00f3nico para que pueda responder de inmediato. Si recibimos una solicitud individual, la enviaremos al proveedor correspondiente. Benef\u00edciese de ventas adicionales aqu\u00ed.<\/p>\n<p>[\/vc_column_text][vc_empty_space][vc_column_text el_class=\u00bbmlef\u00bb]<\/p>\n<p style=\"text-align: left; font-size: 20px; text-transform: uppercase; font-family: 'Fira Sans', sans-serif; color: #212121;\">Panel del propietario<\/p>\n<h3 style=\"text-align: left;\"><span style=\"color: #f4524d;\">Administrar cuenta<\/span><\/h3>\n<p style=\"text-align: left;\">El tablero ordenado del arrendador es el centro de todas las actividades relacionadas con la publicaci\u00f3n de sus ofertas y servicios de alquiler. Aqu\u00ed puede administrar y cambiar listados y entradas existentes y agregar nuevas entradas en cualquier momento. Tambi\u00e9n puede usar el tablero para comunicarse con sus clientes y ver sus \u00faltimas rese\u00f1as.<\/p>\n<p>[\/vc_column_text][vc_empty_space][vc_column_text el_class=\u00bbmlef\u00bb]<\/p>\n<p style=\"text-align: left; font-size: 20px; text-transform: uppercase; font-family: 'Fira Sans', sans-serif; color: #212121;\">Pago directo<\/p>\n<h3 style=\"text-align: left;\"><span style=\"color: #f4524d;\">Establecer opciones de pago<\/span><\/h3>\n<p style=\"text-align: left;\">A diferencia de muchos otros portales de reserva, un cliente siempre paga directamente a usted al hacer una reserva. Inmediatamente recibir\u00e1 su dinero sin tiempo de espera y podr\u00e1 disponer de \u00e9l despu\u00e9s de recibir el pago. Defina las opciones de pago usted mismo, si un cliente debe pagar de inmediato o m\u00e1s tarde mediante transferencia bancaria. Si un inquilino paga un dep\u00f3sito, dep\u00f3sito o una tarifa de reserva al hacer la reserva, tambi\u00e9n puede contratar.<\/p>\n<p>[\/vc_column_text][\/vc_column][\/vc_row][vc_row full_width=\u00bbstretch_row\u00bb css=\u00bb.vc_custom_1570023431559{margin-top: 50px !important;margin-bottom: -45px !important;background-color: #f2f2f2 !important;}\u00bb][vc_column width=\u00bb2\/3&#8243;][vc_column_text]<\/p>\n<h1 style=\"text-align: left;\">FAQ &#8211; Preguntas frecuentes<\/h1>\n<p>[\/vc_column_text][vc_toggle title=\u00bb\u00bfQui\u00e9n puede presentar sus ofertas aqu\u00ed?\u00bb style=\u00bbround_outline\u00bb]Todos, ya sean privados o comerciales, que operan un campamento, alquilan parcelas para caravanas o veh\u00edculos recreativos, pueden cesar sus ofertas de alquiler en la hora de acampar. Siempre es gratis crear un anuncio.[\/vc_toggle][vc_toggle title=\u00bb\u00bfQu\u00e9 pasa despu\u00e9s de mi registro?\u00bb style=\u00bbround_outline\u00bb]Despu\u00e9s de su registro, tiene acceso inmediato a su tablero con su perfil de usuario o proveedor almacenado. Ahora puede comenzar a crear sus ofertas de alquiler.[\/vc_toggle][vc_toggle title=\u00bb\u00bfCu\u00e1ndo se desbloquear\u00e1 una entrada?\u00bb style=\u00bbround_outline\u00bb]Despu\u00e9s de que haya registrado su campamento, verificamos que su informaci\u00f3n est\u00e9 completa y complementamos o cambiamos la entrada si es necesario. Si toda la informaci\u00f3n requerida est\u00e1 disponible, cambiaremos la entrada en vivo. Luego recibir\u00e1 un correo electr\u00f3nico al respecto.[\/vc_toggle][vc_toggle title=\u00bb\u00bfEs posible una entrada sin reservar en l\u00ednea?\u00bb style=\u00bbround_outline\u00bb]Usted decide si activar o no la funci\u00f3n \u00abreserva en l\u00ednea\u00bb. Si solo desea aceptar solicitudes de reserva para decidir m\u00e1s adelante si un cliente puede reservar una oferta de alquiler o no, esto es posible en cualquier momento.[\/vc_toggle][vc_toggle title=\u00bb\u00bfC\u00f3mo s\u00e9 cu\u00e1ndo se realiz\u00f3 una reserva?\u00bb style=\u00bbround_outline\u00bb]Si se recibe una reserva o una solicitud de reserva, recibir\u00e1 un mensaje a la direcci\u00f3n de correo electr\u00f3nico que ingres\u00f3 en el panel del usuario. Adem\u00e1s, siempre tiene una visi\u00f3n general de todas las reservas en el tablero.[\/vc_toggle][vc_toggle title=\u00bb\u00bfCu\u00e1nto me cuesta anunciar mi oferta?\u00bb style=\u00bbround_outline\u00bb]Todos los listados y entradas de operadores de campamentos o arrendadores de parcelas para autocaravanas, etc., ya sean privados o comerciales, son gratuitos y sin tarifas continuas.<br \/>\n<!--Auf jede Buchung, die Sie direkt \u00fcber camperstime erhalten erheben wir eine Provision in H\u00f6he von 5%, die mit Ihnen vorher vereinbart wird.-->[\/vc_toggle][vc_toggle title=\u00bb\u00bfA qui\u00e9n puedo contactar si tengo alguna pregunta?\u00bb style=\u00bbround_outline\u00bb]Nos complace ayudarlo si no obtiene la informaci\u00f3n que necesita aqu\u00ed. M\u00e1s informaci\u00f3n tambi\u00e9n est\u00e1 disponible directamente a pedido a trav\u00e9s de nuestro formulario de contacto o mediante los datos de contacto proporcionados.<br \/>\n<!--Auf jede Buchung, die Sie direkt \u00fcber camperstime erhalten erheben wir eine Provision in H\u00f6he von 5%, die mit Ihnen vorher vereinbart wird.-->[\/vc_toggle][vc_empty_space height=\u00bb52px\u00bb][\/vc_column][vc_column width=\u00bb1\/3&#8243; css=\u00bb.vc_custom_1583238376618{margin-top: 55px !important;padding-top: 40px !important;padding-right: 15px !important;padding-bottom: 15px !important;padding-left: 15px !important;background-color: #f4524d !important;}\u00bb][vc_column_text]<img loading=\"lazy\" decoding=\"async\" class=\"alignnone size-full wp-image-31300 aligncenter\" src=\"https:\/\/www.camperstime.com\/wp-content\/uploads\/2019\/10\/icon-telefon1.png\" alt=\"\" width=\"100\" height=\"105\" srcset=\"https:\/\/www.camperstime.com\/wp-content\/uploads\/2019\/10\/icon-telefon1.png 100w, https:\/\/www.camperstime.com\/wp-content\/uploads\/2019\/10\/icon-telefon1-20x20.png 20w\" sizes=\"auto, (max-width: 100px) 100vw, 100px\" \/><\/p>\n<h3 style=\"text-align: center;\"><span style=\"color: #ffffff;\">\u00bfTodav\u00eda tienes preguntas?<\/span><\/h3>\n<p style=\"text-align: center;\"><span style=\"color: #ffffff;\">Por favor, p\u00f3ngase en contacto con nuestro equipo de soporte directamente!<\/span><\/p>\n<p style=\"text-align: center;\"><a class=\"custom_wpestate_rentals\" href=\"\/es\/contact\">Contactar con soporte<\/a><\/p>\n<p>[\/vc_column_text][\/vc_column][\/vc_row]<\/p>\n<\/div>","protected":false},"excerpt":{"rendered":"<p>[vc_row full_width=\u00bbstretch_row\u00bb css=\u00bb.vc_custom_1583238148238{margin-top: -64px !important;padding-top: 10px !important;padding-bottom: 35px !important;background-color: #f4524d !important;}\u00bb][vc_column width=\u00bb2\/3&#8243;][vc_empty_space height=\u00bb132px\u00bb][vc_column_text] Registre su campamento directamente Cualquiera que dirija un campamento, tenga espacio o parcelas para caravanas o veh\u00edculos recreativos en alquiler, es justo lo que necesita. Publicar camping [\/vc_column_text][\/vc_column][vc_column width=\u00bb1\/3&#8243; el_class=\u00bbregno\u00bb][\/vc_column][\/vc_row][vc_row full_width=\u00bbstretch_row\u00bb css=\u00bb.vc_custom_1569742951369{padding-top: 40px !important;background-color: #ffffff !important;}\u00bb][vc_column][vc_column_text] As\u00ed de f\u00e1cil [\/vc_column_text][vc_zigzag color=\u00bbcustom\u00bb el_width=\u00bb40&#8243; &#8230;<\/p>\n","protected":false},"author":1,"featured_media":0,"parent":0,"menu_order":0,"comment_status":"closed","ping_status":"closed","template":"","meta":{"inline_featured_image":false,"footnotes":""},"class_list":["post-28512","page","type-page","status-publish","hentry"],"yoast_head":"<!-- This site is optimized with the Yoast SEO plugin v24.3 - https:\/\/yoast.com\/wordpress\/plugins\/seo\/ -->\n<title>Anuncie el estacionamiento del camping y de la autocaravana sin cargo<\/title>\n<meta name=\"description\" content=\"Cualquiera que dirija un campamento, tenga espacio o parcelas para caravanas o veh\u00edculos recreativos en alquiler, es justo lo que necesita.\" \/>\n<meta name=\"robots\" content=\"index, follow, max-snippet:-1, max-image-preview:large, max-video-preview:-1\" \/>\n<link rel=\"canonical\" href=\"https:\/\/www.camperstime.com\/es\/ingrese-a-sitios-de-camping-y-casas-rodantes\" \/>\n<meta property=\"og:locale\" content=\"es_ES\" \/>\n<meta property=\"og:type\" content=\"article\" \/>\n<meta property=\"og:title\" content=\"Anuncie el estacionamiento del camping y de la autocaravana sin cargo\" \/>\n<meta property=\"og:description\" content=\"Cualquiera que dirija un campamento, tenga espacio o parcelas para caravanas o veh\u00edculos recreativos en alquiler, es justo lo que necesita.\" \/>\n<meta property=\"og:url\" content=\"https:\/\/www.camperstime.com\/es\/ingrese-a-sitios-de-camping-y-casas-rodantes\" \/>\n<meta property=\"og:site_name\" content=\"camperstime\" \/>\n<meta property=\"article:modified_time\" content=\"2020-03-03T12:27:35+00:00\" \/>\n<meta property=\"og:image\" content=\"https:\/\/www.camperstime.com\/wp-content\/uploads\/2019\/10\/icon-telefon1.png\" \/>\n\t<meta property=\"og:image:width\" content=\"100\" \/>\n\t<meta property=\"og:image:height\" content=\"105\" \/>\n\t<meta property=\"og:image:type\" content=\"image\/png\" \/>\n<meta name=\"twitter:card\" content=\"summary_large_image\" \/>\n<meta name=\"twitter:label1\" content=\"Tiempo de lectura\" \/>\n\t<meta name=\"twitter:data1\" content=\"7 minutos\" \/>\n<script type=\"application\/ld+json\" class=\"yoast-schema-graph\">{\"@context\":\"https:\/\/schema.org\",\"@graph\":[{\"@type\":\"WebPage\",\"@id\":\"https:\/\/www.camperstime.com\/es\/ingrese-a-sitios-de-camping-y-casas-rodantes\",\"url\":\"https:\/\/www.camperstime.com\/es\/ingrese-a-sitios-de-camping-y-casas-rodantes\",\"name\":\"Anuncie el estacionamiento del camping y de la autocaravana sin cargo\",\"isPartOf\":{\"@id\":\"https:\/\/www.camperstime.com\/es#website\"},\"primaryImageOfPage\":{\"@id\":\"https:\/\/www.camperstime.com\/es\/ingrese-a-sitios-de-camping-y-casas-rodantes#primaryimage\"},\"image\":{\"@id\":\"https:\/\/www.camperstime.com\/es\/ingrese-a-sitios-de-camping-y-casas-rodantes#primaryimage\"},\"thumbnailUrl\":\"https:\/\/www.camperstime.com\/wp-content\/uploads\/2019\/10\/icon-telefon1.png\",\"datePublished\":\"2019-08-14T08:31:38+00:00\",\"dateModified\":\"2020-03-03T12:27:35+00:00\",\"description\":\"Cualquiera que dirija un campamento, tenga espacio o parcelas para caravanas o veh\u00edculos recreativos en alquiler, es justo lo que necesita.\",\"breadcrumb\":{\"@id\":\"https:\/\/www.camperstime.com\/es\/ingrese-a-sitios-de-camping-y-casas-rodantes#breadcrumb\"},\"inLanguage\":\"es\",\"potentialAction\":[{\"@type\":\"ReadAction\",\"target\":[\"https:\/\/www.camperstime.com\/es\/ingrese-a-sitios-de-camping-y-casas-rodantes\"]}]},{\"@type\":\"ImageObject\",\"inLanguage\":\"es\",\"@id\":\"https:\/\/www.camperstime.com\/es\/ingrese-a-sitios-de-camping-y-casas-rodantes#primaryimage\",\"url\":\"https:\/\/www.camperstime.com\/wp-content\/uploads\/2019\/10\/icon-telefon1.png\",\"contentUrl\":\"https:\/\/www.camperstime.com\/wp-content\/uploads\/2019\/10\/icon-telefon1.png\"},{\"@type\":\"BreadcrumbList\",\"@id\":\"https:\/\/www.camperstime.com\/es\/ingrese-a-sitios-de-camping-y-casas-rodantes#breadcrumb\",\"itemListElement\":[{\"@type\":\"ListItem\",\"position\":1,\"name\":\"Startseite\",\"item\":\"https:\/\/www.camperstime.com\/es\"},{\"@type\":\"ListItem\",\"position\":2,\"name\":\"Ingrese a sitios de camping y casas rodantes\"}]},{\"@type\":\"WebSite\",\"@id\":\"https:\/\/www.camperstime.com\/es#website\",\"url\":\"https:\/\/www.camperstime.com\/es\",\"name\":\"camperstime\",\"description\":\"Themen und Artikel rund um einen Campingurlaub\",\"potentialAction\":[{\"@type\":\"SearchAction\",\"target\":{\"@type\":\"EntryPoint\",\"urlTemplate\":\"https:\/\/www.camperstime.com\/es?s={search_term_string}\"},\"query-input\":{\"@type\":\"PropertyValueSpecification\",\"valueRequired\":true,\"valueName\":\"search_term_string\"}}],\"inLanguage\":\"es\"}]}<\/script>\n<!-- \/ Yoast SEO plugin. -->","yoast_head_json":{"title":"Anuncie el estacionamiento del camping y de la autocaravana sin cargo","description":"Cualquiera que dirija un campamento, tenga espacio o parcelas para caravanas o veh\u00edculos recreativos en alquiler, es justo lo que necesita.","robots":{"index":"index","follow":"follow","max-snippet":"max-snippet:-1","max-image-preview":"max-image-preview:large","max-video-preview":"max-video-preview:-1"},"canonical":"https:\/\/www.camperstime.com\/es\/ingrese-a-sitios-de-camping-y-casas-rodantes","og_locale":"es_ES","og_type":"article","og_title":"Anuncie el estacionamiento del camping y de la autocaravana sin cargo","og_description":"Cualquiera que dirija un campamento, tenga espacio o parcelas para caravanas o veh\u00edculos recreativos en alquiler, es justo lo que necesita.","og_url":"https:\/\/www.camperstime.com\/es\/ingrese-a-sitios-de-camping-y-casas-rodantes","og_site_name":"camperstime","article_modified_time":"2020-03-03T12:27:35+00:00","og_image":[{"width":100,"height":105,"url":"https:\/\/www.camperstime.com\/wp-content\/uploads\/2019\/10\/icon-telefon1.png","type":"image\/png"}],"twitter_card":"summary_large_image","twitter_misc":{"Tiempo de lectura":"7 minutos"},"schema":{"@context":"https:\/\/schema.org","@graph":[{"@type":"WebPage","@id":"https:\/\/www.camperstime.com\/es\/ingrese-a-sitios-de-camping-y-casas-rodantes","url":"https:\/\/www.camperstime.com\/es\/ingrese-a-sitios-de-camping-y-casas-rodantes","name":"Anuncie el estacionamiento del camping y de la autocaravana sin cargo","isPartOf":{"@id":"https:\/\/www.camperstime.com\/es#website"},"primaryImageOfPage":{"@id":"https:\/\/www.camperstime.com\/es\/ingrese-a-sitios-de-camping-y-casas-rodantes#primaryimage"},"image":{"@id":"https:\/\/www.camperstime.com\/es\/ingrese-a-sitios-de-camping-y-casas-rodantes#primaryimage"},"thumbnailUrl":"https:\/\/www.camperstime.com\/wp-content\/uploads\/2019\/10\/icon-telefon1.png","datePublished":"2019-08-14T08:31:38+00:00","dateModified":"2020-03-03T12:27:35+00:00","description":"Cualquiera que dirija un campamento, tenga espacio o parcelas para caravanas o veh\u00edculos recreativos en alquiler, es justo lo que necesita.","breadcrumb":{"@id":"https:\/\/www.camperstime.com\/es\/ingrese-a-sitios-de-camping-y-casas-rodantes#breadcrumb"},"inLanguage":"es","potentialAction":[{"@type":"ReadAction","target":["https:\/\/www.camperstime.com\/es\/ingrese-a-sitios-de-camping-y-casas-rodantes"]}]},{"@type":"ImageObject","inLanguage":"es","@id":"https:\/\/www.camperstime.com\/es\/ingrese-a-sitios-de-camping-y-casas-rodantes#primaryimage","url":"https:\/\/www.camperstime.com\/wp-content\/uploads\/2019\/10\/icon-telefon1.png","contentUrl":"https:\/\/www.camperstime.com\/wp-content\/uploads\/2019\/10\/icon-telefon1.png"},{"@type":"BreadcrumbList","@id":"https:\/\/www.camperstime.com\/es\/ingrese-a-sitios-de-camping-y-casas-rodantes#breadcrumb","itemListElement":[{"@type":"ListItem","position":1,"name":"Startseite","item":"https:\/\/www.camperstime.com\/es"},{"@type":"ListItem","position":2,"name":"Ingrese a sitios de camping y casas rodantes"}]},{"@type":"WebSite","@id":"https:\/\/www.camperstime.com\/es#website","url":"https:\/\/www.camperstime.com\/es","name":"camperstime","description":"Themen und Artikel rund um einen Campingurlaub","potentialAction":[{"@type":"SearchAction","target":{"@type":"EntryPoint","urlTemplate":"https:\/\/www.camperstime.com\/es?s={search_term_string}"},"query-input":{"@type":"PropertyValueSpecification","valueRequired":true,"valueName":"search_term_string"}}],"inLanguage":"es"}]}},"_links":{"self":[{"href":"https:\/\/www.camperstime.com\/es\/wp-json\/wp\/v2\/pages\/28512","targetHints":{"allow":["GET"]}}],"collection":[{"href":"https:\/\/www.camperstime.com\/es\/wp-json\/wp\/v2\/pages"}],"about":[{"href":"https:\/\/www.camperstime.com\/es\/wp-json\/wp\/v2\/types\/page"}],"author":[{"embeddable":true,"href":"https:\/\/www.camperstime.com\/es\/wp-json\/wp\/v2\/users\/1"}],"replies":[{"embeddable":true,"href":"https:\/\/www.camperstime.com\/es\/wp-json\/wp\/v2\/comments?post=28512"}],"version-history":[{"count":0,"href":"https:\/\/www.camperstime.com\/es\/wp-json\/wp\/v2\/pages\/28512\/revisions"}],"wp:attachment":[{"href":"https:\/\/www.camperstime.com\/es\/wp-json\/wp\/v2\/media?parent=28512"}],"curies":[{"name":"wp","href":"https:\/\/api.w.org\/{rel}","templated":true}]}}