{"id":28500,"date":"2015-04-20T13:10:02","date_gmt":"2015-04-20T13:10:02","guid":{"rendered":"https:\/\/www.camperstime.com\/blog-list"},"modified":"2019-10-04T09:06:03","modified_gmt":"2019-10-04T09:06:03","slug":"blog-de-viajes","status":"publish","type":"page","link":"https:\/\/www.camperstime.com\/es\/blog-de-viajes","title":{"rendered":"Blog de viajes"},"content":{"rendered":"","protected":false},"excerpt":{"rendered":"","protected":false},"author":1,"featured_media":0,"parent":0,"menu_order":0,"comment_status":"open","ping_status":"open","template":"blog_list.php","meta":{"inline_featured_image":false,"footnotes":""},"class_list":["post-28500","page","type-page","status-publish","hentry"],"yoast_head":"<!-- This site is optimized with the Yoast SEO plugin v24.3 - https:\/\/yoast.com\/wordpress\/plugins\/seo\/ -->\n<title>Blog de viajes: temas y art\u00edculos sobre vacaciones en camping<\/title>\n<meta name=\"description\" content=\"Aqu\u00ed encontrar\u00e1 interesantes ideas de viaje e inspiraciones, as\u00ed como noticias para las pr\u00f3ximas vacaciones en camping o viaje en autocaravana.\" \/>\n<meta name=\"robots\" content=\"index, follow, max-snippet:-1, max-image-preview:large, max-video-preview:-1\" \/>\n<link rel=\"canonical\" href=\"https:\/\/www.camperstime.com\/es\/blog-de-viajes\" \/>\n<meta property=\"og:locale\" content=\"es_ES\" \/>\n<meta property=\"og:type\" content=\"article\" \/>\n<meta property=\"og:title\" content=\"Blog de viajes: temas y art\u00edculos sobre vacaciones en camping\" \/>\n<meta property=\"og:description\" content=\"Aqu\u00ed encontrar\u00e1 interesantes ideas de viaje e inspiraciones, as\u00ed como noticias para las pr\u00f3ximas vacaciones en camping o viaje en autocaravana.\" \/>\n<meta property=\"og:url\" content=\"https:\/\/www.camperstime.com\/es\/blog-de-viajes\" \/>\n<meta property=\"og:site_name\" content=\"camperstime\" \/>\n<meta property=\"article:modified_time\" content=\"2019-10-04T09:06:03+00:00\" \/>\n<meta name=\"twitter:card\" content=\"summary_large_image\" \/>\n<script type=\"application\/ld+json\" class=\"yoast-schema-graph\">{\"@context\":\"https:\/\/schema.org\",\"@graph\":[{\"@type\":\"WebPage\",\"@id\":\"https:\/\/www.camperstime.com\/es\/blog-de-viajes\",\"url\":\"https:\/\/www.camperstime.com\/es\/blog-de-viajes\",\"name\":\"Blog de viajes: temas y art\u00edculos sobre vacaciones en camping\",\"isPartOf\":{\"@id\":\"https:\/\/www.camperstime.com\/es#website\"},\"datePublished\":\"2015-04-20T13:10:02+00:00\",\"dateModified\":\"2019-10-04T09:06:03+00:00\",\"description\":\"Aqu\u00ed encontrar\u00e1 interesantes ideas de viaje e inspiraciones, as\u00ed como noticias para las pr\u00f3ximas vacaciones en camping o viaje en autocaravana.\",\"breadcrumb\":{\"@id\":\"https:\/\/www.camperstime.com\/es\/blog-de-viajes#breadcrumb\"},\"inLanguage\":\"es\",\"potentialAction\":[{\"@type\":\"ReadAction\",\"target\":[\"https:\/\/www.camperstime.com\/es\/blog-de-viajes\"]}]},{\"@type\":\"BreadcrumbList\",\"@id\":\"https:\/\/www.camperstime.com\/es\/blog-de-viajes#breadcrumb\",\"itemListElement\":[{\"@type\":\"ListItem\",\"position\":1,\"name\":\"Startseite\",\"item\":\"https:\/\/www.camperstime.com\/es\"},{\"@type\":\"ListItem\",\"position\":2,\"name\":\"Blog de viajes\"}]},{\"@type\":\"WebSite\",\"@id\":\"https:\/\/www.camperstime.com\/es#website\",\"url\":\"https:\/\/www.camperstime.com\/es\",\"name\":\"camperstime\",\"description\":\"Themen und Artikel rund um einen Campingurlaub\",\"potentialAction\":[{\"@type\":\"SearchAction\",\"target\":{\"@type\":\"EntryPoint\",\"urlTemplate\":\"https:\/\/www.camperstime.com\/es?s={search_term_string}\"},\"query-input\":{\"@type\":\"PropertyValueSpecification\",\"valueRequired\":true,\"valueName\":\"search_term_string\"}}],\"inLanguage\":\"es\"}]}<\/script>\n<!-- \/ Yoast SEO plugin. -->","yoast_head_json":{"title":"Blog de viajes: temas y art\u00edculos sobre vacaciones en camping","description":"Aqu\u00ed encontrar\u00e1 interesantes ideas de viaje e inspiraciones, as\u00ed como noticias para las pr\u00f3ximas vacaciones en camping o viaje en autocaravana.","robots":{"index":"index","follow":"follow","max-snippet":"max-snippet:-1","max-image-preview":"max-image-preview:large","max-video-preview":"max-video-preview:-1"},"canonical":"https:\/\/www.camperstime.com\/es\/blog-de-viajes","og_locale":"es_ES","og_type":"article","og_title":"Blog de viajes: temas y art\u00edculos sobre vacaciones en camping","og_description":"Aqu\u00ed encontrar\u00e1 interesantes ideas de viaje e inspiraciones, as\u00ed como noticias para las pr\u00f3ximas vacaciones en camping o viaje en autocaravana.","og_url":"https:\/\/www.camperstime.com\/es\/blog-de-viajes","og_site_name":"camperstime","article_modified_time":"2019-10-04T09:06:03+00:00","twitter_card":"summary_large_image","schema":{"@context":"https:\/\/schema.org","@graph":[{"@type":"WebPage","@id":"https:\/\/www.camperstime.com\/es\/blog-de-viajes","url":"https:\/\/www.camperstime.com\/es\/blog-de-viajes","name":"Blog de viajes: temas y art\u00edculos sobre vacaciones en camping","isPartOf":{"@id":"https:\/\/www.camperstime.com\/es#website"},"datePublished":"2015-04-20T13:10:02+00:00","dateModified":"2019-10-04T09:06:03+00:00","description":"Aqu\u00ed encontrar\u00e1 interesantes ideas de viaje e inspiraciones, as\u00ed como noticias para las pr\u00f3ximas vacaciones en camping o viaje en autocaravana.","breadcrumb":{"@id":"https:\/\/www.camperstime.com\/es\/blog-de-viajes#breadcrumb"},"inLanguage":"es","potentialAction":[{"@type":"ReadAction","target":["https:\/\/www.camperstime.com\/es\/blog-de-viajes"]}]},{"@type":"BreadcrumbList","@id":"https:\/\/www.camperstime.com\/es\/blog-de-viajes#breadcrumb","itemListElement":[{"@type":"ListItem","position":1,"name":"Startseite","item":"https:\/\/www.camperstime.com\/es"},{"@type":"ListItem","position":2,"name":"Blog de viajes"}]},{"@type":"WebSite","@id":"https:\/\/www.camperstime.com\/es#website","url":"https:\/\/www.camperstime.com\/es","name":"camperstime","description":"Themen und Artikel rund um einen Campingurlaub","potentialAction":[{"@type":"SearchAction","target":{"@type":"EntryPoint","urlTemplate":"https:\/\/www.camperstime.com\/es?s={search_term_string}"},"query-input":{"@type":"PropertyValueSpecification","valueRequired":true,"valueName":"search_term_string"}}],"inLanguage":"es"}]}},"_links":{"self":[{"href":"https:\/\/www.camperstime.com\/es\/wp-json\/wp\/v2\/pages\/28500","targetHints":{"allow":["GET"]}}],"collection":[{"href":"https:\/\/www.camperstime.com\/es\/wp-json\/wp\/v2\/pages"}],"about":[{"href":"https:\/\/www.camperstime.com\/es\/wp-json\/wp\/v2\/types\/page"}],"author":[{"embeddable":true,"href":"https:\/\/www.camperstime.com\/es\/wp-json\/wp\/v2\/users\/1"}],"replies":[{"embeddable":true,"href":"https:\/\/www.camperstime.com\/es\/wp-json\/wp\/v2\/comments?post=28500"}],"version-history":[{"count":0,"href":"https:\/\/www.camperstime.com\/es\/wp-json\/wp\/v2\/pages\/28500\/revisions"}],"wp:attachment":[{"href":"https:\/\/www.camperstime.com\/es\/wp-json\/wp\/v2\/media?parent=28500"}],"curies":[{"name":"wp","href":"https:\/\/api.w.org\/{rel}","templated":true}]}}